{"id":147,"date":"2017-09-05T20:53:03","date_gmt":"2017-09-06T00:53:03","guid":{"rendered":"https:\/\/ppgrn.ufms.br\/?page_id=147"},"modified":"2025-06-24T14:25:55","modified_gmt":"2025-06-24T18:25:55","slug":"formularios-e-arquivos","status":"publish","type":"page","link":"https:\/\/ppgagronomiacpcs.ufms.br\/en\/formularios-e-arquivos\/","title":{"rendered":"Forms and Archives"},"content":{"rendered":"<table style=\"height: 1360px\" width=\"628\">\n<tbody>\n<tr>\n<td><strong>REGULATION<\/strong><\/td>\n<\/tr>\n<tr>\n<td><strong><a href=\"https:\/\/ppgagronomiacpcs.ufms.br\/files\/2017\/09\/Resolu\u00e7\u00e3o-n\u00ba-301_2017-Normas-para-P\u00f3s-Gradua\u00e7\u00e3o-Stricto-Sensu-UFMS.pdf\">Resolution No. 301_2017 &#8211; Standards for UFMS Stricto Sensu Graduate<\/a><\/strong><\/td>\n<\/tr>\n<tr>\n<td style=\"text-align: justify\"><a href=\"https:\/\/ppgagronomiacpcs.ufms.br\/files\/2017\/09\/Resolu\u00e7\u00e3o-n\u00ba-23_2014-Regulamento-do-Curso-de-Mestrado-em-Agronomia-1.pdf\">Resolution-No-23_2014<\/a><\/td>\n<\/tr>\n<tr>\n<td><\/td>\n<\/tr>\n<tr>\n<td><\/td>\n<\/tr>\n<tr>\n<td><strong>DOCUMENTS SECRETARY<\/strong><\/td>\n<\/tr>\n<tr>\n<td><a href=\"https:\/\/ppgagronomiacpcs.ufms.br\/files\/2017\/09\/Ficha-de-Cadastro-de-alunos-1.doc\">Student Registration Form<\/a><\/td>\n<\/tr>\n<tr>\n<td><a href=\"https:\/\/ppgagronomiacpcs.ufms.br\/files\/2017\/09\/Plano-de-Estudos-1.doc\">Study Plan<\/a><\/td>\n<\/tr>\n<tr>\n<td><a href=\"https:\/\/ppgagronomiacpcs.ufms.br\/files\/2017\/09\/Requerimento-unico-PPGA-1.doc\">Unique Requirement-PPGA<\/a><\/td>\n<\/tr>\n<tr>\n<td><a href=\"https:\/\/ppgagronomiacpcs.ufms.br\/files\/2017\/09\/Requerimento-de-Matricula-em-Disciplina-1.doc\">Course Registration Requirement<\/a><\/td>\n<\/tr>\n<tr>\n<td><a href=\"https:\/\/ppgagronomiacpcs.ufms.br\/files\/2017\/09\/Requerimento-Aproveitamento-de-Creditos-1.doc\">Credit Application Requirement<\/a><\/td>\n<\/tr>\n<tr>\n<td><a href=\"https:\/\/ppgagronomiacpcs.ufms.br\/files\/2017\/09\/Requerimento-de-trancamento-de-matricula-1.doc\">Registration Lock Requirement<\/a><\/td>\n<\/tr>\n<tr>\n<td><a href=\"https:\/\/ppgagronomiacpcs.ufms.br\/files\/2017\/09\/Requerimento-Aluno-Especial-1.doc\">Special Student Requirement<\/a><\/td>\n<\/tr>\n<tr>\n<td><a href=\"https:\/\/ppgagronomiacpcs.ufms.br\/files\/2017\/09\/Relat\u00f3rio-semestral-de-atividades-\u2013-bolsistas-do-programa-demanda-social_capes-1.doc\">Semiannual report of activities \u2013 fellows social demand program &#8211; capes<\/a><\/td>\n<\/tr>\n<tr>\n<td><\/td>\n<\/tr>\n<tr>\n<td><\/td>\n<\/tr>\n<tr>\n<td><strong>INTERNSHIP TEACHING<\/strong><\/td>\n<\/tr>\n<tr>\n<td><a href=\"https:\/\/ppgagronomiacpcs.ufms.br\/files\/2017\/09\/Plano-Estagio-Docencia_-1.doc\">Internship Teaching Plan<\/a><\/td>\n<\/tr>\n<tr>\n<td><a href=\"https:\/\/ppgagronomiacpcs.ufms.br\/files\/2017\/09\/Relatorio-Estagio-de-Docencia-1.doc\">Internship Teaching Report<\/a><\/td>\n<\/tr>\n<tr>\n<td><\/td>\n<\/tr>\n<tr>\n<td><\/td>\n<\/tr>\n<tr>\n<td><strong>RESEARCH PROJECT<\/strong><\/td>\n<\/tr>\n<tr>\n<td><a href=\"https:\/\/ppgagronomiacpcs.ufms.br\/files\/2017\/09\/Normas-Projeto-de-Pesquisa.pdf\">Research Project Standards<\/a><\/td>\n<\/tr>\n<tr>\n<td><a href=\"https:\/\/ppgagronomiacpcs.ufms.br\/files\/2017\/09\/Modelo-capa-Projeto-de-pesquisa.doc\">Cover page template for Research project<\/a><\/td>\n<\/tr>\n<tr>\n<td><a href=\"https:\/\/ppgagronomiacpcs.ufms.br\/files\/2017\/09\/Modelo-folha-de-rosto-projeto-de-pesquisa.doc\">Title page template for Research Project<\/a><\/td>\n<\/tr>\n<tr>\n<td><\/td>\n<\/tr>\n<tr>\n<td><\/td>\n<\/tr>\n<tr>\n<td><strong>QUALIFICATION<\/strong><\/td>\n<\/tr>\n<tr>\n<td><a href=\"https:\/\/ppgagronomiacpcs.ufms.br\/files\/2017\/09\/Requerimento_de_Qualificacao-1.pdf\">Requirement_of_Qualification<\/a><\/td>\n<\/tr>\n<tr>\n<td><a href=\"https:\/\/ppgagronomiacpcs.ufms.br\/files\/2017\/09\/Normas-qualifica\u00e7\u00e3o-de-mestrado.pdf\">Master\u2019s qualification standards<\/a><\/td>\n<\/tr>\n<tr>\n<td><a href=\"https:\/\/ppgagronomiacpcs.ufms.br\/files\/2017\/09\/Modelo-Capa-qualifica\u00e7\u00e3o.doc\">Cover page template for qualification<\/a><\/td>\n<\/tr>\n<tr>\n<td><a href=\"https:\/\/ppgagronomiacpcs.ufms.br\/files\/2017\/09\/Modelo-folha-de-rosto-qualifica\u00e7\u00e3o-2.doc\">Title page template for qualification<\/a><\/td>\n<\/tr>\n<tr>\n<td><\/td>\n<\/tr>\n<tr>\n<td><\/td>\n<\/tr>\n<tr>\n<td><strong>DISSERTATION<\/strong><\/td>\n<\/tr>\n<tr>\n<td><a href=\"https:\/\/ppgagronomiacpcs.ufms.br\/files\/2017\/09\/Normas-Disserta\u00e7\u00e3o-Mestrado.pdf\">Master Dissertation Standards<\/a><\/td>\n<\/tr>\n<tr>\n<td><a href=\"https:\/\/ppgagronomiacpcs.ufms.br\/files\/2017\/09\/Modelo-Capa-Disserta\u00e7\u00e3o.doc\">Cover page template for dissertation<\/a><\/td>\n<\/tr>\n<tr>\n<td><a href=\"https:\/\/ppgagronomiacpcs.ufms.br\/files\/2017\/09\/Modelo-folha-de-rosto-Disserta\u00e7\u00e3o.doc\">Title page templatefor dissertation<\/a><\/td>\n<\/tr>\n<tr>\n<td><a href=\"https:\/\/ppgagronomiacpcs.ufms.br\/files\/2017\/09\/Modelo-folha-de-aprova\u00e7\u00e3o-Disserta\u00e7\u00e3o.doc\">Dissertation Approval Sheet Template<\/a><\/td>\n<\/tr>\n<tr>\n<td><a href=\"https:\/\/ppgagronomiacpcs.ufms.br\/files\/2017\/09\/Requerimento-de-Defesa-de-Disserta\u00e7\u00e3o-1.doc\">Dissertation Defense Requirement<\/a><\/td>\n<\/tr>\n<tr>\n<td><a href=\"https:\/\/ppgagronomiacpcs.ufms.br\/files\/2017\/09\/Termo-de-Autoriza\u00e7\u00e3o-para-Publica\u00e7\u00e3o-na-Biblioteca-Digital-de-Teses-e-Disserta\u00e7\u00f5es-da-UFMS_MODELO-1.doc\">Authorization Term for Publication in the Digital Library of Theses and Dissertations of UFMS_TEMPLATE<\/a><\/td>\n<\/tr>\n<tr>\n<td><a href=\"https:\/\/ppgagronomiacpcs.ufms.br\/files\/2017\/09\/Modelo-da-capa-do-CD-Disserta\u00e7\u00e3o-1.doc\">CD-cover Template -Dissertation<\/a><\/td>\n<\/tr>\n<tr>\n<td><a href=\"https:\/\/ppgagronomiacpcs.ufms.br\/files\/2017\/09\/Modelo-da-etiqueta-do-CD-Disserta\u00e7\u00e3o-1.doc\">CD-Label-Template-Dissertation<\/a><\/td>\n<\/tr>\n<\/tbody>\n<\/table>","protected":false},"excerpt":{"rendered":"<p>REGULATION Resolution No. 301_2017 &#8211; Standards for UFMS Stricto Sensu Graduate Resolution-No-23_2014 DOCUMENTS SECRETARY Student Registration Form Study Plan Unique Requirement-PPGA Course Registration Requirement Credit Application Requirement Registration Lock Requirement Special Student Requirement Semiannual report of activities \u2013 fellows social demand program &#8211; capes INTERNSHIP TEACHING Internship Teaching Plan Internship Teaching Report RESEARCH PROJECT Research [&hellip;]<\/p>\n","protected":false},"author":3445,"featured_media":0,"parent":0,"menu_order":0,"comment_status":"closed","ping_status":"closed","template":"","meta":{"footnotes":""},"coauthors":[8],"class_list":["post-147","page","type-page","status-publish","hentry"],"_links":{"self":[{"href":"https:\/\/ppgagronomiacpcs.ufms.br\/en\/wp-json\/wp\/v2\/pages\/147","targetHints":{"allow":["GET"]}}],"collection":[{"href":"https:\/\/ppgagronomiacpcs.ufms.br\/en\/wp-json\/wp\/v2\/pages"}],"about":[{"href":"https:\/\/ppgagronomiacpcs.ufms.br\/en\/wp-json\/wp\/v2\/types\/page"}],"author":[{"embeddable":true,"href":"https:\/\/ppgagronomiacpcs.ufms.br\/en\/wp-json\/wp\/v2\/users\/3445"}],"replies":[{"embeddable":true,"href":"https:\/\/ppgagronomiacpcs.ufms.br\/en\/wp-json\/wp\/v2\/comments?post=147"}],"version-history":[{"count":26,"href":"https:\/\/ppgagronomiacpcs.ufms.br\/en\/wp-json\/wp\/v2\/pages\/147\/revisions"}],"predecessor-version":[{"id":2781,"href":"https:\/\/ppgagronomiacpcs.ufms.br\/en\/wp-json\/wp\/v2\/pages\/147\/revisions\/2781"}],"wp:attachment":[{"href":"https:\/\/ppgagronomiacpcs.ufms.br\/en\/wp-json\/wp\/v2\/media?parent=147"}],"wp:term":[{"taxonomy":"author","embeddable":true,"href":"https:\/\/ppgagronomiacpcs.ufms.br\/en\/wp-json\/wp\/v2\/coauthors?post=147"}],"curies":[{"name":"wp","href":"https:\/\/api.w.org\/{rel}","templated":true}]}}