{"id":277,"date":"2018-04-09T13:54:18","date_gmt":"2018-04-09T17:54:18","guid":{"rendered":"https:\/\/ppgagronomiacpcs.ufms.br\/?page_id=277"},"modified":"2025-07-02T09:42:35","modified_gmt":"2025-07-02T13:42:35","slug":"colegiado","status":"publish","type":"page","link":"https:\/\/ppgagronomiacpcs.ufms.br\/en\/colegiado\/","title":{"rendered":"Collegiate"},"content":{"rendered":"<table style=\"height: 391px\" width=\"737\">\n<tbody>\n<tr>\n<td width=\"198\"><strong>Member<\/strong><\/td>\n<td width=\"19\"><strong>\u00a0<\/strong><\/td>\n<td width=\"170\"><strong>Office<\/strong><\/td>\n<td width=\"19\"><strong>\u00a0<\/strong><\/td>\n<td width=\"198\"><strong>Email<\/strong><\/td>\n<td width=\"113\"><strong>Telephone<\/strong><\/td>\n<\/tr>\n<tr>\n<td width=\"198\"><a href=\"http:\/\/lattes.cnpq.br\/9130038433176378\">Charline Zaratin Alves<\/a><\/td>\n<td width=\"19\"><\/td>\n<td width=\"170\">President<\/td>\n<td width=\"19\"><\/td>\n<td width=\"198\">charline.alves@ufms.br<\/td>\n<td width=\"113\">(67)3562-6326<\/td>\n<\/tr>\n<tr>\n<td width=\"198\"><a href=\"http:\/\/lattes.cnpq.br\/5720701444145747\">Fabio Henrique Rojo Baio<\/a><\/td>\n<td width=\"19\"><\/td>\n<td width=\"170\">Professor Representative<\/td>\n<td width=\"19\"><\/td>\n<td width=\"198\">fabiobaio@ufms.br<\/td>\n<td width=\"113\">(67)3562-6314<\/td>\n<\/tr>\n<tr>\n<td width=\"198\"><a href=\"http:\/\/lattes.cnpq.br\/4988246242311444\">Cid Naudi Silva Campos<\/a><\/td>\n<td width=\"19\"><\/td>\n<td width=\"170\">Professor Representative<\/td>\n<td width=\"19\"><\/td>\n<td width=\"198\">cid.campos@ufms.br<\/td>\n<td width=\"113\">(67)3562-6356<\/td>\n<\/tr>\n<tr>\n<td width=\"198\"><a href=\"http:\/\/lattes.cnpq.br\/2586706974189565\">Sebasti\u00e3o Ferreira de Lima<\/a><\/td>\n<td width=\"19\"><\/td>\n<td width=\"170\">Professor Representative<\/td>\n<td width=\"19\"><\/td>\n<td width=\"198\">sebastiao.lima@ufms.br<\/td>\n<td width=\"113\">(67)3562-6316<\/td>\n<\/tr>\n<tr>\n<td width=\"198\"><a href=\"http:\/\/lattes.cnpq.br\/9969509263734624\">Rita de C\u00e1ssia F\u00e9lix Alvarez<\/a><\/td>\n<td width=\"19\"><\/td>\n<td width=\"170\">Professor Representative<\/td>\n<td width=\"19\"><\/td>\n<td width=\"198\">rita.alvarez@ufms.br<\/td>\n<td width=\"113\">(67)3562-6357<\/td>\n<\/tr>\n<tr>\n<td width=\"198\"><a href=\"http:\/\/lattes.cnpq.br\/1066374409060112\">Elisangela de Souza Loureiro<\/a><\/td>\n<td width=\"19\"><\/td>\n<td width=\"170\">Professor Representative<\/td>\n<td width=\"19\"><\/td>\n<td width=\"198\">elisangela.loureiro@ufms.br<\/td>\n<td width=\"113\">(67)3562-6354<\/td>\n<\/tr>\n<tr>\n<td width=\"198\"><a href=\"http:\/\/buscatextual.cnpq.br\/buscatextual\/visualizacv.do?id=K4805011Y3\" target=\"_blank\" rel=\"noopener noreferrer\">Othon Lauar Godinho<\/a><\/td>\n<td width=\"19\"><\/td>\n<td width=\"170\">Student Representative<\/td>\n<td width=\"19\"><\/td>\n<td width=\"198\">othonforester@gmail.com<\/td>\n<td width=\"113\"><\/td>\n<\/tr>\n<\/tbody>\n<\/table>","protected":false},"excerpt":{"rendered":"<p>Member \u00a0 Office \u00a0 Email Telephone Charline Zaratin Alves President charline.alves@ufms.br (67)3562-6326 Fabio Henrique Rojo Baio Professor Representative fabiobaio@ufms.br (67)3562-6314 Cid Naudi Silva Campos Professor Representative cid.campos@ufms.br (67)3562-6356 Sebasti\u00e3o Ferreira de Lima Professor Representative sebastiao.lima@ufms.br (67)3562-6316 Rita de C\u00e1ssia F\u00e9lix Alvarez Professor Representative rita.alvarez@ufms.br (67)3562-6357 Elisangela de Souza Loureiro Professor Representative elisangela.loureiro@ufms.br (67)3562-6354 Othon Lauar [&hellip;]<\/p>\n","protected":false},"author":7399,"featured_media":0,"parent":0,"menu_order":0,"comment_status":"closed","ping_status":"closed","template":"","meta":{"footnotes":""},"coauthors":[9],"class_list":["post-277","page","type-page","status-publish","hentry"],"_links":{"self":[{"href":"https:\/\/ppgagronomiacpcs.ufms.br\/en\/wp-json\/wp\/v2\/pages\/277","targetHints":{"allow":["GET"]}}],"collection":[{"href":"https:\/\/ppgagronomiacpcs.ufms.br\/en\/wp-json\/wp\/v2\/pages"}],"about":[{"href":"https:\/\/ppgagronomiacpcs.ufms.br\/en\/wp-json\/wp\/v2\/types\/page"}],"author":[{"embeddable":true,"href":"https:\/\/ppgagronomiacpcs.ufms.br\/en\/wp-json\/wp\/v2\/users\/7399"}],"replies":[{"embeddable":true,"href":"https:\/\/ppgagronomiacpcs.ufms.br\/en\/wp-json\/wp\/v2\/comments?post=277"}],"version-history":[{"count":28,"href":"https:\/\/ppgagronomiacpcs.ufms.br\/en\/wp-json\/wp\/v2\/pages\/277\/revisions"}],"predecessor-version":[{"id":2789,"href":"https:\/\/ppgagronomiacpcs.ufms.br\/en\/wp-json\/wp\/v2\/pages\/277\/revisions\/2789"}],"wp:attachment":[{"href":"https:\/\/ppgagronomiacpcs.ufms.br\/en\/wp-json\/wp\/v2\/media?parent=277"}],"wp:term":[{"taxonomy":"author","embeddable":true,"href":"https:\/\/ppgagronomiacpcs.ufms.br\/en\/wp-json\/wp\/v2\/coauthors?post=277"}],"curies":[{"name":"wp","href":"https:\/\/api.w.org\/{rel}","templated":true}]}}