{"id":588,"date":"2019-02-16T08:16:52","date_gmt":"2019-02-16T11:16:52","guid":{"rendered":"https:\/\/ppgagronomiacpcs.ufms.br\/?page_id=588"},"modified":"2021-03-12T14:59:07","modified_gmt":"2021-03-12T18:59:07","slug":"edital2020","status":"publish","type":"page","link":"https:\/\/ppgagronomiacpcs.ufms.br\/en\/edital2020\/","title":{"rendered":"Edict"},"content":{"rendered":"<table style=\"width: 100%;border-collapse: collapse\" border=\"1\">\n<tbody>\n<tr>\n<td style=\"width: 895px\"><a href=\"https:\/\/ppgagronomiacpcs.ufms.br\/files\/2019\/10\/7-Edital-Rela\u00e7\u00e3o-de-inscritos-Processo-Seletivo-2020.1.pdf\">7 &#8211; Edital &#8211; Rela\u00e7\u00e3o de inscritos &#8211; Processo Seletivo 2020.1<\/a><\/td>\n<\/tr>\n<tr style=\"height: 24px\">\n<td style=\"width: 895px;height: 24px\"><a href=\"https:\/\/ppgagronomiacpcs.ufms.br\/files\/2019\/10\/6-Edital-Resultado-do-pedido-de-isen\u00e7\u00e3o-de-taxa-de-inscri\u00e7\u00e3o-Processo-Seletivo-2020.1.pdf\">6 &#8211; Edital &#8211; Resultado do pedido de isen\u00e7\u00e3o de taxa de inscri\u00e7\u00e3o &#8211; Processo Seletivo 2020.1<\/a><\/td>\n<\/tr>\n<tr style=\"height: 24px\">\n<td style=\"width: 895px;height: 24px\"><a href=\"https:\/\/ppgagronomiacpcs.ufms.br\/files\/2019\/09\/Edital-Processo-Seletivo-2020.1-Publicado-BS.pdf\">Edital &#8211; Processo Seletivo 2020.1 &#8211; Publicado BS<\/a><\/td>\n<\/tr>\n<tr style=\"height: 24px\">\n<td style=\"width: 895px;height: 24px\"><a href=\"https:\/\/ppgagronomiacpcs.ufms.br\/files\/2019\/09\/Edital-Processo-Seletivo-2020.1-HTML-1.html\">Edital-Processo-Seletivo-2020.1-HTML (1)<\/a><\/td>\n<\/tr>\n<tr style=\"height: 24px\">\n<td style=\"width: 895px;height: 24px\">Edital em Libras:\u00a0<a href=\"https:\/\/youtu.be\/SeA0EfTRbHs\">https:\/\/youtu.be\/SeA0EfTRbHs<\/a><\/td>\n<\/tr>\n<tr style=\"height: 24px\">\n<td style=\"width: 895px;height: 24px\"><a href=\"https:\/\/ppgagronomiacpcs.ufms.br\/files\/2019\/09\/ANEXO-I-PROCURA\u00c7\u00c3O.doc\">ANEXO I &#8211; PROCURA\u00c7\u00c3O<\/a><\/td>\n<\/tr>\n<tr style=\"height: 24px\">\n<td style=\"width: 895px;height: 24px\"><a href=\"https:\/\/ppgagronomiacpcs.ufms.br\/files\/2019\/09\/ANEXO-II-PEDIDO-DE-ISEN\u00c7\u00c3O-DE-TAXA-DE-INSCRI\u00c7\u00c3O.doc\">ANEXO II &#8211; PEDIDO DE ISEN\u00c7\u00c3O DE TAXA DE INSCRI\u00c7\u00c3O<\/a><\/td>\n<\/tr>\n<tr style=\"height: 24px\">\n<td style=\"width: 895px;height: 24px\"><a href=\"https:\/\/ppgagronomiacpcs.ufms.br\/files\/2019\/09\/ANEXO-III-DECLARA\u00c7\u00c3O-DE-COMPOSI\u00c7\u00c3O-DO-N\u00daCLEO-FAMILIAR.doc\">ANEXO III &#8211; DECLARA\u00c7\u00c3O DE COMPOSI\u00c7\u00c3O DO N\u00daCLEO FAMILIAR<\/a><\/td>\n<\/tr>\n<tr style=\"height: 24px\">\n<td style=\"width: 895px;height: 24px\"><a href=\"https:\/\/ppgagronomiacpcs.ufms.br\/files\/2019\/09\/ANEXO-IV-SOLICITA\u00c7\u00c3O-DE-ATENDIMENTO-DIFERENCIADO-PARA-PESSOAS-COM-DEFICI\u00caNCIA-1.doc\">ANEXO IV &#8211; SOLICITA\u00c7\u00c3O DE ATENDIMENTO DIFERENCIADO PARA PESSOAS COM DEFICI\u00caNCIA (1)<\/a><\/td>\n<\/tr>\n<tr style=\"height: 24px\">\n<td style=\"width: 895px;height: 24px\"><a href=\"https:\/\/ppgagronomiacpcs.ufms.br\/files\/2019\/09\/ANEXO-V-PLANO-DE-PESQUISA.doc\">ANEXO V &#8211; PLANO DE PESQUISA<\/a><\/td>\n<\/tr>\n<tr style=\"height: 24px\">\n<td style=\"width: 895px;height: 24px\"><a href=\"https:\/\/ppgagronomiacpcs.ufms.br\/files\/2019\/09\/ANEXO-VI-TERMO-DE-COMPROMISSO-E-RESPONSABILIDADE.doc\">ANEXO VI &#8211; TERMO DE COMPROMISSO E RESPONSABILIDADE<\/a><\/td>\n<\/tr>\n<tr style=\"height: 24px\">\n<td style=\"width: 895px;height: 24px\"><a href=\"https:\/\/ppgagronomiacpcs.ufms.br\/files\/2019\/09\/ANEXO-VII-FORMUL\u00c1RIO-DE-IDENTIFICA\u00c7\u00c3O-ESPECIAL.doc\">ANEXO VII &#8211; FORMUL\u00c1RIO DE IDENTIFICA\u00c7\u00c3O ESPECIAL<\/a><\/td>\n<\/tr>\n<tr style=\"height: 24px\">\n<td style=\"width: 895px;height: 24px\"><a href=\"https:\/\/ppgagronomiacpcs.ufms.br\/files\/2019\/09\/ANEXO-VIII-REQUERIMENTO-DE-RECURSO.doc\">ANEXO VIII &#8211; REQUERIMENTO DE RECURSO<\/a><\/td>\n<\/tr>\n<tr style=\"height: 24px\">\n<td style=\"width: 895px;height: 24px\"><a href=\"https:\/\/ppgagronomiacpcs.ufms.br\/files\/2019\/09\/ANEXO-IX-AUTODECLARADO-PRETO-PARDO-IND\u00cdGENA-E-PESSOA-COM-DEFICI\u00caNCIA.doc\">ANEXO IX &#8211; AUTODECLARADO PRETO PARDO IND\u00cdGENA E PESSOA COM DEFICI\u00caNCIA<\/a><\/td>\n<\/tr>\n<tr style=\"height: 24px\">\n<td style=\"width: 895px;height: 24px\"><a href=\"https:\/\/ppgagronomiacpcs.ufms.br\/files\/2019\/09\/ANEXO-X-LAUDO-M\u00c9DICO.doc\">ANEXO X &#8211; LAUDO M\u00c9DICO<\/a><\/td>\n<\/tr>\n<tr style=\"height: 24px\">\n<td style=\"width: 895px;height: 24px\"><a href=\"https:\/\/ppgagronomiacpcs.ufms.br\/files\/2019\/09\/ANEXO-XI-TABELA-DE-PONTUA\u00c7\u00c3O.doc\">ANEXO XI &#8211; TABELA DE PONTUA\u00c7\u00c3O<\/a><\/td>\n<\/tr>\n<tr style=\"height: 24px\">\n<td style=\"width: 895px;height: 24px\"><a href=\"https:\/\/ppgagronomiacpcs.ufms.br\/files\/2019\/09\/ANEXO-XII-CRONOGRAMA.doc\">ANEXO XII &#8211; CRONOGRAMA<\/a><\/td>\n<\/tr>\n<\/tbody>\n<\/table>\n<p>&nbsp;","protected":false},"excerpt":{"rendered":"<p>7 &#8211; Edital &#8211; Rela\u00e7\u00e3o de inscritos &#8211; Processo Seletivo 2020.1 6 &#8211; Edital &#8211; Resultado do pedido de isen\u00e7\u00e3o de taxa de inscri\u00e7\u00e3o &#8211; Processo Seletivo 2020.1 Edital &#8211; Processo Seletivo 2020.1 &#8211; Publicado BS Edital-Processo-Seletivo-2020.1-HTML (1) Edital em Libras:\u00a0https:\/\/youtu.be\/SeA0EfTRbHs ANEXO I &#8211; PROCURA\u00c7\u00c3O ANEXO II &#8211; PEDIDO DE ISEN\u00c7\u00c3O DE TAXA DE INSCRI\u00c7\u00c3O [&hellip;]<\/p>\n","protected":false},"author":7399,"featured_media":0,"parent":0,"menu_order":0,"comment_status":"closed","ping_status":"closed","template":"","meta":{"footnotes":""},"coauthors":[],"class_list":["post-588","page","type-page","status-publish","hentry"],"_links":{"self":[{"href":"https:\/\/ppgagronomiacpcs.ufms.br\/en\/wp-json\/wp\/v2\/pages\/588","targetHints":{"allow":["GET"]}}],"collection":[{"href":"https:\/\/ppgagronomiacpcs.ufms.br\/en\/wp-json\/wp\/v2\/pages"}],"about":[{"href":"https:\/\/ppgagronomiacpcs.ufms.br\/en\/wp-json\/wp\/v2\/types\/page"}],"author":[{"embeddable":true,"href":"https:\/\/ppgagronomiacpcs.ufms.br\/en\/wp-json\/wp\/v2\/users\/7399"}],"replies":[{"embeddable":true,"href":"https:\/\/ppgagronomiacpcs.ufms.br\/en\/wp-json\/wp\/v2\/comments?post=588"}],"version-history":[{"count":36,"href":"https:\/\/ppgagronomiacpcs.ufms.br\/en\/wp-json\/wp\/v2\/pages\/588\/revisions"}],"predecessor-version":[{"id":1693,"href":"https:\/\/ppgagronomiacpcs.ufms.br\/en\/wp-json\/wp\/v2\/pages\/588\/revisions\/1693"}],"wp:attachment":[{"href":"https:\/\/ppgagronomiacpcs.ufms.br\/en\/wp-json\/wp\/v2\/media?parent=588"}],"wp:term":[{"taxonomy":"author","embeddable":true,"href":"https:\/\/ppgagronomiacpcs.ufms.br\/en\/wp-json\/wp\/v2\/coauthors?post=588"}],"curies":[{"name":"wp","href":"https:\/\/api.w.org\/{rel}","templated":true}]}}