{"id":88,"date":"2017-06-28T13:45:59","date_gmt":"2017-06-28T17:45:59","guid":{"rendered":"http:\/\/ppgbioanimal.draconis.ufms.br\/?page_id=88"},"modified":"2025-05-07T16:25:16","modified_gmt":"2025-05-07T20:25:16","slug":"egressos","status":"publish","type":"page","link":"https:\/\/ppgagronomiacpcs.ufms.br\/en\/egressos\/","title":{"rendered":"Graduates"},"content":{"rendered":"<table style=\"height: 281px\" width=\"556\">\n<tbody>\n<tr>\n<td><strong>Graduates 2013<\/strong><\/td>\n<\/tr>\n<tr>\n<td><span style=\"font-family: 'Georgia','serif';color: #333333\">Alfredo Rici\u00eare Dias<\/span><\/td>\n<\/tr>\n<tr>\n<td><span style=\"font-family: 'Georgia','serif';color: #333333\">Dayana Rotili Nunes Picolotto<\/span><\/td>\n<\/tr>\n<tr>\n<td><span style=\"font-family: 'Georgia','serif';color: #333333\">Josiane Vogel Cortina Theodoro<\/span><\/td>\n<\/tr>\n<tr>\n<td><span style=\"font-family: 'Georgia','serif';color: #333333\">Rafael Gon\u00e7alves Vilela<\/span><\/td>\n<\/tr>\n<tr>\n<td><\/td>\n<\/tr>\n<tr>\n<td><strong>Graduates 2014<\/strong><\/td>\n<\/tr>\n<tr>\n<td><span style=\"font-family: 'Georgia','serif';color: #333333\">Anderson Abreu de Jesus<\/span><\/td>\n<\/tr>\n<tr>\n<td><span style=\"font-family: 'Georgia','serif';color: #333333\">Bruno Zuntini<\/span><\/td>\n<\/tr>\n<tr>\n<td><span style=\"font-family: 'Georgia','serif';color: #333333\">Denis de Matos Silva<\/span><\/td>\n<\/tr>\n<tr>\n<td><span style=\"font-family: 'Georgia','serif';color: #333333\">Epit\u00e1cio Jos\u00e9 de Souza<\/span><\/td>\n<\/tr>\n<tr>\n<td><span style=\"font-family: 'Georgia','serif';color: #333333\">Fabio da Silva Tosta<\/span><\/td>\n<\/tr>\n<tr>\n<td><span style=\"font-family: 'Georgia','serif';color: #333333\">Heloisa Bueno de Souza<\/span><\/td>\n<\/tr>\n<tr>\n<td><span style=\"font-family: 'Georgia','serif';color: #333333\">Jos\u00e9 Augusto Dias Neto<\/span><\/td>\n<\/tr>\n<tr>\n<td><span style=\"font-family: 'Georgia','serif';color: #333333\">Lucymara Merquides Contardi<\/span><\/td>\n<\/tr>\n<tr>\n<td><span style=\"font-family: 'Georgia','serif';color: #333333\">Luiz Fernando Aparecido de Almeida<\/span><\/td>\n<\/tr>\n<tr>\n<td><span style=\"font-family: 'Georgia','serif';color: #333333\">Monica Cristina Rezende Zuffo Borges<\/span><\/td>\n<\/tr>\n<tr>\n<td><span style=\"font-family: 'Georgia','serif';color: #333333\">Rafael Belisario Teixeira<\/span><\/td>\n<\/tr>\n<tr>\n<td><span style=\"font-family: 'Georgia','serif';color: #333333\">Rafael da Costa Leite<\/span><\/td>\n<\/tr>\n<tr>\n<td><span style=\"font-family: 'Georgia','serif';color: #333333\">Renato Anastacio Guazina<\/span><\/td>\n<\/tr>\n<tr>\n<td><span style=\"font-family: 'Georgia','serif';color: #333333\">Roberta de Vasconcelos Ramires<\/span><\/td>\n<\/tr>\n<tr>\n<td><span style=\"font-family: 'Georgia','serif';color: #333333\">Vinicius Alves<\/span><\/td>\n<\/tr>\n<tr>\n<td><\/td>\n<\/tr>\n<tr>\n<td><strong>Graduates 2015<\/strong><\/td>\n<\/tr>\n<tr>\n<td><span style=\"font-family: 'Georgia','serif';color: #333333\">Alexandra Botelho de Lima Abreu<\/span><\/td>\n<\/tr>\n<tr>\n<td><span style=\"font-family: 'Georgia','serif';color: #333333\">Antonio R\u00f3bis de Lima<\/span><\/td>\n<\/tr>\n<tr>\n<td><span style=\"font-family: 'Georgia','serif';color: #333333\">D\u00e9bora Cristina Agnes<\/span><\/td>\n<\/tr>\n<tr>\n<td><span style=\"font-family: 'Georgia','serif';color: #333333\">Eduardo Pradi Vendruscolo<\/span><\/td>\n<\/tr>\n<tr>\n<td><span style=\"font-family: 'Georgia','serif';color: #333333\">Eric Fabiano Seraguzi<\/span><\/td>\n<\/tr>\n<tr>\n<td><span style=\"font-family: 'Georgia','serif';color: #333333\">Kenio Batista Nogueira<\/span><\/td>\n<\/tr>\n<tr>\n<td><span style=\"font-family: 'Georgia','serif';color: #333333\">L\u00e9lia Vanessa Milane<\/span><\/td>\n<\/tr>\n<tr>\n<td><span style=\"font-family: 'Georgia','serif';color: #333333\">Lennis Afraire Rodrigues<\/span><\/td>\n<\/tr>\n<tr>\n<td><span style=\"font-family: 'Georgia','serif';color: #333333\">Lucas Alves de Arruda<\/span><\/td>\n<\/tr>\n<tr>\n<td><span style=\"font-family: 'Georgia','serif';color: #333333\">Luis Fernando Cunha de Oliveira<\/span><\/td>\n<\/tr>\n<tr>\n<td><span style=\"font-family: 'Georgia','serif';color: #333333\">Maria Julia Betiolo Troleis<\/span><\/td>\n<\/tr>\n<tr>\n<td><span style=\"font-family: 'Georgia','serif';color: #333333\">Otieres Cirino de Carvalho<\/span><\/td>\n<\/tr>\n<tr>\n<td><span style=\"font-family: 'Georgia','serif';color: #333333\">Roberta Pacola Oliveira<\/span><\/td>\n<\/tr>\n<tr>\n<td><span style=\"font-family: 'Georgia','serif';color: #333333\">Sherithon Martins de Paula<\/span><\/td>\n<\/tr>\n<tr>\n<td><span style=\"font-family: 'Georgia','serif';color: #333333\">Sofia Michele Muchalak<\/span><\/td>\n<\/tr>\n<tr>\n<td><\/td>\n<\/tr>\n<tr>\n<td><strong>Graduates 2016<\/strong><\/td>\n<\/tr>\n<tr>\n<td><span style=\"font-family: 'Georgia','serif';color: #333333\">Andr\u00e9 Longui Javarez<\/span><\/td>\n<\/tr>\n<tr>\n<td><span style=\"font-family: 'Georgia','serif';color: #333333\">Andrisley Joaquim da Silva<\/span><\/td>\n<\/tr>\n<tr>\n<td><span style=\"font-family: 'Georgia','serif';color: #333333\">Angelo Francisco Calegare Lemes<\/span><\/td>\n<\/tr>\n<tr>\n<td><span style=\"font-family: 'Georgia','serif';color: #333333\">Catia Aparecida Simon<\/span><\/td>\n<\/tr>\n<tr>\n<td><span style=\"font-family: 'Georgia','serif';color: #333333\">Danilo Carvalho Neves<\/span><\/td>\n<\/tr>\n<tr>\n<td><span style=\"font-family: 'Georgia','serif';color: #333333\">Erinaldo Alves da Cunha Junior<\/span><\/td>\n<\/tr>\n<tr>\n<td><span style=\"font-family: 'Georgia','serif';color: #333333\">Fabio da Silva Paulino Borges<\/span><\/td>\n<\/tr>\n<tr>\n<td><span style=\"font-family: 'Georgia','serif';color: #333333\">Michelle Botelho Ronqui<\/span><\/td>\n<\/tr>\n<tr>\n<td><span style=\"font-family: 'Georgia','serif';color: #333333\">Osvaldir Feliciano dos Santos<\/span><\/td>\n<\/tr>\n<tr>\n<td><span style=\"font-family: 'Georgia','serif';color: #333333\">Rafael Ferreira Barreto<\/span><\/td>\n<\/tr>\n<tr>\n<td><span style=\"font-family: 'Georgia','serif';color: #333333\">Roselaine Lage Fonseca Prado<\/span><\/td>\n<\/tr>\n<tr>\n<td><span style=\"font-family: 'Georgia','serif';color: #333333\">Thayla Christiane Putrick<\/span><\/td>\n<\/tr>\n<tr>\n<td><span style=\"font-family: 'Georgia','serif';color: #333333\">Vanessa Alpe<\/span><\/td>\n<\/tr>\n<tr>\n<td><\/td>\n<\/tr>\n<tr>\n<td><strong>Graduates 2017<\/strong><\/td>\n<\/tr>\n<tr>\n<td>Christian Rones Wruck de Souza Osorio<\/td>\n<\/tr>\n<tr>\n<td>Claudia Kely Pires de Mattos<\/td>\n<\/tr>\n<tr>\n<td>Daiane de Souza Bueno<\/td>\n<\/tr>\n<tr>\n<td>Desiree Krisleyne Candido Modesto<\/td>\n<\/tr>\n<tr>\n<td>Hugo Manoel de Souza<\/td>\n<\/tr>\n<tr>\n<td>Job Teixeira de Oliveira<\/td>\n<\/tr>\n<tr>\n<td>Maicon Jose Nocchi<\/td>\n<\/tr>\n<tr>\n<td>Marco Antonio Vrech de Souza<\/td>\n<\/tr>\n<tr>\n<td>Marilize Bittencourt Caldas<\/td>\n<\/tr>\n<tr>\n<td>Paulo Augusto Zucchi Desenso<\/td>\n<\/tr>\n<tr>\n<td>Pedro de Paula Cabral<\/td>\n<\/tr>\n<tr>\n<td>Rafael Santos Faraun<\/td>\n<\/tr>\n<tr>\n<td>Samela Beutinger Cavalheiro<\/td>\n<\/tr>\n<tr>\n<td>Sulene Rosa da Silva<\/td>\n<\/tr>\n<tr>\n<td><\/td>\n<\/tr>\n<tr>\n<td><strong>Graduates 2018<\/strong><\/td>\n<\/tr>\n<tr>\n<td>Aline Santanna Monqueiro<\/td>\n<\/tr>\n<tr>\n<td>Bruna Rengel de Freitas<\/td>\n<\/tr>\n<tr>\n<td>Fernanda Brito Cardoso<\/td>\n<\/tr>\n<tr>\n<td>Fernando Henrique Queiroz Souza<\/td>\n<\/tr>\n<tr>\n<td>Francieli Aparecida do Amaral<\/td>\n<\/tr>\n<tr>\n<td>Gabriel Luiz Piati<\/td>\n<\/tr>\n<tr>\n<td>Irineu Eduardo Kuhn<\/td>\n<\/tr>\n<tr>\n<td>Josiane Aparecida Viveiros de Oliveira<\/td>\n<\/tr>\n<tr>\n<td>Lais Mayara Melo Dure<\/td>\n<\/tr>\n<tr>\n<td>Leila Bernart<\/td>\n<\/tr>\n<tr>\n<td>Marcela Pacola Oliveira<\/td>\n<\/tr>\n<tr>\n<td>Marco Aurelio de Castro<\/td>\n<\/tr>\n<tr>\n<td>Patricia Bezerra Mariano<\/td>\n<\/tr>\n<tr>\n<td>Rickiel Rodrigues Franklin da Silva<\/td>\n<\/tr>\n<tr>\n<td>Suzany Santos de Moura<\/td>\n<\/tr>\n<\/tbody>\n<\/table>","protected":false},"excerpt":{"rendered":"<p>Graduates 2013 Alfredo Rici\u00eare Dias Dayana Rotili Nunes Picolotto Josiane Vogel Cortina Theodoro Rafael Gon\u00e7alves Vilela Graduates 2014 Anderson Abreu de Jesus Bruno Zuntini Denis de Matos Silva Epit\u00e1cio Jos\u00e9 de Souza Fabio da Silva Tosta Heloisa Bueno de Souza Jos\u00e9 Augusto Dias Neto Lucymara Merquides Contardi Luiz Fernando Aparecido de Almeida Monica Cristina Rezende [&hellip;]<\/p>\n","protected":false},"author":2550,"featured_media":0,"parent":0,"menu_order":0,"comment_status":"closed","ping_status":"closed","template":"","meta":{"footnotes":""},"coauthors":[7],"class_list":["post-88","page","type-page","status-publish","hentry"],"_links":{"self":[{"href":"https:\/\/ppgagronomiacpcs.ufms.br\/en\/wp-json\/wp\/v2\/pages\/88","targetHints":{"allow":["GET"]}}],"collection":[{"href":"https:\/\/ppgagronomiacpcs.ufms.br\/en\/wp-json\/wp\/v2\/pages"}],"about":[{"href":"https:\/\/ppgagronomiacpcs.ufms.br\/en\/wp-json\/wp\/v2\/types\/page"}],"author":[{"embeddable":true,"href":"https:\/\/ppgagronomiacpcs.ufms.br\/en\/wp-json\/wp\/v2\/users\/2550"}],"replies":[{"embeddable":true,"href":"https:\/\/ppgagronomiacpcs.ufms.br\/en\/wp-json\/wp\/v2\/comments?post=88"}],"version-history":[{"count":16,"href":"https:\/\/ppgagronomiacpcs.ufms.br\/en\/wp-json\/wp\/v2\/pages\/88\/revisions"}],"predecessor-version":[{"id":2745,"href":"https:\/\/ppgagronomiacpcs.ufms.br\/en\/wp-json\/wp\/v2\/pages\/88\/revisions\/2745"}],"wp:attachment":[{"href":"https:\/\/ppgagronomiacpcs.ufms.br\/en\/wp-json\/wp\/v2\/media?parent=88"}],"wp:term":[{"taxonomy":"author","embeddable":true,"href":"https:\/\/ppgagronomiacpcs.ufms.br\/en\/wp-json\/wp\/v2\/coauthors?post=88"}],"curies":[{"name":"wp","href":"https:\/\/api.w.org\/{rel}","templated":true}]}}