{"id":997,"date":"2019-10-07T09:03:06","date_gmt":"2019-10-07T13:03:06","guid":{"rendered":"https:\/\/ppgagronomiacpcs.ufms.br\/?page_id=997"},"modified":"2019-10-07T09:33:37","modified_gmt":"2019-10-07T13:33:37","slug":"avaliacao-quadrienal-2017-2020-ciencias-agrarias-i-capes","status":"publish","type":"page","link":"https:\/\/ppgagronomiacpcs.ufms.br\/en\/avaliacao-quadrienal-2017-2020-ciencias-agrarias-i-capes\/","title":{"rendered":"(Portugu\u00eas do Brasil) Avalia\u00e7\u00e3o Quadrienal 2017\/2020 &#8211; Ci\u00eancias Agr\u00e1rias I &#8211; CAPES"},"content":{"rendered":"<p class=\"qtranxs-available-languages-message qtranxs-available-languages-message-en\">Sorry, this entry is only available in <a href=\"https:\/\/ppgagronomiacpcs.ufms.br\/pb\/wp-json\/wp\/v2\/pages\/997\" class=\"qtranxs-available-language-link qtranxs-available-language-link-pb\" title=\"Portugu\u00eas do Brasil\">Portugu\u00eas do Brasil<\/a>.<\/p>","protected":false},"excerpt":{"rendered":"<p>Sorry, this entry is only available in Portugu\u00eas do Brasil.<\/p>\n","protected":false},"author":2550,"featured_media":0,"parent":0,"menu_order":0,"comment_status":"closed","ping_status":"closed","template":"","meta":{"footnotes":""},"coauthors":[],"class_list":["post-997","page","type-page","status-publish","hentry"],"_links":{"self":[{"href":"https:\/\/ppgagronomiacpcs.ufms.br\/en\/wp-json\/wp\/v2\/pages\/997","targetHints":{"allow":["GET"]}}],"collection":[{"href":"https:\/\/ppgagronomiacpcs.ufms.br\/en\/wp-json\/wp\/v2\/pages"}],"about":[{"href":"https:\/\/ppgagronomiacpcs.ufms.br\/en\/wp-json\/wp\/v2\/types\/page"}],"author":[{"embeddable":true,"href":"https:\/\/ppgagronomiacpcs.ufms.br\/en\/wp-json\/wp\/v2\/users\/2550"}],"replies":[{"embeddable":true,"href":"https:\/\/ppgagronomiacpcs.ufms.br\/en\/wp-json\/wp\/v2\/comments?post=997"}],"version-history":[{"count":2,"href":"https:\/\/ppgagronomiacpcs.ufms.br\/en\/wp-json\/wp\/v2\/pages\/997\/revisions"}],"predecessor-version":[{"id":1009,"href":"https:\/\/ppgagronomiacpcs.ufms.br\/en\/wp-json\/wp\/v2\/pages\/997\/revisions\/1009"}],"wp:attachment":[{"href":"https:\/\/ppgagronomiacpcs.ufms.br\/en\/wp-json\/wp\/v2\/media?parent=997"}],"wp:term":[{"taxonomy":"author","embeddable":true,"href":"https:\/\/ppgagronomiacpcs.ufms.br\/en\/wp-json\/wp\/v2\/coauthors?post=997"}],"curies":[{"name":"wp","href":"https:\/\/api.w.org\/{rel}","templated":true}]}}