{"id":145,"date":"2017-09-05T20:52:53","date_gmt":"2017-09-06T00:52:53","guid":{"rendered":"https:\/\/ppgrn.ufms.br\/?page_id=145"},"modified":"2019-07-17T09:20:25","modified_gmt":"2019-07-17T13:20:25","slug":"laboratorios","status":"publish","type":"page","link":"https:\/\/ppgagronomiacpcs.ufms.br\/es\/laboratorios\/","title":{"rendered":"Laboratorios"},"content":{"rendered":"Por medio de proyectos de investigaci\u00f3n sometidos a los \u00f3rganos financiadores y con recursos propios de la UFMS, los profesores han adquirido equipos que posibilitan el desarrollo de las investigaciones. Entre los organismos financiadores destacan CNPq, FUNDECT y FINEP que ha posibilitado la adquisici\u00f3n de equipos para la mejora de los laboratorios y de la estructura de investigaci\u00f3n de la sede CPCS. Actualmente, el Postgrado en Agronom\u00eda del CPCS \/ UFMS posee los siguientes laboratorios:<\/p>\n<ul>\n<li><a href=\"https:\/\/ppgagronomiacpcs.ufms.br\/laboratorio-de-informatica\/\">Laboratorio de inform\u00e1tica<\/a>;<\/li>\n<li><a href=\"https:\/\/ppgagronomiacpcs.ufms.br\/laboratorio-de-tecnologia-de-aplicacao\/\">Laboratorio de Tecnolog\u00eda de Aplicaci\u00f3n<\/a>;<\/li>\n<li><a href=\"https:\/\/ppgagronomiacpcs.ufms.br\/laboratorio-de-agricultura-de-precisao\/\">Laboratorio de Agricultura de Precisi\u00f3n<\/a>;<\/li>\n<li><a href=\"https:\/\/ppgagronomiacpcs.ufms.br\/laboratorio-de-microscopia\/\">Laboratorio de Microscopia<\/a>;<\/li>\n<li><a href=\"https:\/\/ppgagronomiacpcs.ufms.br\/laboratorio-de-fitopatologia\/\">Laboratorio de Fitopatolog\u00eda<\/a>;<\/li>\n<li><a href=\"https:\/\/ppgagronomiacpcs.ufms.br\/laboratorio-de-entomologia\/\">Laboratorio de Entomolog\u00eda<\/a>;<\/li>\n<li><a href=\"https:\/\/ppgagronomiacpcs.ufms.br\/laboratorio-de-biotecnologia\/\">Laboratorio de Biotecnolog\u00eda<\/a>;<\/li>\n<li><a href=\"https:\/\/ppgagronomiacpcs.ufms.br\/laboratorio-de-sementes\/\">Laboratorio de Semillas<\/a>;<\/li>\n<li><a href=\"https:\/\/ppgagronomiacpcs.ufms.br\/laboratorio-de-geomatica\/\">Laboratorio de Geom\u00e1tica<\/a>;<\/li>\n<li><a href=\"https:\/\/ppgagronomiacpcs.ufms.br\/laboratorio-de-solos\/\">Laboratorio de Suelos<\/a>;<\/li>\n<li><a href=\"https:\/\/ppgagronomiacpcs.ufms.br\/laboratorio-de-multiuso-de-ciencias-agrarias\/\">Laboratorio de Multiuso de Ciencias Agrarias<\/a>;<\/li>\n<\/ul>","protected":false},"excerpt":{"rendered":"<p>Por medio de proyectos de investigaci\u00f3n sometidos a los \u00f3rganos financiadores y con recursos propios de la UFMS, los profesores han adquirido equipos que posibilitan el desarrollo de las investigaciones. Entre los organismos financiadores destacan CNPq, FUNDECT y FINEP que ha posibilitado la adquisici\u00f3n de equipos para la mejora de los laboratorios y de la [&hellip;]<\/p>\n","protected":false},"author":3445,"featured_media":0,"parent":0,"menu_order":0,"comment_status":"closed","ping_status":"closed","template":"","meta":{"footnotes":""},"coauthors":[],"class_list":["post-145","page","type-page","status-publish","hentry"],"_links":{"self":[{"href":"https:\/\/ppgagronomiacpcs.ufms.br\/es\/wp-json\/wp\/v2\/pages\/145","targetHints":{"allow":["GET"]}}],"collection":[{"href":"https:\/\/ppgagronomiacpcs.ufms.br\/es\/wp-json\/wp\/v2\/pages"}],"about":[{"href":"https:\/\/ppgagronomiacpcs.ufms.br\/es\/wp-json\/wp\/v2\/types\/page"}],"author":[{"embeddable":true,"href":"https:\/\/ppgagronomiacpcs.ufms.br\/es\/wp-json\/wp\/v2\/users\/3445"}],"replies":[{"embeddable":true,"href":"https:\/\/ppgagronomiacpcs.ufms.br\/es\/wp-json\/wp\/v2\/comments?post=145"}],"version-history":[{"count":7,"href":"https:\/\/ppgagronomiacpcs.ufms.br\/es\/wp-json\/wp\/v2\/pages\/145\/revisions"}],"predecessor-version":[{"id":872,"href":"https:\/\/ppgagronomiacpcs.ufms.br\/es\/wp-json\/wp\/v2\/pages\/145\/revisions\/872"}],"wp:attachment":[{"href":"https:\/\/ppgagronomiacpcs.ufms.br\/es\/wp-json\/wp\/v2\/media?parent=145"}],"wp:term":[{"taxonomy":"author","embeddable":true,"href":"https:\/\/ppgagronomiacpcs.ufms.br\/es\/wp-json\/wp\/v2\/coauthors?post=145"}],"curies":[{"name":"wp","href":"https:\/\/api.w.org\/{rel}","templated":true}]}}