{"id":147,"date":"2017-09-05T20:53:03","date_gmt":"2017-09-06T00:53:03","guid":{"rendered":"https:\/\/ppgrn.ufms.br\/?page_id=147"},"modified":"2025-06-24T14:25:55","modified_gmt":"2025-06-24T18:25:55","slug":"formularios-e-arquivos","status":"publish","type":"page","link":"https:\/\/ppgagronomiacpcs.ufms.br\/es\/formularios-e-arquivos\/","title":{"rendered":"Formularios y archivos"},"content":{"rendered":"<table style=\"height: 295px\" width=\"553\">\n<tbody>\n<tr>\n<td><strong>REGLAMENTO<\/strong><\/td>\n<\/tr>\n<tr>\n<td style=\"text-align: justify\"><a href=\"https:\/\/ppgagronomiacpcs.ufms.br\/files\/2017\/09\/Resolu%C3%A7%C3%A3o-n%C2%BA-23_2014-Regulamento-do-Curso-de-Mestrado-em-Agronomia-1.pdf\">Resoluci\u00f3n-n-23_2014<\/a><\/td>\n<\/tr>\n<tr>\n<td>\u00a0<strong><a href=\"https:\/\/ppgagronomiacpcs.ufms.br\/files\/2017\/09\/Resolu\u00e7\u00e3o-n\u00ba-301_2017-Normas-para-P\u00f3s-Gradua\u00e7\u00e3o-Stricto-Sensu-UFMS.pdf\">Resolu\u00e7\u00e3o n\u00ba 301_2017 &#8211; Normas para P\u00f3s-Gradua\u00e7\u00e3o Stricto Sensu UFMS<\/a><\/strong><\/td>\n<\/tr>\n<tr>\n<td><\/td>\n<\/tr>\n<tr>\n<td><strong>DOCUMENTOS SECRETARIA<\/strong><\/td>\n<\/tr>\n<tr>\n<td><a href=\"https:\/\/ppgagronomiacpcs.ufms.br\/files\/2017\/09\/Ficha-de-Cadastro-de-alunos-1.doc\">Hoja de registro de los estudiantes<\/a><\/td>\n<\/tr>\n<tr>\n<td><a href=\"https:\/\/ppgagronomiacpcs.ufms.br\/files\/2017\/09\/Plano-de-Estudos-1.doc\">Plano de estudios<\/a><\/td>\n<\/tr>\n<tr>\n<td><a href=\"https:\/\/ppgagronomiacpcs.ufms.br\/files\/2017\/09\/Requerimento-unico-PPGA-1.doc\">Solicitud PPGA<\/a><\/td>\n<\/tr>\n<tr>\n<td><a href=\"https:\/\/ppgagronomiacpcs.ufms.br\/files\/2017\/09\/Requerimento-de-Matricula-em-Disciplina-1.doc\">Solicitud de la inscripci\u00f3n en la disciplina<\/a><\/td>\n<\/tr>\n<tr>\n<td><a href=\"https:\/\/ppgagronomiacpcs.ufms.br\/files\/2017\/09\/Requerimento-Aproveitamento-de-Creditos-1.doc\">Solicitud de aprovechamiento de Cr\u00e9ditos<\/a><\/td>\n<\/tr>\n<tr>\n<td><a href=\"https:\/\/ppgagronomiacpcs.ufms.br\/files\/2017\/09\/Requerimento-de-trancamento-de-matricula-1.doc\">Solicitud de bloqueo de registro<\/a><\/td>\n<\/tr>\n<tr>\n<td><a href=\"https:\/\/ppgagronomiacpcs.ufms.br\/files\/2017\/09\/Requerimento-Aluno-Especial-1.doc\">Solicitud como Estudiante Especial<\/a><\/td>\n<\/tr>\n<tr>\n<td><a href=\"https:\/\/ppgagronomiacpcs.ufms.br\/files\/2017\/09\/Relat\u00f3rio-semestral-de-atividades-\u2013-bolsistas-do-programa-demanda-social_capes-1.doc\">Relator\u00eda semestral de actividades &#8212; becarios del programa de demanda social de CAPES<\/a><\/td>\n<\/tr>\n<tr>\n<td><\/td>\n<\/tr>\n<tr>\n<td><\/td>\n<\/tr>\n<tr>\n<td><strong>ESTADIO DOCENCIA<\/strong><\/td>\n<\/tr>\n<tr>\n<td><a href=\"https:\/\/ppgagronomiacpcs.ufms.br\/files\/2017\/09\/Plano-Estagio-Docencia_-1.doc\">Plano de Estadio Docencia<\/a><\/td>\n<\/tr>\n<tr>\n<td><a href=\"https:\/\/ppgagronomiacpcs.ufms.br\/files\/2017\/09\/Relatorio-Estagio-de-Docencia-1.doc\">Informe de Estadio Docencia<\/a><\/td>\n<\/tr>\n<tr>\n<td><\/td>\n<\/tr>\n<tr>\n<td><\/td>\n<\/tr>\n<tr>\n<td><strong>PROYECTO DE INVESTIGACI\u00d3N<\/strong><\/td>\n<\/tr>\n<tr>\n<td><a href=\"https:\/\/ppgagronomiacpcs.ufms.br\/files\/2017\/09\/Normas-Projeto-de-Pesquisa.pdf\">Normas Proyecto de Investigaci\u00f3n<\/a><\/td>\n<\/tr>\n<tr>\n<td><a href=\"https:\/\/ppgagronomiacpcs.ufms.br\/files\/2017\/09\/Modelo-capa-Projeto-de-pesquisa.doc\">Modelo de la caratula del Proyecto de Investigaci\u00f3n<\/a><\/td>\n<\/tr>\n<tr>\n<td><a href=\"https:\/\/ppgagronomiacpcs.ufms.br\/files\/2017\/09\/Modelo-folha-de-rosto-projeto-de-pesquisa.doc\">Modelo de la primera hoja del proyecto de investigaci\u00f3n<\/a><\/td>\n<\/tr>\n<tr>\n<td><\/td>\n<\/tr>\n<tr>\n<td><\/td>\n<\/tr>\n<tr>\n<td><strong>CALIFICACI\u00d3N<\/strong><\/td>\n<\/tr>\n<tr>\n<td><a href=\"https:\/\/ppgagronomiacpcs.ufms.br\/files\/2017\/09\/Requerimento_de_Qualificacao-1.pdf\">Pedido de calificaci\u00f3n<\/a><\/td>\n<\/tr>\n<tr>\n<td><a href=\"https:\/\/ppgagronomiacpcs.ufms.br\/files\/2017\/09\/Normas-qualifica\u00e7\u00e3o-de-mestrado.pdf\">Normas de la calificaci\u00f3n para maestr\u00eda<\/a><\/td>\n<\/tr>\n<tr>\n<td><a href=\"https:\/\/ppgagronomiacpcs.ufms.br\/files\/2017\/09\/Modelo-Capa-qualifica\u00e7\u00e3o.doc\">Modelo de la Capa de calificaci\u00f3n<\/a><\/td>\n<\/tr>\n<tr>\n<td><a href=\"https:\/\/ppgagronomiacpcs.ufms.br\/files\/2017\/09\/Modelo-folha-de-rosto-qualifica\u00e7\u00e3o-2.doc\">Modelo de la primera hoja de la calificaci\u00f3n<\/a><\/td>\n<\/tr>\n<tr>\n<td><\/td>\n<\/tr>\n<tr>\n<td><\/td>\n<\/tr>\n<tr>\n<td><strong>TESIS<\/strong><\/td>\n<\/tr>\n<tr>\n<td><a href=\"https:\/\/ppgagronomiacpcs.ufms.br\/files\/2017\/09\/Normas-Disserta\u00e7\u00e3o-Mestrado.pdf\">Normas de la Disertaci\u00f3n de Maestr\u00eda<\/a><\/td>\n<\/tr>\n<tr>\n<td><a href=\"https:\/\/ppgagronomiacpcs.ufms.br\/files\/2017\/09\/Modelo-Capa-Disserta\u00e7\u00e3o.doc\">Modelo Capa Disertaci\u00f3n<\/a><\/td>\n<\/tr>\n<tr>\n<td><a href=\"https:\/\/ppgagronomiacpcs.ufms.br\/files\/2017\/09\/Modelo-folha-de-rosto-Disserta\u00e7\u00e3o.doc\">Modelo de portada Disertaci\u00f3n<\/a><\/td>\n<\/tr>\n<tr>\n<td><a href=\"https:\/\/ppgagronomiacpcs.ufms.br\/files\/2017\/09\/Modelo-folha-de-aprova\u00e7\u00e3o-Disserta\u00e7\u00e3o.doc\">Modelo de la hoja de aprobaci\u00f3n Disertaci\u00f3n<\/a><\/td>\n<\/tr>\n<tr>\n<td><a href=\"https:\/\/ppgagronomiacpcs.ufms.br\/files\/2017\/09\/Requerimento-de-Defesa-de-Disserta\u00e7\u00e3o-1.doc\">Pedido de Defensa de Disertaci\u00f3n<\/a><\/td>\n<\/tr>\n<tr>\n<td><a href=\"https:\/\/ppgagronomiacpcs.ufms.br\/files\/2017\/09\/Termo-de-Autoriza\u00e7\u00e3o-para-Publica\u00e7\u00e3o-na-Biblioteca-Digital-de-Teses-e-Disserta\u00e7\u00f5es-da-UFMS_MODELO-1.doc\">Plazo de Autorizaci\u00f3n de la Publicaci\u00f3n en la biblioteca digital de la Tesis y Disertaciones en la UFMS_MODELO<\/a><\/td>\n<\/tr>\n<tr>\n<td><a href=\"https:\/\/ppgagronomiacpcs.ufms.br\/files\/2017\/09\/Modelo-da-capa-do-CD-Disserta\u00e7\u00e3o-1.doc\">Modelo-de-la-capa-CD-Disertaci\u00f3n<\/a><\/td>\n<\/tr>\n<tr>\n<td><a href=\"https:\/\/ppgagronomiacpcs.ufms.br\/files\/2017\/09\/Modelo-da-etiqueta-do-CD-Disserta\u00e7\u00e3o-1.doc\">Modelo-de-la-etiqueta del CD-Disertaci\u00f3n<\/a><\/td>\n<\/tr>\n<\/tbody>\n<\/table>","protected":false},"excerpt":{"rendered":"<p>REGLAMENTO Resoluci\u00f3n-n-23_2014 \u00a0Resolu\u00e7\u00e3o n\u00ba 301_2017 &#8211; Normas para P\u00f3s-Gradua\u00e7\u00e3o Stricto Sensu UFMS DOCUMENTOS SECRETARIA Hoja de registro de los estudiantes Plano de estudios Solicitud PPGA Solicitud de la inscripci\u00f3n en la disciplina Solicitud de aprovechamiento de Cr\u00e9ditos Solicitud de bloqueo de registro Solicitud como Estudiante Especial Relator\u00eda semestral de actividades &#8212; becarios del programa de [&hellip;]<\/p>\n","protected":false},"author":3445,"featured_media":0,"parent":0,"menu_order":0,"comment_status":"closed","ping_status":"closed","template":"","meta":{"footnotes":""},"coauthors":[8],"class_list":["post-147","page","type-page","status-publish","hentry"],"_links":{"self":[{"href":"https:\/\/ppgagronomiacpcs.ufms.br\/es\/wp-json\/wp\/v2\/pages\/147","targetHints":{"allow":["GET"]}}],"collection":[{"href":"https:\/\/ppgagronomiacpcs.ufms.br\/es\/wp-json\/wp\/v2\/pages"}],"about":[{"href":"https:\/\/ppgagronomiacpcs.ufms.br\/es\/wp-json\/wp\/v2\/types\/page"}],"author":[{"embeddable":true,"href":"https:\/\/ppgagronomiacpcs.ufms.br\/es\/wp-json\/wp\/v2\/users\/3445"}],"replies":[{"embeddable":true,"href":"https:\/\/ppgagronomiacpcs.ufms.br\/es\/wp-json\/wp\/v2\/comments?post=147"}],"version-history":[{"count":26,"href":"https:\/\/ppgagronomiacpcs.ufms.br\/es\/wp-json\/wp\/v2\/pages\/147\/revisions"}],"predecessor-version":[{"id":2781,"href":"https:\/\/ppgagronomiacpcs.ufms.br\/es\/wp-json\/wp\/v2\/pages\/147\/revisions\/2781"}],"wp:attachment":[{"href":"https:\/\/ppgagronomiacpcs.ufms.br\/es\/wp-json\/wp\/v2\/media?parent=147"}],"wp:term":[{"taxonomy":"author","embeddable":true,"href":"https:\/\/ppgagronomiacpcs.ufms.br\/es\/wp-json\/wp\/v2\/coauthors?post=147"}],"curies":[{"name":"wp","href":"https:\/\/api.w.org\/{rel}","templated":true}]}}