{"id":149,"date":"2017-09-05T20:53:14","date_gmt":"2017-09-06T00:53:14","guid":{"rendered":"https:\/\/ppgrn.ufms.br\/?page_id=149"},"modified":"2022-10-03T08:58:07","modified_gmt":"2022-10-03T12:58:07","slug":"linhas-de-pesquisa","status":"publish","type":"page","link":"https:\/\/ppgagronomiacpcs.ufms.br\/es\/linhas-de-pesquisa\/","title":{"rendered":"L\u00edneas de investigaci\u00f3n"},"content":{"rendered":"<p style=\"text-align: justify\">El curso de Maestr\u00eda en Agronom\u00eda (\u00c1rea de Concentraci\u00f3n: Producci\u00f3n Vegetal) congrega dos l\u00edneas distintas de investigaci\u00f3n:<\/p>\n<ul style=\"text-align: justify\">\n<li>sistema de producci\u00f3n agr\u00edcola;<\/li>\n<li>manejo de suelos;<\/li>\n<\/ul>\n<p>Esto lo caracteriza como un programa multidisciplinar, el cual favorece ampliamente el \u00e1rea de Ciencias Agrarias, pues la formaci\u00f3n acad\u00e9mica diferenciada y las investigaciones desarrolladas en nuestro programa han promovido mejor\u00edas en diversas sub-\u00e1reas de la Agronom\u00eda, como mecanizaci\u00f3n, riego, manejo del suelo, fisiolog\u00eda vegetal, mejora de plantas.","protected":false},"excerpt":{"rendered":"<p>El curso de Maestr\u00eda en Agronom\u00eda (\u00c1rea de Concentraci\u00f3n: Producci\u00f3n Vegetal) congrega dos l\u00edneas distintas de investigaci\u00f3n: sistema de producci\u00f3n agr\u00edcola; manejo de suelos; Esto lo caracteriza como un programa multidisciplinar, el cual favorece ampliamente el \u00e1rea de Ciencias Agrarias, pues la formaci\u00f3n acad\u00e9mica diferenciada y las investigaciones desarrolladas en nuestro programa han promovido mejor\u00edas [&hellip;]<\/p>\n","protected":false},"author":3445,"featured_media":0,"parent":0,"menu_order":0,"comment_status":"closed","ping_status":"closed","template":"","meta":{"footnotes":""},"coauthors":[],"class_list":["post-149","page","type-page","status-publish","hentry"],"_links":{"self":[{"href":"https:\/\/ppgagronomiacpcs.ufms.br\/es\/wp-json\/wp\/v2\/pages\/149","targetHints":{"allow":["GET"]}}],"collection":[{"href":"https:\/\/ppgagronomiacpcs.ufms.br\/es\/wp-json\/wp\/v2\/pages"}],"about":[{"href":"https:\/\/ppgagronomiacpcs.ufms.br\/es\/wp-json\/wp\/v2\/types\/page"}],"author":[{"embeddable":true,"href":"https:\/\/ppgagronomiacpcs.ufms.br\/es\/wp-json\/wp\/v2\/users\/3445"}],"replies":[{"embeddable":true,"href":"https:\/\/ppgagronomiacpcs.ufms.br\/es\/wp-json\/wp\/v2\/comments?post=149"}],"version-history":[{"count":5,"href":"https:\/\/ppgagronomiacpcs.ufms.br\/es\/wp-json\/wp\/v2\/pages\/149\/revisions"}],"predecessor-version":[{"id":2078,"href":"https:\/\/ppgagronomiacpcs.ufms.br\/es\/wp-json\/wp\/v2\/pages\/149\/revisions\/2078"}],"wp:attachment":[{"href":"https:\/\/ppgagronomiacpcs.ufms.br\/es\/wp-json\/wp\/v2\/media?parent=149"}],"wp:term":[{"taxonomy":"author","embeddable":true,"href":"https:\/\/ppgagronomiacpcs.ufms.br\/es\/wp-json\/wp\/v2\/coauthors?post=149"}],"curies":[{"name":"wp","href":"https:\/\/api.w.org\/{rel}","templated":true}]}}