{"id":151,"date":"2017-09-05T20:53:24","date_gmt":"2017-09-06T00:53:24","guid":{"rendered":"https:\/\/ppgrn.ufms.br\/?page_id=151"},"modified":"2025-06-13T14:46:40","modified_gmt":"2025-06-13T18:46:40","slug":"estrutura-curricular","status":"publish","type":"page","link":"https:\/\/ppgagronomiacpcs.ufms.br\/es\/estrutura-curricular\/","title":{"rendered":"Estructura curricular"},"content":{"rendered":"<table width=\"678\">\n<tbody>\n<tr>\n<td width=\"36\"><strong>#<\/strong><\/td>\n<td width=\"85\">C\u00f3d. Disc.<\/td>\n<td width=\"425\">ACTIVIDADES OBLIGATORIAS<\/td>\n<td width=\"38\">CH<\/td>\n<td width=\"95\">CR\u00c9DITOS<\/td>\n<\/tr>\n<tr>\n<td width=\"36\">1<\/td>\n<td width=\"85\">20176001<\/td>\n<td width=\"425\">Experimentaci\u00f3n Agr\u00edcola<\/td>\n<td width=\"38\">75<\/td>\n<td width=\"95\">05<\/td>\n<\/tr>\n<tr>\n<td width=\"36\">2<\/td>\n<td width=\"85\">20176029<\/td>\n<td width=\"425\">Seminario<\/td>\n<td width=\"38\">45<\/td>\n<td width=\"95\">03<\/td>\n<\/tr>\n<tr>\n<td width=\"36\">3<\/td>\n<td width=\"85\">20176004<\/td>\n<td width=\"425\">Elaboraci\u00f3n de Disertaci\u00f3n<\/td>\n<td width=\"38\">00<\/td>\n<td width=\"95\">00<\/td>\n<\/tr>\n<tr>\n<td width=\"36\">4<\/td>\n<td width=\"85\">20176032<\/td>\n<td width=\"425\">Disertaci\u00f3n<\/td>\n<td width=\"38\">00<\/td>\n<td width=\"95\">00<\/td>\n<\/tr>\n<tr>\n<td width=\"36\">5<\/td>\n<td width=\"85\">20176031<\/td>\n<td width=\"425\">Calificaci\u00f3n<\/td>\n<td width=\"38\">00<\/td>\n<td width=\"95\">00<\/td>\n<\/tr>\n<tr>\n<td width=\"36\"><\/td>\n<td width=\"85\"><\/td>\n<td width=\"425\"><\/td>\n<td width=\"38\"><\/td>\n<td width=\"95\"><\/td>\n<\/tr>\n<tr>\n<td width=\"36\"><strong>#<\/strong><\/td>\n<td width=\"85\">C\u00f3d. Disc.<\/td>\n<td width=\"425\">ACTIVIDADES OPTATIVAS<\/td>\n<td width=\"38\">CH<\/td>\n<td width=\"95\">CR\u00c9DITOS<\/td>\n<\/tr>\n<tr>\n<td width=\"36\">6<\/td>\n<td width=\"85\">20176006<\/td>\n<td width=\"425\">Agricultura I<\/td>\n<td width=\"38\">75<\/td>\n<td width=\"95\">05<\/td>\n<\/tr>\n<tr>\n<td width=\"36\">7<\/td>\n<td width=\"85\">20176007<\/td>\n<td width=\"425\">Agricultura II<\/td>\n<td width=\"38\">75<\/td>\n<td width=\"95\">05<\/td>\n<\/tr>\n<tr>\n<td width=\"36\">8<\/td>\n<td width=\"85\">20176008<\/td>\n<td width=\"425\">Agricultura de precisi\u00f3n<\/td>\n<td width=\"38\">75<\/td>\n<td width=\"95\">05<\/td>\n<\/tr>\n<tr>\n<td width=\"36\">9<\/td>\n<td width=\"85\">20176009<\/td>\n<td width=\"425\">Control Microbiano de Insectos<\/td>\n<td width=\"38\">75<\/td>\n<td width=\"95\">05<\/td>\n<\/tr>\n<tr>\n<td width=\"36\">10<\/td>\n<td width=\"85\">20176010<\/td>\n<td width=\"425\">Cultivo Protegido<\/td>\n<td width=\"38\">60<\/td>\n<td width=\"95\">04<\/td>\n<\/tr>\n<tr>\n<td width=\"36\">11<\/td>\n<td width=\"85\">20176011<\/td>\n<td width=\"425\">Diagn\u00f3stico y control de las\u00a0enfermedades de las plantas<\/td>\n<td width=\"38\">60<\/td>\n<td width=\"95\">04<\/td>\n<\/tr>\n<tr>\n<td width=\"36\">12<\/td>\n<td width=\"85\">20176012<\/td>\n<td width=\"425\">Pr\u00e1cticas de Docencia I<\/td>\n<td width=\"38\">30<\/td>\n<td width=\"95\">02<\/td>\n<\/tr>\n<tr>\n<td width=\"36\">13<\/td>\n<td width=\"85\">20176005<\/td>\n<td width=\"425\">Fertilidad del suelo y manejo de la fertilizaci\u00f3n en suelos de cerrado<\/td>\n<td width=\"38\">60<\/td>\n<td width=\"95\">04<\/td>\n<\/tr>\n<tr>\n<td width=\"36\">14<\/td>\n<td width=\"85\">20176013<\/td>\n<td width=\"425\">F\u00edsica de los suelos tropicales<\/td>\n<td width=\"38\">75<\/td>\n<td width=\"95\">05<\/td>\n<\/tr>\n<tr>\n<td width=\"36\">15<\/td>\n<td width=\"85\">20176053<\/td>\n<td width=\"425\">Tecnolog\u00eda de Aplicaci\u00f3n de Defensivos<\/td>\n<td width=\"38\">75<\/td>\n<td width=\"95\">05<\/td>\n<\/tr>\n<tr>\n<td width=\"36\">16<\/td>\n<td width=\"85\">20176015<\/td>\n<td width=\"425\">Fisiolog\u00eda Vegetal Avanzada<\/td>\n<td width=\"38\">75<\/td>\n<td width=\"95\">05<\/td>\n<\/tr>\n<tr>\n<td width=\"36\">17<\/td>\n<td width=\"85\">20176016<\/td>\n<td width=\"425\">Geoestad\u00edstica Aplicada a la agricultura<\/td>\n<td width=\"38\">75<\/td>\n<td width=\"95\">05<\/td>\n<\/tr>\n<tr>\n<td width=\"36\">18<\/td>\n<td width=\"85\">20176017<\/td>\n<td width=\"425\">Impacto Ambiental de los Defensores Agr\u00edcolas<\/td>\n<td width=\"38\">75<\/td>\n<td width=\"95\">05<\/td>\n<\/tr>\n<tr>\n<td width=\"36\">19<\/td>\n<td width=\"85\">20176018<\/td>\n<td width=\"425\">Manejo de Plantas Da\u00f1inas<\/td>\n<td width=\"38\">60<\/td>\n<td width=\"95\">04<\/td>\n<\/tr>\n<tr>\n<td width=\"36\">20<\/td>\n<td width=\"85\">20176019<\/td>\n<td width=\"425\">Manejo Integrado de Artr\u00f3podos &#8211; Praga<\/td>\n<td width=\"38\">75<\/td>\n<td width=\"95\">05<\/td>\n<\/tr>\n<tr>\n<td width=\"36\">21<\/td>\n<td width=\"85\">20176020<\/td>\n<td width=\"425\">Microbiolog\u00eda del suelo<\/td>\n<td width=\"38\">60<\/td>\n<td width=\"95\">04<\/td>\n<\/tr>\n<tr>\n<td width=\"36\">22<\/td>\n<td width=\"85\">20176030<\/td>\n<td width=\"425\">Post-Cosecha de Productos Agr\u00edcolas<\/td>\n<td width=\"38\">60<\/td>\n<td width=\"95\">04<\/td>\n<\/tr>\n<tr>\n<td width=\"36\">23<\/td>\n<td width=\"85\">20176021<\/td>\n<td width=\"425\">Relaci\u00f3n Solo-Agua-Planta-Atm\u00f3sfera<\/td>\n<td width=\"38\">60<\/td>\n<td width=\"95\">04<\/td>\n<\/tr>\n<tr>\n<td width=\"36\">24<\/td>\n<td width=\"85\">20176022<\/td>\n<td width=\"425\">Sistemas Agroforestales<\/td>\n<td width=\"38\">60<\/td>\n<td width=\"95\">04<\/td>\n<\/tr>\n<tr>\n<td width=\"36\">25<\/td>\n<td width=\"85\">20176023<\/td>\n<td width=\"425\">Uso, Manejo y Conservaci\u00f3n del suelo<\/td>\n<td width=\"38\">75<\/td>\n<td width=\"95\">05<\/td>\n<\/tr>\n<tr>\n<td width=\"36\">26<\/td>\n<td width=\"85\">20176033<\/td>\n<td width=\"425\">An\u00e1lisis de Semillas<\/td>\n<td width=\"38\">75<\/td>\n<td width=\"95\">05<\/td>\n<\/tr>\n<tr>\n<td width=\"36\">27<\/td>\n<td width=\"85\">20176034<\/td>\n<td width=\"425\">Criterios para la Recomendaci\u00f3n de Cultivos<\/td>\n<td width=\"38\">75<\/td>\n<td width=\"95\">05<\/td>\n<\/tr>\n<tr>\n<td width=\"36\">28<\/td>\n<td width=\"85\">20176035<\/td>\n<td width=\"425\">T\u00e9cnicas de Redacci\u00f3n Cient\u00edfica<\/td>\n<td width=\"38\">60<\/td>\n<td width=\"95\">04<\/td>\n<\/tr>\n<tr>\n<td width=\"36\">29<\/td>\n<td width=\"85\">20176036<\/td>\n<td width=\"425\">Nutrici\u00f3n de Plantas<\/td>\n<td width=\"38\">75<\/td>\n<td width=\"95\">05<\/td>\n<\/tr>\n<tr>\n<td width=\"36\">30<\/td>\n<td width=\"85\">20176037<\/td>\n<td width=\"425\">Fisiolog\u00eda de las Semillas<\/td>\n<td width=\"38\">75<\/td>\n<td width=\"95\">05<\/td>\n<\/tr>\n<tr>\n<td width=\"36\"><\/td>\n<td width=\"85\"><\/td>\n<td width=\"425\"><\/td>\n<td width=\"38\"><\/td>\n<td width=\"95\"><\/td>\n<\/tr>\n<tr>\n<td width=\"36\"><\/td>\n<td width=\"85\">20176024<\/td>\n<td width=\"425\">Temas Especiales<\/td>\n<td width=\"38\">15<\/td>\n<td width=\"95\">01<\/td>\n<\/tr>\n<tr>\n<td width=\"36\"><\/td>\n<td width=\"85\">20176025<\/td>\n<td width=\"425\">Temas Especiales<\/td>\n<td width=\"38\">30<\/td>\n<td width=\"95\">02<\/td>\n<\/tr>\n<tr>\n<td width=\"36\"><\/td>\n<td width=\"85\">20176026<\/td>\n<td width=\"425\">Temas Especiales<\/td>\n<td width=\"38\">45<\/td>\n<td width=\"95\">03<\/td>\n<\/tr>\n<tr>\n<td width=\"36\"><\/td>\n<td width=\"85\">20176027<\/td>\n<td width=\"425\">Temas Especiales<\/td>\n<td width=\"38\">60<\/td>\n<td width=\"95\">04<\/td>\n<\/tr>\n<tr>\n<td width=\"36\"><\/td>\n<td width=\"85\">20176028<\/td>\n<td width=\"425\">Temas Especiales<\/td>\n<td width=\"38\">75<\/td>\n<td width=\"95\">05<\/td>\n<\/tr>\n<\/tbody>\n<\/table>","protected":false},"excerpt":{"rendered":"<p># C\u00f3d. Disc. ACTIVIDADES OBLIGATORIAS CH CR\u00c9DITOS 1 20176001 Experimentaci\u00f3n Agr\u00edcola 75 05 2 20176029 Seminario 45 03 3 20176004 Elaboraci\u00f3n de Disertaci\u00f3n 00 00 4 20176032 Disertaci\u00f3n 00 00 5 20176031 Calificaci\u00f3n 00 00 # C\u00f3d. Disc. ACTIVIDADES OPTATIVAS CH CR\u00c9DITOS 6 20176006 Agricultura I 75 05 7 20176007 Agricultura II 75 05 8 [&hellip;]<\/p>\n","protected":false},"author":3445,"featured_media":0,"parent":0,"menu_order":0,"comment_status":"closed","ping_status":"closed","template":"","meta":{"footnotes":""},"coauthors":[8],"class_list":["post-151","page","type-page","status-publish","hentry"],"_links":{"self":[{"href":"https:\/\/ppgagronomiacpcs.ufms.br\/es\/wp-json\/wp\/v2\/pages\/151","targetHints":{"allow":["GET"]}}],"collection":[{"href":"https:\/\/ppgagronomiacpcs.ufms.br\/es\/wp-json\/wp\/v2\/pages"}],"about":[{"href":"https:\/\/ppgagronomiacpcs.ufms.br\/es\/wp-json\/wp\/v2\/types\/page"}],"author":[{"embeddable":true,"href":"https:\/\/ppgagronomiacpcs.ufms.br\/es\/wp-json\/wp\/v2\/users\/3445"}],"replies":[{"embeddable":true,"href":"https:\/\/ppgagronomiacpcs.ufms.br\/es\/wp-json\/wp\/v2\/comments?post=151"}],"version-history":[{"count":14,"href":"https:\/\/ppgagronomiacpcs.ufms.br\/es\/wp-json\/wp\/v2\/pages\/151\/revisions"}],"predecessor-version":[{"id":2775,"href":"https:\/\/ppgagronomiacpcs.ufms.br\/es\/wp-json\/wp\/v2\/pages\/151\/revisions\/2775"}],"wp:attachment":[{"href":"https:\/\/ppgagronomiacpcs.ufms.br\/es\/wp-json\/wp\/v2\/media?parent=151"}],"wp:term":[{"taxonomy":"author","embeddable":true,"href":"https:\/\/ppgagronomiacpcs.ufms.br\/es\/wp-json\/wp\/v2\/coauthors?post=151"}],"curies":[{"name":"wp","href":"https:\/\/api.w.org\/{rel}","templated":true}]}}