{"id":256,"date":"2018-01-17T16:07:33","date_gmt":"2018-01-17T19:07:33","guid":{"rendered":"https:\/\/ppgagronomiacpcs.ufms.br\/?page_id=256"},"modified":"2025-03-15T18:52:29","modified_gmt":"2025-03-15T22:52:29","slug":"dissertacoes-e-teses","status":"publish","type":"page","link":"https:\/\/ppgagronomiacpcs.ufms.br\/es\/dissertacoes-e-teses\/","title":{"rendered":"Disertaciones"},"content":{"rendered":"<table style=\"height: 2613px\" width=\"630\">\n<tbody>\n<tr>\n<td><strong>2013<\/strong><\/td>\n<\/tr>\n<tr>\n<td><a href=\"https:\/\/ppgagronomiacpcs.ufms.br\/files\/2018\/01\/Disserta\u00e7\u00e3o-Alfredo-Riciere-Dias.pdf\">Disserta\u00e7\u00e3o Alfredo Riciere Dias<\/a><\/td>\n<\/tr>\n<tr>\n<td><a href=\"https:\/\/ppgagronomiacpcs.ufms.br\/files\/2018\/01\/Disserta\u00e7\u00e3o-Dayana-Rotili-Nunes-Picolotto-1.pdf\">Disserta\u00e7\u00e3o Dayana Rotili Nunes Picolotto<\/a><\/td>\n<\/tr>\n<tr>\n<td><a href=\"https:\/\/ppgagronomiacpcs.ufms.br\/files\/2018\/01\/Disserta\u00e7\u00e3o-Josiane-Vogel-Cortina-Theodoro-1.pdf\">Disserta\u00e7\u00e3o Josiane Vogel Cortina Theodoro<\/a><\/td>\n<\/tr>\n<tr>\n<td><a href=\"https:\/\/ppgagronomiacpcs.ufms.br\/files\/2018\/01\/Disserta\u00e7\u00e3o_Rafael-Gon\u00e7alves-Vilela-2.pdf\">Disserta\u00e7\u00e3o_Rafael Gon\u00e7alves Vilela<\/a><\/td>\n<\/tr>\n<tr>\n<td><\/td>\n<\/tr>\n<tr>\n<td><strong>2014<\/strong><\/td>\n<\/tr>\n<tr>\n<td><a href=\"https:\/\/ppgagronomiacpcs.ufms.br\/files\/2018\/01\/Disserta\u00e7\u00e3o_Anderson-Abreu-de-Jesus.pdf\">Disserta\u00e7\u00e3o_Anderson Abreu de Jesus<\/a><\/td>\n<\/tr>\n<tr>\n<td><a href=\"https:\/\/ppgagronomiacpcs.ufms.br\/files\/2018\/01\/Disserta\u00e7\u00e3o_Bruno-Zuntini-1.pdf\">Disserta\u00e7\u00e3o_Bruno Zuntini<\/a><\/td>\n<\/tr>\n<tr>\n<td><a href=\"https:\/\/ppgagronomiacpcs.ufms.br\/files\/2018\/01\/Disserta\u00e7\u00e3o_Denis-de-Matos-Silva.pdf\">Disserta\u00e7\u00e3o_Denis de Matos Silva<\/a><\/td>\n<\/tr>\n<tr>\n<td><a href=\"https:\/\/ppgagronomiacpcs.ufms.br\/files\/2018\/01\/Disserta\u00e7\u00e3o_Epit\u00e1cio-Jos\u00e9-de-Souza.pdf\">Disserta\u00e7\u00e3o_Epit\u00e1cio Jos\u00e9 de Souza<\/a><\/td>\n<\/tr>\n<tr>\n<td><a href=\"https:\/\/ppgagronomiacpcs.ufms.br\/files\/2018\/01\/Disserta\u00e7\u00e3o_F\u00e1bio-da-Silva-Tosta.pdf\">Disserta\u00e7\u00e3o_F\u00e1bio da Silva Tosta<\/a><\/td>\n<\/tr>\n<tr>\n<td><a href=\"https:\/\/ppgagronomiacpcs.ufms.br\/files\/2018\/01\/Disserta\u00e7\u00e3o_Heloisa-Bueno-de-Souza-1.pdf\">Disserta\u00e7\u00e3o_Heloisa Bueno de Souza<\/a><\/td>\n<\/tr>\n<tr>\n<td><a href=\"https:\/\/ppgagronomiacpcs.ufms.br\/files\/2018\/01\/Disserta\u00e7\u00e3o-Jos\u00e9-Augusto-Dias-Neto.pdf\">Disserta\u00e7\u00e3o Jos\u00e9 Augusto Dias Neto<\/a><\/td>\n<\/tr>\n<tr>\n<td><a href=\"https:\/\/ppgagronomiacpcs.ufms.br\/files\/2018\/01\/Disserta\u00e7\u00e3o_Lucymara-Merquides-Contardi.pdf\">Disserta\u00e7\u00e3o_Lucymara Merquides Contardi<\/a><\/td>\n<\/tr>\n<tr>\n<td><a href=\"https:\/\/ppgagronomiacpcs.ufms.br\/files\/2018\/01\/Disserta\u00e7\u00e3o_Luiz-Fernando-Aparecido-de-Almeida-1.pdf\">Disserta\u00e7\u00e3o_Luiz Fernando Aparecido de Almeida<\/a><\/td>\n<\/tr>\n<tr>\n<td><a href=\"https:\/\/ppgagronomiacpcs.ufms.br\/files\/2018\/01\/Disserta\u00e7\u00e3o_Monica-Cristina-Rezende-Zuffo-Borges.pdf\">Disserta\u00e7\u00e3o_Monica Cristina Rezende Zuffo Borges<\/a><\/td>\n<\/tr>\n<tr>\n<td><a href=\"https:\/\/ppgagronomiacpcs.ufms.br\/files\/2018\/01\/Disserta\u00e7\u00e3o-Rafael-Belisario-Teixeira-1.pdf\">Disserta\u00e7\u00e3o Rafael Belisario Teixeira<\/a><\/td>\n<\/tr>\n<tr>\n<td><a href=\"https:\/\/ppgagronomiacpcs.ufms.br\/files\/2018\/01\/Disserta\u00e7\u00e3o_Rafael-da-Costa-Leite-1.pdf\">Disserta\u00e7\u00e3o_Rafael da Costa Leite<\/a><\/td>\n<\/tr>\n<tr>\n<td><a href=\"https:\/\/ppgagronomiacpcs.ufms.br\/files\/2018\/01\/Disserta\u00e7\u00e3o_Renato-Anast\u00e1cio-Guazina-1.pdf\">Disserta\u00e7\u00e3o_Renato Anast\u00e1cio Guazina<\/a><\/td>\n<\/tr>\n<tr>\n<td><a href=\"https:\/\/ppgagronomiacpcs.ufms.br\/files\/2018\/01\/Disserta\u00e7\u00e3o_Roberta-de-Vasconcelos-Ramires-1.pdf\">Disserta\u00e7\u00e3o_Roberta de Vasconcelos Ramires<\/a><\/td>\n<\/tr>\n<tr>\n<td><a href=\"https:\/\/ppgagronomiacpcs.ufms.br\/files\/2018\/01\/Disserta\u00e7\u00e3o_Vinicius-Alves-1.pdf\">Disserta\u00e7\u00e3o_Vinicius Alves<\/a><\/td>\n<\/tr>\n<tr>\n<td><\/td>\n<\/tr>\n<tr>\n<td><strong>2015<\/strong><\/td>\n<\/tr>\n<tr>\n<td><a href=\"https:\/\/ppgagronomiacpcs.ufms.br\/files\/2018\/01\/Disserta\u00e7\u00e3o_Alexandra-Botelho-de-Lima-Abreu.pdf\">Disserta\u00e7\u00e3o_Alexandra Botelho de Lima Abreu<\/a><\/td>\n<\/tr>\n<tr>\n<td><a href=\"https:\/\/ppgagronomiacpcs.ufms.br\/files\/2018\/01\/Disserta\u00e7\u00e3o_Antonio-Robis-de-Lima-1.pdf\">Disserta\u00e7\u00e3o_Antonio Robis de Lima<\/a><\/td>\n<\/tr>\n<tr>\n<td><a href=\"https:\/\/ppgagronomiacpcs.ufms.br\/files\/2018\/01\/Disserta\u00e7\u00e3o_D\u00e9bora-Cristina-Agnes.pdf\">Disserta\u00e7\u00e3o_D\u00e9bora Cristina Agnes<\/a><\/td>\n<\/tr>\n<tr>\n<td><a href=\"https:\/\/ppgagronomiacpcs.ufms.br\/files\/2018\/01\/Disserta\u00e7\u00e3o_Eduardo-Pradi-Vendruscolo.pdf\">Disserta\u00e7\u00e3o_Eduardo Pradi Vendruscolo<\/a><\/td>\n<\/tr>\n<tr>\n<td><a href=\"https:\/\/ppgagronomiacpcs.ufms.br\/files\/2018\/01\/Disserta\u00e7\u00e3o_Eric-Fabiano-Seraguzi-1.pdf\">Disserta\u00e7\u00e3o_Eric Fabiano Seraguzi<\/a><\/td>\n<\/tr>\n<tr>\n<td><a href=\"https:\/\/ppgagronomiacpcs.ufms.br\/files\/2018\/01\/Disserta\u00e7\u00e3o_Kenio-Batista-Nogueria.pdf\">Disserta\u00e7\u00e3o_Kenio Batista Nogueria<\/a><\/td>\n<\/tr>\n<tr>\n<td><a href=\"https:\/\/ppgagronomiacpcs.ufms.br\/files\/2018\/01\/Disserta\u00e7\u00e3o_L\u00e9lia-Vanessa-Milane-1.pdf\">Disserta\u00e7\u00e3o_L\u00e9lia Vanessa Milane<\/a><\/td>\n<\/tr>\n<tr>\n<td><a href=\"https:\/\/ppgagronomiacpcs.ufms.br\/files\/2018\/01\/Disserta\u00e7\u00e3o_Lennis-Afraire-Rodrigues.pdf\">Disserta\u00e7\u00e3o_Lennis Afraire Rodrigues<\/a><\/td>\n<\/tr>\n<tr>\n<td><a href=\"https:\/\/ppgagronomiacpcs.ufms.br\/files\/2018\/01\/Disserta\u00e7\u00e3o_Lucas-Alves-de-Arruda.pdf\">Disserta\u00e7\u00e3o_Lucas Alves de Arruda<\/a><\/td>\n<\/tr>\n<tr>\n<td><a href=\"https:\/\/ppgagronomiacpcs.ufms.br\/files\/2018\/01\/Disserta\u00e7\u00e3o_Luis-Fernando-Cunha-de-Oliveira.pdf\">Disserta\u00e7\u00e3o_Luis Fernando Cunha de Oliveira<\/a><\/td>\n<\/tr>\n<tr>\n<td><a href=\"https:\/\/ppgagronomiacpcs.ufms.br\/files\/2018\/01\/Disserta\u00e7\u00e3o_Maria-Julia-Betiolo-Troleis-1.pdf\">Disserta\u00e7\u00e3o_Maria Julia Betiolo Troleis<\/a><\/td>\n<\/tr>\n<tr>\n<td><a href=\"https:\/\/ppgagronomiacpcs.ufms.br\/files\/2018\/01\/Disserta\u00e7\u00e3o_-Otieres-Cirino-de-Carvalho.pdf\">Disserta\u00e7\u00e3o_ Otieres Cirino de Carvalho<\/a><\/td>\n<\/tr>\n<tr>\n<td><a href=\"https:\/\/ppgagronomiacpcs.ufms.br\/files\/2018\/01\/Disserta\u00e7\u00e3o_Roberta-Pacola-Oliveira-1.pdf\">Disserta\u00e7\u00e3o_Roberta Pacola Oliveira<\/a><\/td>\n<\/tr>\n<tr>\n<td><a href=\"https:\/\/ppgagronomiacpcs.ufms.br\/files\/2018\/01\/Disserta\u00e7\u00e3o_Sherithon-Martins-de-Paula-1.pdf\">Disserta\u00e7\u00e3o_Sherithon Martins de Paula<\/a><\/td>\n<\/tr>\n<tr>\n<td><a href=\"https:\/\/ppgagronomiacpcs.ufms.br\/files\/2018\/01\/Disserta\u00e7\u00e3o_Sofia-Michele-Muchalak.pdf\">Disserta\u00e7\u00e3o_Sofia Michele Muchalak<\/a><\/td>\n<\/tr>\n<tr>\n<td><\/td>\n<\/tr>\n<tr>\n<td><strong>2016<\/strong><\/td>\n<\/tr>\n<tr>\n<td><a href=\"https:\/\/ppgagronomiacpcs.ufms.br\/files\/2018\/01\/Disserta\u00e7\u00e3o-de-Mestrado-Andr\u00e9-Longui-Javarez.pdf\">Disserta\u00e7\u00e3o de Mestrado &#8211; Andr\u00e9 Longui Javarez<\/a><\/td>\n<\/tr>\n<tr>\n<td><a href=\"https:\/\/ppgagronomiacpcs.ufms.br\/files\/2018\/01\/Disserta\u00e7\u00e3o_Andrisley-Joaquim-da-Silva.pdf\">Disserta\u00e7\u00e3o_Andrisley Joaquim da Silva<\/a><\/td>\n<\/tr>\n<tr>\n<td><a href=\"https:\/\/ppgagronomiacpcs.ufms.br\/files\/2018\/01\/Disserta\u00e7\u00e3o_Angelo-Francisco-Calegare-Lemes-1.pdf\">Disserta\u00e7\u00e3o_Angelo Francisco Calegare Lemes<\/a><\/td>\n<\/tr>\n<tr>\n<td><a href=\"https:\/\/ppgagronomiacpcs.ufms.br\/files\/2018\/01\/Disserta\u00e7\u00e3o_Catia-Aparecida-Simon-2.pdf\">Disserta\u00e7\u00e3o_Catia Aparecida Simon<\/a><\/td>\n<\/tr>\n<tr>\n<td><a href=\"https:\/\/ppgagronomiacpcs.ufms.br\/files\/2018\/01\/Dissertacao_Danilo-Carvalho-Neves.pdf\">Dissertacao_Danilo Carvalho Neves<\/a><\/td>\n<\/tr>\n<tr>\n<td><a href=\"https:\/\/ppgagronomiacpcs.ufms.br\/files\/2018\/01\/Disserta\u00e7\u00e3o_Erinaldo-Alves-da-Cunha-Junior.pdf\">Disserta\u00e7\u00e3o_Erinaldo Alves da Cunha Junior<\/a><\/td>\n<\/tr>\n<tr>\n<td><a href=\"https:\/\/ppgagronomiacpcs.ufms.br\/files\/2018\/01\/Disserta\u00e7\u00e3o_F\u00e1bio-da-Silva-Paulino-Borges.pdf\">Disserta\u00e7\u00e3o_F\u00e1bio da Silva Paulino Borges<\/a><\/td>\n<\/tr>\n<tr>\n<td><a href=\"https:\/\/ppgagronomiacpcs.ufms.br\/files\/2018\/01\/Disserta\u00e7\u00e3o_Michelle-Botelho-Ronqui-1.pdf\">Disserta\u00e7\u00e3o_Michelle Botelho Ronqui<\/a><\/td>\n<\/tr>\n<tr>\n<td><a href=\"https:\/\/ppgagronomiacpcs.ufms.br\/files\/2018\/01\/Disserta\u00e7\u00e3o_Osvaldir-Feliciano-dos-Santos-1.pdf\">Disserta\u00e7\u00e3o_Osvaldir Feliciano dos Santos<\/a><\/td>\n<\/tr>\n<tr>\n<td><a href=\"https:\/\/ppgagronomiacpcs.ufms.br\/files\/2018\/01\/Disserta\u00e7\u00e3o_Rafael-Ferreira-Barreto.pdf\">Disserta\u00e7\u00e3o_Rafael Ferreira Barreto<\/a><\/td>\n<\/tr>\n<tr>\n<td><a href=\"https:\/\/ppgagronomiacpcs.ufms.br\/files\/2018\/01\/Disserta\u00e7\u00e3o_Roselaine-Lage-Fonseca-Prado-1.pdf\">Disserta\u00e7\u00e3o_Roselaine Lage Fonseca Prado<\/a><\/td>\n<\/tr>\n<tr>\n<td><a href=\"https:\/\/ppgagronomiacpcs.ufms.br\/files\/2018\/01\/Disserta\u00e7\u00e3o_Thayla-Christiane-Putrick.pdf\">Disserta\u00e7\u00e3o_Thayla Christiane Putrick<\/a><\/td>\n<\/tr>\n<tr>\n<td><a href=\"https:\/\/ppgagronomiacpcs.ufms.br\/files\/2018\/01\/Disserta\u00e7\u00e3o_Vanessa-Alpe-1.pdf\">Disserta\u00e7\u00e3o_Vanessa Alpe<\/a><\/td>\n<\/tr>\n<tr>\n<td><\/td>\n<\/tr>\n<tr>\n<td>\u00a0<strong>2017<\/strong><\/td>\n<\/tr>\n<tr>\n<td><a href=\"https:\/\/ppgagronomiacpcs.ufms.br\/files\/2018\/01\/Disserta\u00e7\u00e3o_Christian-Rones-Wruck-de-Souza-Os\u00f3rio.pdf\">Disserta\u00e7\u00e3o_Christian Rones Wruck de Souza Os\u00f3rio<\/a><\/td>\n<\/tr>\n<tr>\n<td><a href=\"https:\/\/ppgagronomiacpcs.ufms.br\/files\/2018\/01\/Disserta\u00e7\u00e3o_Cl\u00e1udia-Kely-Pires-de-Mattos-Sorana.pdf\">Disserta\u00e7\u00e3o_Cl\u00e1udia Kely Pires de Mattos Sorana<\/a><\/td>\n<\/tr>\n<tr>\n<td><a href=\"https:\/\/ppgagronomiacpcs.ufms.br\/files\/2018\/01\/Disserta\u00e7\u00e3o_Daiane-de-Souza-Bueno.pdf\">Disserta\u00e7\u00e3o_Daiane de Souza Bueno<\/a><\/td>\n<\/tr>\n<tr>\n<td><a href=\"https:\/\/ppgagronomiacpcs.ufms.br\/files\/2018\/01\/Disserta\u00e7\u00e3o_Desir\u00e9e-Krisleyne-Candido-Modesto-1.pdf\">Disserta\u00e7\u00e3o_Desir\u00e9e Krisleyne Candido Modesto<\/a><\/td>\n<\/tr>\n<tr>\n<td><a href=\"https:\/\/ppgagronomiacpcs.ufms.br\/files\/2018\/01\/Disserta\u00e7\u00e3o_Hugo_Manoel_de_Souza.pdf\">Disserta\u00e7\u00e3o_Hugo_Manoel_de_Souza<\/a><\/td>\n<\/tr>\n<tr>\n<td><a href=\"https:\/\/ppgagronomiacpcs.ufms.br\/files\/2018\/01\/Disserta\u00e7\u00e3o_Job-Teixeira-de-Oliveira-1.pdf\">Disserta\u00e7\u00e3o_Job Teixeira de Oliveira<\/a><\/td>\n<\/tr>\n<tr>\n<td><a href=\"https:\/\/ppgagronomiacpcs.ufms.br\/files\/2018\/01\/Disserta\u00e7\u00e3o_Maicon-Jose-Nocchi.pdf\">Disserta\u00e7\u00e3o_Maicon Jose Nocchi<\/a><\/td>\n<\/tr>\n<tr>\n<td><a href=\"https:\/\/ppgagronomiacpcs.ufms.br\/files\/2018\/01\/Disserta\u00e7\u00e3o_Marco-Ant\u00f4nio-Vrech-de-Souza.pdf\">Disserta\u00e7\u00e3o_Marco Ant\u00f4nio Vrech de Souza<\/a><\/td>\n<\/tr>\n<tr>\n<td><a href=\"https:\/\/ppgagronomiacpcs.ufms.br\/files\/2018\/01\/Disserta\u00e7\u00e3o_Marilize-Bittencourt-Caldas.pdf\">Disserta\u00e7\u00e3o_Marilize Bittencourt Caldas<\/a><\/td>\n<\/tr>\n<tr>\n<td><a href=\"https:\/\/ppgagronomiacpcs.ufms.br\/files\/2018\/01\/Disserta\u00e7\u00e3o_Paulo-Augusto-Zucchi-Desenso.pdf\">Disserta\u00e7\u00e3o_Paulo Augusto Zucchi Desenso<\/a><\/td>\n<\/tr>\n<tr>\n<td><a href=\"https:\/\/ppgagronomiacpcs.ufms.br\/files\/2018\/01\/Disserta\u00e7\u00e3o_Pedro-de-Paula-Cabral.pdf\">Disserta\u00e7\u00e3o_Pedro de Paula Cabral<\/a><\/td>\n<\/tr>\n<tr>\n<td><a href=\"https:\/\/ppgagronomiacpcs.ufms.br\/files\/2018\/01\/Disserta\u00e7\u00e3o_Rafael-Santos-Faraun.pdf\">Disserta\u00e7\u00e3o_Rafael Santos Faraun<\/a><\/td>\n<\/tr>\n<tr>\n<td><a href=\"https:\/\/ppgagronomiacpcs.ufms.br\/files\/2018\/01\/Disserta\u00e7\u00e3o_S\u00e2mela-Beutinger-Cavalheiro.pdf\">Disserta\u00e7\u00e3o_S\u00e2mela Beutinger Cavalheiro<\/a><\/td>\n<\/tr>\n<tr>\n<td><a href=\"https:\/\/ppgagronomiacpcs.ufms.br\/files\/2018\/01\/Disserta\u00e7\u00e3o_Sulene-Rosa-da-Silva.pdf\">Disserta\u00e7\u00e3o_Sulene Rosa da Silva<\/a><\/td>\n<\/tr>\n<tr>\n<td><\/td>\n<\/tr>\n<tr>\n<td><strong>2018<\/strong><\/td>\n<\/tr>\n<tr>\n<td><a href=\"https:\/\/ppgagronomiacpcs.ufms.br\/files\/2018\/01\/Disserta\u00e7\u00e3o_Aline-Sant-Anna-Monqueiro.pdf\">Disserta\u00e7\u00e3o_Aline Sant&#8217; Anna Monqueiro<\/a><\/td>\n<\/tr>\n<tr>\n<td><a href=\"https:\/\/ppgagronomiacpcs.ufms.br\/files\/2018\/01\/Disserta\u00e7\u00e3o_Bruna-Rengel-de-Freitas-Naves.pdf\">Disserta\u00e7\u00e3o_Bruna Rengel de Freitas Naves<\/a><\/td>\n<\/tr>\n<tr>\n<td><a href=\"https:\/\/ppgagronomiacpcs.ufms.br\/files\/2018\/01\/Disserta\u00e7\u00e3o_Fernanda-Brito-Cardoso.pdf\">Disserta\u00e7\u00e3o_Fernanda Brito Cardoso<\/a><\/td>\n<\/tr>\n<tr>\n<td><a href=\"https:\/\/ppgagronomiacpcs.ufms.br\/files\/2018\/01\/Disserta\u00e7\u00e3o_Fernando-Henrique-Queiroz-Souza.pdf\">Disserta\u00e7\u00e3o_Fernando Henrique Queiroz Souza<\/a><\/td>\n<\/tr>\n<tr>\n<td><a href=\"https:\/\/ppgagronomiacpcs.ufms.br\/files\/2018\/01\/Disserta\u00e7\u00e3o_Francieli-Aparecida-do-Amaral.pdf\">Disserta\u00e7\u00e3o_Francieli Aparecida do Amaral<\/a><\/td>\n<\/tr>\n<tr>\n<td><a href=\"https:\/\/ppgagronomiacpcs.ufms.br\/files\/2018\/01\/Disserta\u00e7\u00e3o_Gabriel-Luiz-Piati.pdf\">Disserta\u00e7\u00e3o_Gabriel Luiz Piati<\/a><\/td>\n<\/tr>\n<tr>\n<td><a href=\"https:\/\/ppgagronomiacpcs.ufms.br\/files\/2018\/01\/Disserta\u00e7\u00e3o_Irineu-Eduardo-K\u00fchn.pdf\">Disserta\u00e7\u00e3o_Irineu Eduardo K\u00fchn<\/a><\/td>\n<\/tr>\n<tr>\n<td><a href=\"https:\/\/ppgagronomiacpcs.ufms.br\/files\/2018\/01\/Disserta\u00e7\u00e3o_Josiane-Aparecida-Viveiros-de-Oliveira-1.pdf\">Disserta\u00e7\u00e3o_Josiane Aparecida Viveiros de Oliveira<\/a><\/td>\n<\/tr>\n<tr>\n<td><a href=\"https:\/\/ppgagronomiacpcs.ufms.br\/files\/2018\/01\/Disserta\u00e7\u00e3o_La\u00eds-Mayara-Melo-Dur\u00e9.pdf\">Disserta\u00e7\u00e3o_La\u00eds Mayara Melo Dur\u00e9<\/a><\/td>\n<\/tr>\n<tr>\n<td><a href=\"https:\/\/ppgagronomiacpcs.ufms.br\/files\/2018\/01\/Disserta\u00e7\u00e3o_Leila-Bernart.pdf\">Disserta\u00e7\u00e3o_Leila Bernart<\/a><\/td>\n<\/tr>\n<tr>\n<td><a href=\"https:\/\/ppgagronomiacpcs.ufms.br\/files\/2018\/01\/Disserta\u00e7\u00e3o_Marcela-Pacola-Oliveira.pdf\">Disserta\u00e7\u00e3o_Marcela Pacola Oliveira<\/a><\/td>\n<\/tr>\n<tr>\n<td><a href=\"https:\/\/ppgagronomiacpcs.ufms.br\/files\/2018\/01\/Disserta\u00e7\u00e3o_Marco-Aur\u00e9lio-de-Castro.pdf\">Disserta\u00e7\u00e3o_Marco Aur\u00e9lio de Castro<\/a><\/td>\n<\/tr>\n<tr>\n<td><a href=\"https:\/\/ppgagronomiacpcs.ufms.br\/files\/2018\/01\/Disserta\u00e7\u00e3o_Patr\u00edcia-Bezerra-Mariano.pdf\">Disserta\u00e7\u00e3o_Patr\u00edcia Bezerra Mariano<\/a><\/td>\n<\/tr>\n<tr>\n<td><a href=\"https:\/\/ppgagronomiacpcs.ufms.br\/files\/2018\/01\/Disserta\u00e7\u00e3o_Rickiel-Rodrigues-Franklin-da-Silva.pdf\">Disserta\u00e7\u00e3o_Rickiel Rodrigues Franklin da Silva<\/a><\/td>\n<\/tr>\n<tr>\n<td><a href=\"https:\/\/ppgagronomiacpcs.ufms.br\/files\/2018\/01\/Disserta\u00e7\u00e3o_Suzany-Santo-de-Moura.pdf\">Disserta\u00e7\u00e3o_Suzany Santo de Moura<\/a><\/td>\n<\/tr>\n<\/tbody>\n<\/table>\n<p>&nbsp;","protected":false},"excerpt":{"rendered":"<p>2013 Disserta\u00e7\u00e3o Alfredo Riciere Dias Disserta\u00e7\u00e3o Dayana Rotili Nunes Picolotto Disserta\u00e7\u00e3o Josiane Vogel Cortina Theodoro Disserta\u00e7\u00e3o_Rafael Gon\u00e7alves Vilela 2014 Disserta\u00e7\u00e3o_Anderson Abreu de Jesus Disserta\u00e7\u00e3o_Bruno Zuntini Disserta\u00e7\u00e3o_Denis de Matos Silva Disserta\u00e7\u00e3o_Epit\u00e1cio Jos\u00e9 de Souza Disserta\u00e7\u00e3o_F\u00e1bio da Silva Tosta Disserta\u00e7\u00e3o_Heloisa Bueno de Souza Disserta\u00e7\u00e3o Jos\u00e9 Augusto Dias Neto Disserta\u00e7\u00e3o_Lucymara Merquides Contardi Disserta\u00e7\u00e3o_Luiz Fernando Aparecido de Almeida Disserta\u00e7\u00e3o_Monica [&hellip;]<\/p>\n","protected":false},"author":1491,"featured_media":0,"parent":0,"menu_order":0,"comment_status":"closed","ping_status":"closed","template":"","meta":{"footnotes":""},"coauthors":[],"class_list":["post-256","page","type-page","status-publish","hentry"],"_links":{"self":[{"href":"https:\/\/ppgagronomiacpcs.ufms.br\/es\/wp-json\/wp\/v2\/pages\/256","targetHints":{"allow":["GET"]}}],"collection":[{"href":"https:\/\/ppgagronomiacpcs.ufms.br\/es\/wp-json\/wp\/v2\/pages"}],"about":[{"href":"https:\/\/ppgagronomiacpcs.ufms.br\/es\/wp-json\/wp\/v2\/types\/page"}],"author":[{"embeddable":true,"href":"https:\/\/ppgagronomiacpcs.ufms.br\/es\/wp-json\/wp\/v2\/users\/1491"}],"replies":[{"embeddable":true,"href":"https:\/\/ppgagronomiacpcs.ufms.br\/es\/wp-json\/wp\/v2\/comments?post=256"}],"version-history":[{"count":75,"href":"https:\/\/ppgagronomiacpcs.ufms.br\/es\/wp-json\/wp\/v2\/pages\/256\/revisions"}],"predecessor-version":[{"id":2590,"href":"https:\/\/ppgagronomiacpcs.ufms.br\/es\/wp-json\/wp\/v2\/pages\/256\/revisions\/2590"}],"wp:attachment":[{"href":"https:\/\/ppgagronomiacpcs.ufms.br\/es\/wp-json\/wp\/v2\/media?parent=256"}],"wp:term":[{"taxonomy":"author","embeddable":true,"href":"https:\/\/ppgagronomiacpcs.ufms.br\/es\/wp-json\/wp\/v2\/coauthors?post=256"}],"curies":[{"name":"wp","href":"https:\/\/api.w.org\/{rel}","templated":true}]}}