{"id":277,"date":"2018-04-09T13:54:18","date_gmt":"2018-04-09T17:54:18","guid":{"rendered":"https:\/\/ppgagronomiacpcs.ufms.br\/?page_id=277"},"modified":"2025-07-02T09:42:35","modified_gmt":"2025-07-02T13:42:35","slug":"colegiado","status":"publish","type":"page","link":"https:\/\/ppgagronomiacpcs.ufms.br\/es\/colegiado\/","title":{"rendered":"Coordinadores"},"content":{"rendered":"<table style=\"height: 419px\" width=\"702\">\n<tbody>\n<tr>\n<td width=\"198\"><strong>Miembro<\/strong><\/td>\n<td width=\"19\"><\/td>\n<td width=\"170\"><strong>Cargo<\/strong><\/td>\n<td width=\"19\"><\/td>\n<td width=\"198\"><strong>Email<\/strong><\/td>\n<td width=\"113\"><strong>Tel\u00e9fono<\/strong><\/td>\n<\/tr>\n<tr>\n<td width=\"198\"><a href=\"http:\/\/lattes.cnpq.br\/9130038433176378\">Charline Zaratin Alves<\/a><\/td>\n<td width=\"19\"><\/td>\n<td width=\"170\">Presidente<\/td>\n<td width=\"19\"><\/td>\n<td width=\"198\">charline.alves@ufms.br<\/td>\n<td width=\"113\">(67)3562-6326<\/td>\n<\/tr>\n<tr>\n<td width=\"198\"><a href=\"http:\/\/lattes.cnpq.br\/5720701444145747\">Fabio Henrique Rojo Baio<\/a><\/td>\n<td width=\"19\"><\/td>\n<td width=\"170\">Representante de profesores<\/td>\n<td width=\"19\"><\/td>\n<td width=\"198\">fabiobaio@ufms.br<\/td>\n<td width=\"113\">(67)3562-6314<\/td>\n<\/tr>\n<tr>\n<td width=\"198\"><a href=\"http:\/\/lattes.cnpq.br\/4988246242311444\">Cid Naudi Silva Campos<\/a><\/td>\n<td width=\"19\"><\/td>\n<td width=\"170\">Representante de Profesores<\/td>\n<td width=\"19\"><\/td>\n<td width=\"198\">cid.campos@ufms.br<\/td>\n<td width=\"113\">(67)3562-6356<\/td>\n<\/tr>\n<tr>\n<td width=\"198\"><a href=\"http:\/\/lattes.cnpq.br\/2586706974189565\">Sebasti\u00e3o Ferreira de Lima<\/a><\/td>\n<td width=\"19\"><\/td>\n<td width=\"170\">Representante de Profesores<\/td>\n<td width=\"19\"><\/td>\n<td width=\"198\">sebastiao.lima@ufms.br<\/td>\n<td width=\"113\">(67)3562-6316<\/td>\n<\/tr>\n<tr>\n<td width=\"198\"><a href=\"http:\/\/lattes.cnpq.br\/9969509263734624\">Rita de C\u00e1ssia F\u00e9lix Alvarez<\/a><\/td>\n<td width=\"19\"><\/td>\n<td width=\"170\">Representante de Profesores<\/td>\n<td width=\"19\"><\/td>\n<td width=\"198\">rita.alvarez@ufms.br<\/td>\n<td width=\"113\">(67)3562-6357<\/td>\n<\/tr>\n<tr>\n<td width=\"198\"><a href=\"http:\/\/lattes.cnpq.br\/1066374409060112\">Elisangela de Souza Loureiro<\/a><\/td>\n<td width=\"19\"><\/td>\n<td width=\"170\">Representante de Profesores<\/td>\n<td width=\"19\"><\/td>\n<td width=\"198\">elisangela.loureiro@ufms.br<\/td>\n<td width=\"113\">(67)3562-6354<\/td>\n<\/tr>\n<tr>\n<td width=\"198\"><a href=\"http:\/\/buscatextual.cnpq.br\/buscatextual\/visualizacv.do?id=K4805011Y3\" target=\"_blank\" rel=\"noopener noreferrer\">Othon Lauar Godinho<\/a><\/td>\n<td width=\"19\"><\/td>\n<td width=\"170\">Representante de Estudiantes<\/td>\n<td width=\"19\"><\/td>\n<td width=\"198\">othonforester@gmail.com<\/td>\n<td width=\"113\"><\/td>\n<\/tr>\n<\/tbody>\n<\/table>","protected":false},"excerpt":{"rendered":"<p>Miembro Cargo Email Tel\u00e9fono Charline Zaratin Alves Presidente charline.alves@ufms.br (67)3562-6326 Fabio Henrique Rojo Baio Representante de profesores fabiobaio@ufms.br (67)3562-6314 Cid Naudi Silva Campos Representante de Profesores cid.campos@ufms.br (67)3562-6356 Sebasti\u00e3o Ferreira de Lima Representante de Profesores sebastiao.lima@ufms.br (67)3562-6316 Rita de C\u00e1ssia F\u00e9lix Alvarez Representante de Profesores rita.alvarez@ufms.br (67)3562-6357 Elisangela de Souza Loureiro Representante de Profesores elisangela.loureiro@ufms.br [&hellip;]<\/p>\n","protected":false},"author":7399,"featured_media":0,"parent":0,"menu_order":0,"comment_status":"closed","ping_status":"closed","template":"","meta":{"footnotes":""},"coauthors":[9],"class_list":["post-277","page","type-page","status-publish","hentry"],"_links":{"self":[{"href":"https:\/\/ppgagronomiacpcs.ufms.br\/es\/wp-json\/wp\/v2\/pages\/277","targetHints":{"allow":["GET"]}}],"collection":[{"href":"https:\/\/ppgagronomiacpcs.ufms.br\/es\/wp-json\/wp\/v2\/pages"}],"about":[{"href":"https:\/\/ppgagronomiacpcs.ufms.br\/es\/wp-json\/wp\/v2\/types\/page"}],"author":[{"embeddable":true,"href":"https:\/\/ppgagronomiacpcs.ufms.br\/es\/wp-json\/wp\/v2\/users\/7399"}],"replies":[{"embeddable":true,"href":"https:\/\/ppgagronomiacpcs.ufms.br\/es\/wp-json\/wp\/v2\/comments?post=277"}],"version-history":[{"count":28,"href":"https:\/\/ppgagronomiacpcs.ufms.br\/es\/wp-json\/wp\/v2\/pages\/277\/revisions"}],"predecessor-version":[{"id":2789,"href":"https:\/\/ppgagronomiacpcs.ufms.br\/es\/wp-json\/wp\/v2\/pages\/277\/revisions\/2789"}],"wp:attachment":[{"href":"https:\/\/ppgagronomiacpcs.ufms.br\/es\/wp-json\/wp\/v2\/media?parent=277"}],"wp:term":[{"taxonomy":"author","embeddable":true,"href":"https:\/\/ppgagronomiacpcs.ufms.br\/es\/wp-json\/wp\/v2\/coauthors?post=277"}],"curies":[{"name":"wp","href":"https:\/\/api.w.org\/{rel}","templated":true}]}}