{"id":296,"date":"2018-04-09T15:46:48","date_gmt":"2018-04-09T19:46:48","guid":{"rendered":"https:\/\/ppgagronomiacpcs.ufms.br\/?page_id=296"},"modified":"2025-04-01T15:11:48","modified_gmt":"2025-04-01T19:11:48","slug":"laboratorio-de-tecnologia-de-aplicacao","status":"publish","type":"page","link":"https:\/\/ppgagronomiacpcs.ufms.br\/es\/laboratorio-de-tecnologia-de-aplicacao\/","title":{"rendered":"Laboratorio de Tecnolog\u00eda de Aplicaci\u00f3n"},"content":{"rendered":"<p style=\"text-align: justify\">Con una superficie de 12 m\u00b2, con los siguientes equipamientos:<\/p>\n<p style=\"text-align: justify\">&#8211; Trena de fibra de vidrio de 50 m;<\/p>\n<p style=\"text-align: justify\">&#8211; Anem\u00f3metro port\u00e1til digital, con sensor por ventilaci\u00f3n y lectura m\u00ednima entre 0,5 a 20 m \/ s;<\/p>\n<p style=\"text-align: justify\">&#8211; Medidor de pH port\u00e1til digital, con rango de trabajo entre 0 y 14, resoluci\u00f3n m\u00ednima de 0,1 y calibraci\u00f3n por soluci\u00f3n est\u00e1ndar;<\/p>\n<p style=\"text-align: justify\">&#8211; Pulverizador costal de presi\u00f3n constante, mantenido por cilindro de CO<sub>2<\/sub> y uso en investigaci\u00f3n, con tanque de calda con capacidad m\u00ednima para 5 litros;<\/p>\n<p style=\"text-align: justify\">&#8211; Termo-higr\u00f3metro digital, con lecturas desde -10 a + 50\u00baC y resoluci\u00f3n de 0,1\u00baC;<\/p>\n<p style=\"text-align: justify\">&#8211; Man\u00f3metro de medici\u00f3n anal\u00f3gica, Rango: desde 1 hasta 600 BAR<\/p>\n<p style=\"text-align: justify\">&#8211; Clase de precisi\u00f3n \u00b1 0,5% &#8211; Rosca de \u00bc &#8220;- para agua;<\/p>\n<p style=\"text-align: justify\">&#8211; Balanza electr\u00f3nica con display en LCD, con capacidad de hasta 15 kg y lecturas m\u00ednimas de 1 gramo;<\/p>\n<p style=\"text-align: justify\">&#8211; Cron\u00f3metro digital port\u00e1til resistente al agua;<\/p>\n<p style=\"text-align: justify\">&#8211; Mesa de distribuci\u00f3n, para colecta de la caldera de pulverizaci\u00f3n y an\u00e1lisis de la distribuci\u00f3n del volumen aplicado;<\/p>\n<p style=\"text-align: justify\">&#8211; Presostato digital (tambi\u00e9n llamado transmisor de presi\u00f3n), con rango de medici\u00f3n: 0 a 500 BAR &#8211; Se\u00f1al de salida: 4 a 20mA, 0 a 20mA, 0 a 5Vcc, 0 a 10Vcc &#8211; rosca de 1\/4 &#8220;- para agua;<\/p>\n<p style=\"text-align: justify\">&#8211; Software e-Sprinkle, Software para an\u00e1lisis del tama\u00f1o de gotas de pulverizaci\u00f3n;<\/p>\n<p style=\"text-align: justify\">&#8211; Pulverizador estacionario para ensayo de desgaste de punta de pulverizaci\u00f3n;<\/p>\n<p style=\"text-align: justify\">&#8211; Br\u00fajula de topograf\u00eda, Marca: CSR, Modelo: DC 45;<\/p>\n<p style=\"text-align: justify\">&#8211; Congelador horizontal, Capacidad: 420 Litros, Marca Eletrolux<\/p>\n<p style=\"text-align: justify\">&#8211; Bomba hidr\u00e1ulica para prueba de presi\u00f3n manual en circuitos hidr\u00e1ulicos, MARCA: BRAX<\/p>\n<p style=\"text-align: justify\">&#8211; Medidor de part\u00edculas Malvern SprayTech;<\/p>","protected":false},"excerpt":{"rendered":"<p>Con una superficie de 12 m\u00b2, con los siguientes equipamientos: &#8211; Trena de fibra de vidrio de 50 m; &#8211; Anem\u00f3metro port\u00e1til digital, con sensor por ventilaci\u00f3n y lectura m\u00ednima entre 0,5 a 20 m \/ s; &#8211; Medidor de pH port\u00e1til digital, con rango de trabajo entre 0 y 14, resoluci\u00f3n m\u00ednima de 0,1 [&hellip;]<\/p>\n","protected":false},"author":7399,"featured_media":0,"parent":0,"menu_order":0,"comment_status":"closed","ping_status":"closed","template":"","meta":{"footnotes":""},"coauthors":[],"class_list":["post-296","page","type-page","status-publish","hentry"],"_links":{"self":[{"href":"https:\/\/ppgagronomiacpcs.ufms.br\/es\/wp-json\/wp\/v2\/pages\/296","targetHints":{"allow":["GET"]}}],"collection":[{"href":"https:\/\/ppgagronomiacpcs.ufms.br\/es\/wp-json\/wp\/v2\/pages"}],"about":[{"href":"https:\/\/ppgagronomiacpcs.ufms.br\/es\/wp-json\/wp\/v2\/types\/page"}],"author":[{"embeddable":true,"href":"https:\/\/ppgagronomiacpcs.ufms.br\/es\/wp-json\/wp\/v2\/users\/7399"}],"replies":[{"embeddable":true,"href":"https:\/\/ppgagronomiacpcs.ufms.br\/es\/wp-json\/wp\/v2\/comments?post=296"}],"version-history":[{"count":5,"href":"https:\/\/ppgagronomiacpcs.ufms.br\/es\/wp-json\/wp\/v2\/pages\/296\/revisions"}],"predecessor-version":[{"id":2687,"href":"https:\/\/ppgagronomiacpcs.ufms.br\/es\/wp-json\/wp\/v2\/pages\/296\/revisions\/2687"}],"wp:attachment":[{"href":"https:\/\/ppgagronomiacpcs.ufms.br\/es\/wp-json\/wp\/v2\/media?parent=296"}],"wp:term":[{"taxonomy":"author","embeddable":true,"href":"https:\/\/ppgagronomiacpcs.ufms.br\/es\/wp-json\/wp\/v2\/coauthors?post=296"}],"curies":[{"name":"wp","href":"https:\/\/api.w.org\/{rel}","templated":true}]}}