{"id":300,"date":"2018-04-09T16:00:34","date_gmt":"2018-04-09T20:00:34","guid":{"rendered":"https:\/\/ppgagronomiacpcs.ufms.br\/?page_id=300"},"modified":"2019-08-06T09:29:21","modified_gmt":"2019-08-06T13:29:21","slug":"laboratorio-de-informatica","status":"publish","type":"page","link":"https:\/\/ppgagronomiacpcs.ufms.br\/es\/laboratorio-de-informatica\/","title":{"rendered":"Laboratorio de inform\u00e1tica"},"content":{"rendered":"<p style=\"text-align: justify\">El Postgrado en Agronom\u00eda del CPCS \/ UFMS cuenta con laboratorio de inform\u00e1tica con 22 computadoras con procesador AMD A8 5500 3.2 Ghz Quadcore, 4 GB de memoria RAM, HD de 500 GB de almacenamiento y Windows 10. Todos los ordenadores tienen acceso a internet y tienen como principales softwares instalados:<\/p>\n<ul style=\"text-align: justify\">\n<li>SISVAR: aplicaci\u00f3n libre utilizada para clases de Experimentaci\u00f3n Agr\u00edcola;<\/li>\n<li>MS Office 2010: conjunto de software con licencia utilizado para la elaboraci\u00f3n de textos, hojas de c\u00e1lculo y presentaciones;<\/li>\n<li>AutoCAD 2015: software con licencia utilizado en clases de Agricultura de Precisi\u00f3n para confecci\u00f3n de mapas diversos;<\/li>\n<li>ArcGIS 10.5: software con licencia utilizado en clases de Geo-estad\u00edstica para confecci\u00f3n de mapas diversos.<\/li>\n<\/ul>\n<p style=\"text-align: justify\">Todos los profesores poseen microcomputadoras en sus gabinetes o laboratorios, conectados a la red. Adem\u00e1s, los postgraduados pueden registrar su ordenador personal para acceso ilimitado a la red inal\u00e1mbrica en toda la extensi\u00f3n del Campus y acceso al Portal de Peri\u00f3dicos de Capes. La velocidad de transmisi\u00f3n de datos, por la red ATM, es de 100 mbps. Con ello, los estudiantes y los profesores poseen amplio acceso a la informaci\u00f3n disponible en la red. Se puede consultar informaci\u00f3n sobre el acervo bibliogr\u00e1fico de la Biblioteca Central, tesis e informaci\u00f3n de inter\u00e9s acad\u00e9mico de cada estudiante (SISCAD y SIGPOS).<\/p>","protected":false},"excerpt":{"rendered":"<p>El Postgrado en Agronom\u00eda del CPCS \/ UFMS cuenta con laboratorio de inform\u00e1tica con 22 computadoras con procesador AMD A8 5500 3.2 Ghz Quadcore, 4 GB de memoria RAM, HD de 500 GB de almacenamiento y Windows 10. Todos los ordenadores tienen acceso a internet y tienen como principales softwares instalados: SISVAR: aplicaci\u00f3n libre utilizada [&hellip;]<\/p>\n","protected":false},"author":7399,"featured_media":0,"parent":0,"menu_order":0,"comment_status":"closed","ping_status":"closed","template":"","meta":{"footnotes":""},"coauthors":[],"class_list":["post-300","page","type-page","status-publish","hentry"],"_links":{"self":[{"href":"https:\/\/ppgagronomiacpcs.ufms.br\/es\/wp-json\/wp\/v2\/pages\/300","targetHints":{"allow":["GET"]}}],"collection":[{"href":"https:\/\/ppgagronomiacpcs.ufms.br\/es\/wp-json\/wp\/v2\/pages"}],"about":[{"href":"https:\/\/ppgagronomiacpcs.ufms.br\/es\/wp-json\/wp\/v2\/types\/page"}],"author":[{"embeddable":true,"href":"https:\/\/ppgagronomiacpcs.ufms.br\/es\/wp-json\/wp\/v2\/users\/7399"}],"replies":[{"embeddable":true,"href":"https:\/\/ppgagronomiacpcs.ufms.br\/es\/wp-json\/wp\/v2\/comments?post=300"}],"version-history":[{"count":4,"href":"https:\/\/ppgagronomiacpcs.ufms.br\/es\/wp-json\/wp\/v2\/pages\/300\/revisions"}],"predecessor-version":[{"id":935,"href":"https:\/\/ppgagronomiacpcs.ufms.br\/es\/wp-json\/wp\/v2\/pages\/300\/revisions\/935"}],"wp:attachment":[{"href":"https:\/\/ppgagronomiacpcs.ufms.br\/es\/wp-json\/wp\/v2\/media?parent=300"}],"wp:term":[{"taxonomy":"author","embeddable":true,"href":"https:\/\/ppgagronomiacpcs.ufms.br\/es\/wp-json\/wp\/v2\/coauthors?post=300"}],"curies":[{"name":"wp","href":"https:\/\/api.w.org\/{rel}","templated":true}]}}