{"id":303,"date":"2018-04-09T16:02:57","date_gmt":"2018-04-09T20:02:57","guid":{"rendered":"https:\/\/ppgagronomiacpcs.ufms.br\/?page_id=303"},"modified":"2019-08-06T09:23:30","modified_gmt":"2019-08-06T13:23:30","slug":"laboratorio-de-agricultura-de-precisao","status":"publish","type":"page","link":"https:\/\/ppgagronomiacpcs.ufms.br\/es\/laboratorio-de-agricultura-de-precisao\/","title":{"rendered":"Laboratorio de Agricultura de Precisi\u00f3n"},"content":{"rendered":"<p style=\"text-align: justify\">Con una superficie de 12 m\u00b2, con los siguientes equipamientos:<\/p>\n<p style=\"text-align: justify\">&#8211; Ordenador port\u00e1til del tipo PDA (Handheld), con sistema operativo Windows mobile o superior, con interfaz USB, ranura de expansi\u00f3n SD, memoria m\u00ednima de 128MB y bater\u00eda recargable;<\/p>\n<p style=\"text-align: justify\">&#8211; Tac\u00f3metro digital port\u00e1til, por sensor de proximidad (magn\u00e9tico), con resoluci\u00f3n de 0,1 rpm y escala entre 5 a 8000 rpm;<\/p>\n<p style=\"text-align: justify\">&#8211; Colector de datos (tambi\u00e9n llamado datalloger) Campbell scientific CR1000, con convertidor A \/ D, con un m\u00ednimo de 2 canales digitales &#8220;pulso&#8221;, con un m\u00ednimo de 4 canales anal\u00f3gicos (siendo al menos 1 canal diferencial);<\/p>\n<p style=\"text-align: justify\">&#8211; inversor de tensi\u00f3n DC \/ AC (12V &#8211; 127V) de 300 W;<\/p>\n<p style=\"text-align: justify\">&#8211; Decibil\u00edmetro digital port\u00e1til, con escala de medici\u00f3n entre 30 y 120 dB y precisi\u00f3n de +\/- 1,5 dB, uso en clase y ensayos;<\/p>\n<p style=\"text-align: justify\">&#8211; Calibrador digital;<\/p>\n<p style=\"text-align: justify\">&#8211; Software SSToolbox (SIG para Agricultura de Precisi\u00f3n);<\/p>\n<p style=\"text-align: justify\">&#8211; GPS port\u00e1til Trimble, modelo Geoexplorer XM, con colector de datos y antena integrados, con 12 canales paralelos para el c\u00f3digo C \/ A y portadora L1, con capacidad de rastreo de 12 sat\u00e9lites, precisi\u00f3n diferencial post-procesada de 1 a 3 metros, (Por ejemplo, WGS84, SAD 69 y Corrego Alegre, as\u00ed como UTM), con software de recolecci\u00f3n de datos del tipo punto, l\u00ednea o \u00e1rea, y software de post-procesamiento de los datos para correcci\u00f3n de los errores GPS;<\/p>\n<p style=\"text-align: justify\">&#8211; Medidor de humedad del suelo, electr\u00f3nico, acompa\u00f1a malta, marca: HIDROFARM;<\/p>\n<p style=\"text-align: justify\">&#8211; Software ArcGis ver\u00e1 10.5 con 31 licencias de uso acad\u00e9mico;<\/p>\n<p style=\"text-align: justify\">&#8211; Software Pix4D para el mosaico de im\u00e1genes a\u00e9reas; &#8211; Software FarmWorks para uso de AP &#8211; 20 licencias acad\u00e9micas;<\/p>\n<p style=\"text-align: justify\">&#8211; Software ENVI 5.3 para manipulaci\u00f3n y tratamiento de im\u00e1genes;<\/p>\n<p style=\"text-align: justify\">&#8211; VANT ala fija SenseFly eBee RTK, con un dise\u00f1o de ala modular. Est\u00e1 equipado con una c\u00e1mara RGB de alta resoluci\u00f3n y viene con todos los softwares y equipos necesarios para operaci\u00f3n inmediata;<\/p>\n<p style=\"text-align: justify\">&#8211; C\u00e1mara multi espectral Canon A2500 Nir;<\/p>\n<p style=\"text-align: justify\">&#8211; C\u00e1mara Termal Fotric 222s;<\/p>\n<p style=\"text-align: justify\">&#8211; Penetrometro FALKER Penetrolog;<\/p>\n<p style=\"text-align: justify\">&#8211; VANT multirotor DJI Phantom Advance;<\/p>\n<p style=\"text-align: justify\">&#8211; Par de GPS RTK Emilid Reach;<\/p>\n<p style=\"text-align: justify\">&#8211; C\u00e1mara multi espectral Tetracam ADC_lite;<\/p>\n<p style=\"text-align: justify\">&#8211; Sensor multi espectral de suelo y colector de muestras VERIS P4000.<\/p>","protected":false},"excerpt":{"rendered":"<p>Con una superficie de 12 m\u00b2, con los siguientes equipamientos: &#8211; Ordenador port\u00e1til del tipo PDA (Handheld), con sistema operativo Windows mobile o superior, con interfaz USB, ranura de expansi\u00f3n SD, memoria m\u00ednima de 128MB y bater\u00eda recargable; &#8211; Tac\u00f3metro digital port\u00e1til, por sensor de proximidad (magn\u00e9tico), con resoluci\u00f3n de 0,1 rpm y escala entre [&hellip;]<\/p>\n","protected":false},"author":7399,"featured_media":0,"parent":0,"menu_order":0,"comment_status":"closed","ping_status":"closed","template":"","meta":{"footnotes":""},"coauthors":[],"class_list":["post-303","page","type-page","status-publish","hentry"],"_links":{"self":[{"href":"https:\/\/ppgagronomiacpcs.ufms.br\/es\/wp-json\/wp\/v2\/pages\/303","targetHints":{"allow":["GET"]}}],"collection":[{"href":"https:\/\/ppgagronomiacpcs.ufms.br\/es\/wp-json\/wp\/v2\/pages"}],"about":[{"href":"https:\/\/ppgagronomiacpcs.ufms.br\/es\/wp-json\/wp\/v2\/types\/page"}],"author":[{"embeddable":true,"href":"https:\/\/ppgagronomiacpcs.ufms.br\/es\/wp-json\/wp\/v2\/users\/7399"}],"replies":[{"embeddable":true,"href":"https:\/\/ppgagronomiacpcs.ufms.br\/es\/wp-json\/wp\/v2\/comments?post=303"}],"version-history":[{"count":4,"href":"https:\/\/ppgagronomiacpcs.ufms.br\/es\/wp-json\/wp\/v2\/pages\/303\/revisions"}],"predecessor-version":[{"id":930,"href":"https:\/\/ppgagronomiacpcs.ufms.br\/es\/wp-json\/wp\/v2\/pages\/303\/revisions\/930"}],"wp:attachment":[{"href":"https:\/\/ppgagronomiacpcs.ufms.br\/es\/wp-json\/wp\/v2\/media?parent=303"}],"wp:term":[{"taxonomy":"author","embeddable":true,"href":"https:\/\/ppgagronomiacpcs.ufms.br\/es\/wp-json\/wp\/v2\/coauthors?post=303"}],"curies":[{"name":"wp","href":"https:\/\/api.w.org\/{rel}","templated":true}]}}