{"id":305,"date":"2018-04-09T16:04:11","date_gmt":"2018-04-09T20:04:11","guid":{"rendered":"https:\/\/ppgagronomiacpcs.ufms.br\/?page_id=305"},"modified":"2019-08-06T09:29:50","modified_gmt":"2019-08-06T13:29:50","slug":"laboratorio-de-microscopia","status":"publish","type":"page","link":"https:\/\/ppgagronomiacpcs.ufms.br\/es\/laboratorio-de-microscopia\/","title":{"rendered":"Laboratorio de Microscopia"},"content":{"rendered":"<p style=\"text-align: justify\">Con capacidad para 40 alumnos, \u00e1rea de 91,06 m<sup>2<\/sup>, 9 bancadas en alba\u00f1iler\u00eda, 3 fregaderos, cuadro negro y los siguientes equipamientos:<\/p>\n<p style=\"text-align: justify\">&#8211; 10 Microscopios biol\u00f3gicos binoculares con capa protectora, 110 o 220 V;<\/p>\n<p style=\"text-align: justify\">&#8211; 12 Est\u00e9reo microscopios binoculares con doble iluminaci\u00f3n, con regulaci\u00f3n de intensidad en la parte inferior, aumentos de 20x, 40x y 80x, con par de oculares y objetivos;<\/p>\n<p style=\"text-align: justify\">&#8211; Televisor en color 29 &#8220;CCE &#8211; slim, pantalla plana, stereo sap, con funci\u00f3n smart;<\/p>\n<p style=\"text-align: justify\">&#8211; Invernadero agr\u00edcola de esterilizaci\u00f3n y secado, modelo: es \/ cf221 &#8211; marca: acblabor;<\/p>","protected":false},"excerpt":{"rendered":"<p>Con capacidad para 40 alumnos, \u00e1rea de 91,06 m2, 9 bancadas en alba\u00f1iler\u00eda, 3 fregaderos, cuadro negro y los siguientes equipamientos: &#8211; 10 Microscopios biol\u00f3gicos binoculares con capa protectora, 110 o 220 V; &#8211; 12 Est\u00e9reo microscopios binoculares con doble iluminaci\u00f3n, con regulaci\u00f3n de intensidad en la parte inferior, aumentos de 20x, 40x y 80x, [&hellip;]<\/p>\n","protected":false},"author":7399,"featured_media":0,"parent":0,"menu_order":0,"comment_status":"closed","ping_status":"closed","template":"","meta":{"footnotes":""},"coauthors":[],"class_list":["post-305","page","type-page","status-publish","hentry"],"_links":{"self":[{"href":"https:\/\/ppgagronomiacpcs.ufms.br\/es\/wp-json\/wp\/v2\/pages\/305","targetHints":{"allow":["GET"]}}],"collection":[{"href":"https:\/\/ppgagronomiacpcs.ufms.br\/es\/wp-json\/wp\/v2\/pages"}],"about":[{"href":"https:\/\/ppgagronomiacpcs.ufms.br\/es\/wp-json\/wp\/v2\/types\/page"}],"author":[{"embeddable":true,"href":"https:\/\/ppgagronomiacpcs.ufms.br\/es\/wp-json\/wp\/v2\/users\/7399"}],"replies":[{"embeddable":true,"href":"https:\/\/ppgagronomiacpcs.ufms.br\/es\/wp-json\/wp\/v2\/comments?post=305"}],"version-history":[{"count":4,"href":"https:\/\/ppgagronomiacpcs.ufms.br\/es\/wp-json\/wp\/v2\/pages\/305\/revisions"}],"predecessor-version":[{"id":936,"href":"https:\/\/ppgagronomiacpcs.ufms.br\/es\/wp-json\/wp\/v2\/pages\/305\/revisions\/936"}],"wp:attachment":[{"href":"https:\/\/ppgagronomiacpcs.ufms.br\/es\/wp-json\/wp\/v2\/media?parent=305"}],"wp:term":[{"taxonomy":"author","embeddable":true,"href":"https:\/\/ppgagronomiacpcs.ufms.br\/es\/wp-json\/wp\/v2\/coauthors?post=305"}],"curies":[{"name":"wp","href":"https:\/\/api.w.org\/{rel}","templated":true}]}}