{"id":307,"date":"2018-04-09T16:06:10","date_gmt":"2018-04-09T20:06:10","guid":{"rendered":"https:\/\/ppgagronomiacpcs.ufms.br\/?page_id=307"},"modified":"2019-08-06T09:28:14","modified_gmt":"2019-08-06T13:28:14","slug":"laboratorio-de-fitopatologia","status":"publish","type":"page","link":"https:\/\/ppgagronomiacpcs.ufms.br\/es\/laboratorio-de-fitopatologia\/","title":{"rendered":"Laboratorio de Fitopatolog\u00eda"},"content":{"rendered":"<p style=\"text-align: justify\">Con capacidad para 10 alumnos, \u00e1rea de 25,84 m<sup>2<\/sup>, 3 bancadas en alba\u00f1iler\u00eda, 2 fregaderos, 3 salas integradas &#8211; sala de profesor (5,94 m<sup>2<\/sup>), cl\u00ednica en fitopatolog\u00eda (4,41 m<sup>2<\/sup>) y sala as\u00e9ptica (3,70m<sup>2<\/sup>) con los siguientes equipos:<\/p>\n<p style=\"text-align: justify\">&#8211; 02 Est\u00e9reo microscopios binoculares con doble iluminaci\u00f3n, con regulaci\u00f3n de intensidad en la parte inferior, aumentos de 20x, 40x y 80x, con par de oculares y objetivos;<\/p>\n<p style=\"text-align: justify\">&#8211; 03 Microscopios biol\u00f3gicos binoculares con capa protectora, 110 o 220 V;<\/p>\n<p style=\"text-align: justify\">&#8211; Microscopio tri-ocular, \u00f3ptico infinito, con sistema digital;<\/p>\n<p style=\"text-align: justify\">&#8211; Centrifugador de banco micro-procesado, accionado por inversor de frecuencia que proporciona alta estabilidad de la rotaci\u00f3n;<\/p>\n<p style=\"text-align: justify\">&#8211; Licuadora mezcladora, con cuchillo de acero inoxidable, vaso dosificador y bot\u00f3n de accionamiento;<\/p>\n<p style=\"text-align: justify\">&#8211; C\u00e1mara de germinaci\u00f3n, reproducci\u00f3n de insectos, desarrollo de hongos y bacterias, estudio de plantas y envejecimiento precoz de plantas;<\/p>\n<p style=\"text-align: justify\">&#8211; Sistema de evaporaci\u00f3n rotativa al vac\u00edo compuesto por evaporador, bomba a vac\u00edo, controlador de vac\u00edo, sistema de sellado, conducto de vapor y sistema de elevaci\u00f3n mec\u00e1nica;<\/p>\n<p style=\"text-align: justify\">&#8211; Contador de colonias electr\u00f3nicas, con conteo a trav\u00e9s de impulsos registrados en display led; &#8211; Microcomputadora de doble n\u00facleo, 2 GB de memoria, HD 160 GB;<\/p>\n<p style=\"text-align: justify\">&#8211; Lupa de mesa con luz fr\u00eda;<\/p>\n<p style=\"text-align: justify\">&#8211; Balanza electr\u00f3nica con display lcd con capacidad 20 kg;<\/p>\n<p style=\"text-align: justify\">&#8211; Medidor de pH y MV, que proporciona medici\u00f3n con resoluci\u00f3n centesimal (MV);<\/p>\n<p style=\"text-align: justify\">&#8211; Agitador mec\u00e1nico &#8211; con tubos vortex, con capacidad de tubos hasta 25 mm, modo continuo y regulaci\u00f3n de velocidad de rotaci\u00f3n;<\/p>\n<p style=\"text-align: justify\">&#8211; 2 juegos de cribas granulom\u00e9tricas;<\/p>\n<p style=\"text-align: justify\">&#8211; Medidor de humedad granos, modelo al-101;<\/p>\n<p style=\"text-align: justify\">&#8211; Horno de microondas con capacidad: 30 litros, visor en lcd;<\/p>\n<p style=\"text-align: justify\">&#8211; Refrigerador 2 puertas f.free, c \/ capacidad 445 litros;<\/p>\n<p style=\"text-align: justify\">&#8211; Flujo laminar vertical;<\/p>\n<p style=\"text-align: justify\">&#8211; Conductiv\u00edmetro port\u00e1til micro procesado;<\/p>\n<p style=\"text-align: justify\">&#8211; Espectrofot\u00f3metro con diplay cristal l\u00edquido;<\/p>\n<p style=\"text-align: justify\">&#8211; Ba\u00f1o ultra termost\u00e1tico digital micro procesado;<\/p>\n<p style=\"text-align: justify\">&#8211; Invernadero bacteriol\u00f3gico;<\/p>\n<p style=\"text-align: justify\">&#8211; Deionizador;<\/p>\n<p style=\"text-align: justify\">&#8211; C\u00e1mara clim\u00e1tica para germinaci\u00f3n.<\/p>","protected":false},"excerpt":{"rendered":"<p>Con capacidad para 10 alumnos, \u00e1rea de 25,84 m2, 3 bancadas en alba\u00f1iler\u00eda, 2 fregaderos, 3 salas integradas &#8211; sala de profesor (5,94 m2), cl\u00ednica en fitopatolog\u00eda (4,41 m2) y sala as\u00e9ptica (3,70m2) con los siguientes equipos: &#8211; 02 Est\u00e9reo microscopios binoculares con doble iluminaci\u00f3n, con regulaci\u00f3n de intensidad en la parte inferior, aumentos de [&hellip;]<\/p>\n","protected":false},"author":7399,"featured_media":0,"parent":0,"menu_order":0,"comment_status":"closed","ping_status":"closed","template":"","meta":{"footnotes":""},"coauthors":[],"class_list":["post-307","page","type-page","status-publish","hentry"],"_links":{"self":[{"href":"https:\/\/ppgagronomiacpcs.ufms.br\/es\/wp-json\/wp\/v2\/pages\/307","targetHints":{"allow":["GET"]}}],"collection":[{"href":"https:\/\/ppgagronomiacpcs.ufms.br\/es\/wp-json\/wp\/v2\/pages"}],"about":[{"href":"https:\/\/ppgagronomiacpcs.ufms.br\/es\/wp-json\/wp\/v2\/types\/page"}],"author":[{"embeddable":true,"href":"https:\/\/ppgagronomiacpcs.ufms.br\/es\/wp-json\/wp\/v2\/users\/7399"}],"replies":[{"embeddable":true,"href":"https:\/\/ppgagronomiacpcs.ufms.br\/es\/wp-json\/wp\/v2\/comments?post=307"}],"version-history":[{"count":4,"href":"https:\/\/ppgagronomiacpcs.ufms.br\/es\/wp-json\/wp\/v2\/pages\/307\/revisions"}],"predecessor-version":[{"id":933,"href":"https:\/\/ppgagronomiacpcs.ufms.br\/es\/wp-json\/wp\/v2\/pages\/307\/revisions\/933"}],"wp:attachment":[{"href":"https:\/\/ppgagronomiacpcs.ufms.br\/es\/wp-json\/wp\/v2\/media?parent=307"}],"wp:term":[{"taxonomy":"author","embeddable":true,"href":"https:\/\/ppgagronomiacpcs.ufms.br\/es\/wp-json\/wp\/v2\/coauthors?post=307"}],"curies":[{"name":"wp","href":"https:\/\/api.w.org\/{rel}","templated":true}]}}