{"id":309,"date":"2018-04-09T16:08:07","date_gmt":"2018-04-09T20:08:07","guid":{"rendered":"https:\/\/ppgagronomiacpcs.ufms.br\/?page_id=309"},"modified":"2019-08-06T09:27:39","modified_gmt":"2019-08-06T13:27:39","slug":"laboratorio-de-entomologia","status":"publish","type":"page","link":"https:\/\/ppgagronomiacpcs.ufms.br\/es\/laboratorio-de-entomologia\/","title":{"rendered":"Laboratorio de Entomolog\u00eda"},"content":{"rendered":"<p style=\"text-align: justify\">Con capacidad para 10 alumnos, \u00e1rea de 25,84 m<sup>2<\/sup>, 3 bancadas en alba\u00f1iler\u00eda, 2 fregaderos, 3 salas integradas &#8211; sala de profesor (5,94 m<sup>2<\/sup>), cl\u00ednica en entomolog\u00eda (4,41 m<sup>2<\/sup>), sala de creaci\u00f3n de insectos (3,70 m<sup>2<\/sup>) y los siguientes equipos:<\/p>\n<p style=\"text-align: justify\">&#8211; 4 Microscopios biol\u00f3gicos binoculares con capa protectora, 110 o 220 V;<\/p>\n<p style=\"text-align: justify\">&#8211; Est\u00e9reo microscopio binocular con doble iluminaci\u00f3n, con regulaci\u00f3n de intensidad en la parte inferior, aumentos de 20x, 40x y 80x, con par de oculares y objetivos;<\/p>\n<p style=\"text-align: justify\">&#8211; Termo higr\u00f3metro digital 7645MAX \/ MIN;<\/p>\n<p style=\"text-align: justify\">&#8211; Refrigerador d\u00faplex frost libre, dos puertas, capacidad m\u00ednima de 340 litros;<\/p>\n<p style=\"text-align: justify\">&#8211; Horno de microondas con capacidad para 23 L display digital;<\/p>\n<p style=\"text-align: justify\">&#8211; Bancada de flujo laminar &#8211; vertical, panel el\u00e9ctrico;<\/p>\n<p style=\"text-align: justify\">&#8211; Balanza semi anal\u00edtica;<\/p>\n<p style=\"text-align: justify\">&#8211; Centrifuga &#8211; de banco, con control microprocesador, motor de inducci\u00f3n, tapa con llave y apagado autom\u00e1tico, display de control con display de cresta;<\/p>\n<p style=\"text-align: justify\">&#8211; 1 C\u00e1mara de Neubauer BOECO mejorada reflejada, profundidad cerca de 0,1;<\/p>\n<p style=\"text-align: justify\">&#8211; 2 C\u00e1maras de Neubauer simple, profundidad cerca de 0,1;<\/p>\n<p style=\"text-align: justify\">&#8211; 3 Micro pipetas autom\u00e1ticas con un volumen variable de 0,1 \u03bcl a 10 ml;<\/p>\n<p style=\"text-align: justify\">&#8211; Microcomputadora de doble n\u00facleo, 2 GB de memoria, HD 160 GB;<\/p>\n<p style=\"text-align: justify\">&#8211; 3 C\u00e1mara de germinaci\u00f3n con incubadora BOD con control de temperatura;<\/p>\n<p style=\"text-align: justify\">&#8211; 1 C\u00e1mara de germinaci\u00f3n con incubadora BOD con control de temperatura y humedad;<\/p>\n<p style=\"text-align: justify\">&#8211; 2 Torres de Potter con 2 compresores motomil de 24 L, 8,7 pes.<\/p>","protected":false},"excerpt":{"rendered":"<p>Con capacidad para 10 alumnos, \u00e1rea de 25,84 m2, 3 bancadas en alba\u00f1iler\u00eda, 2 fregaderos, 3 salas integradas &#8211; sala de profesor (5,94 m2), cl\u00ednica en entomolog\u00eda (4,41 m2), sala de creaci\u00f3n de insectos (3,70 m2) y los siguientes equipos: &#8211; 4 Microscopios biol\u00f3gicos binoculares con capa protectora, 110 o 220 V; &#8211; Est\u00e9reo microscopio [&hellip;]<\/p>\n","protected":false},"author":7399,"featured_media":0,"parent":0,"menu_order":0,"comment_status":"closed","ping_status":"closed","template":"","meta":{"footnotes":""},"coauthors":[],"class_list":["post-309","page","type-page","status-publish","hentry"],"_links":{"self":[{"href":"https:\/\/ppgagronomiacpcs.ufms.br\/es\/wp-json\/wp\/v2\/pages\/309","targetHints":{"allow":["GET"]}}],"collection":[{"href":"https:\/\/ppgagronomiacpcs.ufms.br\/es\/wp-json\/wp\/v2\/pages"}],"about":[{"href":"https:\/\/ppgagronomiacpcs.ufms.br\/es\/wp-json\/wp\/v2\/types\/page"}],"author":[{"embeddable":true,"href":"https:\/\/ppgagronomiacpcs.ufms.br\/es\/wp-json\/wp\/v2\/users\/7399"}],"replies":[{"embeddable":true,"href":"https:\/\/ppgagronomiacpcs.ufms.br\/es\/wp-json\/wp\/v2\/comments?post=309"}],"version-history":[{"count":5,"href":"https:\/\/ppgagronomiacpcs.ufms.br\/es\/wp-json\/wp\/v2\/pages\/309\/revisions"}],"predecessor-version":[{"id":932,"href":"https:\/\/ppgagronomiacpcs.ufms.br\/es\/wp-json\/wp\/v2\/pages\/309\/revisions\/932"}],"wp:attachment":[{"href":"https:\/\/ppgagronomiacpcs.ufms.br\/es\/wp-json\/wp\/v2\/media?parent=309"}],"wp:term":[{"taxonomy":"author","embeddable":true,"href":"https:\/\/ppgagronomiacpcs.ufms.br\/es\/wp-json\/wp\/v2\/coauthors?post=309"}],"curies":[{"name":"wp","href":"https:\/\/api.w.org\/{rel}","templated":true}]}}