{"id":311,"date":"2018-04-09T16:09:27","date_gmt":"2018-04-09T20:09:27","guid":{"rendered":"https:\/\/ppgagronomiacpcs.ufms.br\/?page_id=311"},"modified":"2019-08-06T09:26:35","modified_gmt":"2019-08-06T13:26:35","slug":"laboratorio-de-biotecnologia","status":"publish","type":"page","link":"https:\/\/ppgagronomiacpcs.ufms.br\/es\/laboratorio-de-biotecnologia\/","title":{"rendered":"Laboratorio de Biotecnolog\u00eda"},"content":{"rendered":"<p style=\"text-align: justify\">Con capacidad para 10 alumnos, \u00e1rea de 26,29 m\u00b2, 3 bancadas en alba\u00f1iler\u00eda, 1 fregadero, 2 salas integradas &#8211; Sala de profesor (6,43 m<sup>2<\/sup>), sala de crecimiento (10,49 m<sup>2<\/sup>) y los siguientes equipamientos:<\/p>\n<p style=\"text-align: justify\">&#8211; Analizador de gases IRGA, marca: LI-COLOR;<\/p>\n<p style=\"text-align: justify\">&#8211; Microscopio biol\u00f3gico binocular con capa protectora, 110 o 220 V;<\/p>\n<p style=\"text-align: justify\">&#8211; Microscopio tri ocular;<\/p>\n<p style=\"text-align: justify\">&#8211; Capilla de flujo laminar &#8211; cabina de flujo, unidad vertical;<\/p>\n<p style=\"text-align: justify\">&#8211; Micr\u00f3tomo rotativo; &#8211; Agitador &#8211; de tubos, con receptor de caucho;<\/p>\n<p style=\"text-align: justify\">&#8211; Centrifuga de banco, 220V;<\/p>\n<p style=\"text-align: justify\">&#8211; Luc\u00edmetro digital;<\/p>\n<p style=\"text-align: justify\">&#8211; Horno de microondas pantalla digital;<\/p>\n<p style=\"text-align: justify\">&#8211; Cronometro digital;<\/p>\n<p style=\"text-align: justify\">&#8211; Ba\u00f1o de mar\u00eda para tubos con term\u00f3metro digital;<\/p>\n<p style=\"text-align: justify\">&#8211; Espectrofot\u00f3metro;<\/p>\n<p style=\"text-align: justify\">&#8211; Ph metro de banco;<\/p>\n<p style=\"text-align: justify\">&#8211; 02 micro pipetas;<\/p>\n<p style=\"text-align: justify\">&#8211; Agitador magn\u00e9tico;<\/p>\n<p style=\"text-align: justify\">&#8211; Balanza semi-anal\u00edtica;<\/p>\n<p style=\"text-align: justify\">&#8211; Bancada de flujo laminar;<\/p>\n<p style=\"text-align: justify\">&#8211; 02 Microcomputadoras de doble n\u00facleo, 2 GB de memoria, HD 160 GB.<\/p>","protected":false},"excerpt":{"rendered":"<p>Con capacidad para 10 alumnos, \u00e1rea de 26,29 m\u00b2, 3 bancadas en alba\u00f1iler\u00eda, 1 fregadero, 2 salas integradas &#8211; Sala de profesor (6,43 m2), sala de crecimiento (10,49 m2) y los siguientes equipamientos: &#8211; Analizador de gases IRGA, marca: LI-COLOR; &#8211; Microscopio biol\u00f3gico binocular con capa protectora, 110 o 220 V; &#8211; Microscopio tri ocular; [&hellip;]<\/p>\n","protected":false},"author":7399,"featured_media":0,"parent":0,"menu_order":0,"comment_status":"closed","ping_status":"closed","template":"","meta":{"footnotes":""},"coauthors":[],"class_list":["post-311","page","type-page","status-publish","hentry"],"_links":{"self":[{"href":"https:\/\/ppgagronomiacpcs.ufms.br\/es\/wp-json\/wp\/v2\/pages\/311","targetHints":{"allow":["GET"]}}],"collection":[{"href":"https:\/\/ppgagronomiacpcs.ufms.br\/es\/wp-json\/wp\/v2\/pages"}],"about":[{"href":"https:\/\/ppgagronomiacpcs.ufms.br\/es\/wp-json\/wp\/v2\/types\/page"}],"author":[{"embeddable":true,"href":"https:\/\/ppgagronomiacpcs.ufms.br\/es\/wp-json\/wp\/v2\/users\/7399"}],"replies":[{"embeddable":true,"href":"https:\/\/ppgagronomiacpcs.ufms.br\/es\/wp-json\/wp\/v2\/comments?post=311"}],"version-history":[{"count":6,"href":"https:\/\/ppgagronomiacpcs.ufms.br\/es\/wp-json\/wp\/v2\/pages\/311\/revisions"}],"predecessor-version":[{"id":931,"href":"https:\/\/ppgagronomiacpcs.ufms.br\/es\/wp-json\/wp\/v2\/pages\/311\/revisions\/931"}],"wp:attachment":[{"href":"https:\/\/ppgagronomiacpcs.ufms.br\/es\/wp-json\/wp\/v2\/media?parent=311"}],"wp:term":[{"taxonomy":"author","embeddable":true,"href":"https:\/\/ppgagronomiacpcs.ufms.br\/es\/wp-json\/wp\/v2\/coauthors?post=311"}],"curies":[{"name":"wp","href":"https:\/\/api.w.org\/{rel}","templated":true}]}}