{"id":313,"date":"2018-04-09T16:10:21","date_gmt":"2018-04-09T20:10:21","guid":{"rendered":"https:\/\/ppgagronomiacpcs.ufms.br\/?page_id=313"},"modified":"2019-08-06T09:30:50","modified_gmt":"2019-08-06T13:30:50","slug":"laboratorio-de-sementes","status":"publish","type":"page","link":"https:\/\/ppgagronomiacpcs.ufms.br\/es\/laboratorio-de-sementes\/","title":{"rendered":"Laboratorio de Semillas"},"content":{"rendered":"<p style=\"text-align: justify\">Con capacidad para 10 alumnos, \u00e1rea de 21,67 m<sup>2<\/sup>, 3 bancadas en alba\u00f1iler\u00eda, 2 fregaderos y los siguientes equipamientos:<\/p>\n<p style=\"text-align: justify\">&#8211; Conductivimetro port\u00e1til;<\/p>\n<p style=\"text-align: justify\">&#8211; Soplador de semillas para la calificaci\u00f3n de semillas por medio de aire;<\/p>\n<p style=\"text-align: justify\">&#8211; 02 lupas de mesa, con luz fr\u00eda;<\/p>\n<p style=\"text-align: justify\">&#8211; Invernadero de secado y esterilizaci\u00f3n;<\/p>\n<p style=\"text-align: justify\">&#8211; 02 invernaderos incubadoras para BOD;<\/p>\n<p style=\"text-align: justify\">&#8211; 02 germinadores de semillas;<\/p>\n<p style=\"text-align: justify\">&#8211; 02 Microcomputadoras de doble n\u00facleo, 2 GB de memoria, HD 160 GB.<\/p>","protected":false},"excerpt":{"rendered":"<p>Con capacidad para 10 alumnos, \u00e1rea de 21,67 m2, 3 bancadas en alba\u00f1iler\u00eda, 2 fregaderos y los siguientes equipamientos: &#8211; Conductivimetro port\u00e1til; &#8211; Soplador de semillas para la calificaci\u00f3n de semillas por medio de aire; &#8211; 02 lupas de mesa, con luz fr\u00eda; &#8211; Invernadero de secado y esterilizaci\u00f3n; &#8211; 02 invernaderos incubadoras para BOD; [&hellip;]<\/p>\n","protected":false},"author":7399,"featured_media":0,"parent":0,"menu_order":0,"comment_status":"closed","ping_status":"closed","template":"","meta":{"footnotes":""},"coauthors":[],"class_list":["post-313","page","type-page","status-publish","hentry"],"_links":{"self":[{"href":"https:\/\/ppgagronomiacpcs.ufms.br\/es\/wp-json\/wp\/v2\/pages\/313","targetHints":{"allow":["GET"]}}],"collection":[{"href":"https:\/\/ppgagronomiacpcs.ufms.br\/es\/wp-json\/wp\/v2\/pages"}],"about":[{"href":"https:\/\/ppgagronomiacpcs.ufms.br\/es\/wp-json\/wp\/v2\/types\/page"}],"author":[{"embeddable":true,"href":"https:\/\/ppgagronomiacpcs.ufms.br\/es\/wp-json\/wp\/v2\/users\/7399"}],"replies":[{"embeddable":true,"href":"https:\/\/ppgagronomiacpcs.ufms.br\/es\/wp-json\/wp\/v2\/comments?post=313"}],"version-history":[{"count":5,"href":"https:\/\/ppgagronomiacpcs.ufms.br\/es\/wp-json\/wp\/v2\/pages\/313\/revisions"}],"predecessor-version":[{"id":938,"href":"https:\/\/ppgagronomiacpcs.ufms.br\/es\/wp-json\/wp\/v2\/pages\/313\/revisions\/938"}],"wp:attachment":[{"href":"https:\/\/ppgagronomiacpcs.ufms.br\/es\/wp-json\/wp\/v2\/media?parent=313"}],"wp:term":[{"taxonomy":"author","embeddable":true,"href":"https:\/\/ppgagronomiacpcs.ufms.br\/es\/wp-json\/wp\/v2\/coauthors?post=313"}],"curies":[{"name":"wp","href":"https:\/\/api.w.org\/{rel}","templated":true}]}}