{"id":315,"date":"2018-04-09T16:11:45","date_gmt":"2018-04-09T20:11:45","guid":{"rendered":"https:\/\/ppgagronomiacpcs.ufms.br\/?page_id=315"},"modified":"2019-08-06T09:28:43","modified_gmt":"2019-08-06T13:28:43","slug":"laboratorio-de-geomatica","status":"publish","type":"page","link":"https:\/\/ppgagronomiacpcs.ufms.br\/es\/laboratorio-de-geomatica\/","title":{"rendered":"Laboratorio de Geom\u00e1tica"},"content":{"rendered":"<p style=\"text-align: justify\">Con capacidad para 4 alumnos, \u00e1rea de 20,43 m<sup>2<\/sup>, 1 mesa de mapas en alba\u00f1iler\u00eda, 8 estantes para equipos en alba\u00f1iler\u00eda y los siguientes equipamientos:<\/p>\n<p style=\"text-align: justify\">&#8211; Esc\u00e1ner de escritorio &#8211; resoluci\u00f3n de escritura 4800 \u00d7 9600 DPI;<\/p>\n<p style=\"text-align: justify\">&#8211; 2 GPS equipo marca TRIMBLE;<\/p>\n<p style=\"text-align: justify\">&#8211; 2 pant\u00f3grafos de madera;<\/p>\n<p style=\"text-align: justify\">&#8211; 4 teodolitos electr\u00f3nicos con precisi\u00f3n angular de 05 segundos y lectura 01 segundos;<\/p>\n<p style=\"text-align: justify\">&#8211; t\u00e9cnico para el dibujo;<\/p>\n<p style=\"text-align: justify\">&#8211; 3 br\u00fajulas de topograf\u00eda marca CSR;<\/p>\n<p style=\"text-align: justify\">&#8211; 2 curvimetros marca OREGON;<\/p>\n<p style=\"text-align: justify\">&#8211; Plan\u00edmetro digital;<\/p>\n<p style=\"text-align: justify\">&#8211; 2 estereoscopios de espejo;<\/p>\n<p style=\"text-align: justify\">&#8211; 2 GPS receptor de se\u00f1ales para localizaci\u00f3n;<\/p>\n<p style=\"text-align: justify\">&#8211; 4 niveles autom\u00e1ticos;<\/p>\n<p style=\"text-align: justify\">&#8211; 2 clin\u00f3metros nivel de ABNEY;<\/p>\n<p style=\"text-align: justify\">&#8211; 6 estereoscopios de bolsillo;<\/p>\n<p style=\"text-align: justify\">&#8211; 2 radios transceptores;<\/p>\n<p style=\"text-align: justify\">&#8211; 2 antenas GPS externas;<\/p>\n<p style=\"text-align: justify\">&#8211; Bar\u00f3metro port\u00e1til;<\/p>\n<p style=\"text-align: justify\">&#8211; Nivel de canto.<\/p>","protected":false},"excerpt":{"rendered":"<p>Con capacidad para 4 alumnos, \u00e1rea de 20,43 m2, 1 mesa de mapas en alba\u00f1iler\u00eda, 8 estantes para equipos en alba\u00f1iler\u00eda y los siguientes equipamientos: &#8211; Esc\u00e1ner de escritorio &#8211; resoluci\u00f3n de escritura 4800 \u00d7 9600 DPI; &#8211; 2 GPS equipo marca TRIMBLE; &#8211; 2 pant\u00f3grafos de madera; &#8211; 4 teodolitos electr\u00f3nicos con precisi\u00f3n angular [&hellip;]<\/p>\n","protected":false},"author":7399,"featured_media":0,"parent":0,"menu_order":0,"comment_status":"closed","ping_status":"closed","template":"","meta":{"footnotes":""},"coauthors":[],"class_list":["post-315","page","type-page","status-publish","hentry"],"_links":{"self":[{"href":"https:\/\/ppgagronomiacpcs.ufms.br\/es\/wp-json\/wp\/v2\/pages\/315","targetHints":{"allow":["GET"]}}],"collection":[{"href":"https:\/\/ppgagronomiacpcs.ufms.br\/es\/wp-json\/wp\/v2\/pages"}],"about":[{"href":"https:\/\/ppgagronomiacpcs.ufms.br\/es\/wp-json\/wp\/v2\/types\/page"}],"author":[{"embeddable":true,"href":"https:\/\/ppgagronomiacpcs.ufms.br\/es\/wp-json\/wp\/v2\/users\/7399"}],"replies":[{"embeddable":true,"href":"https:\/\/ppgagronomiacpcs.ufms.br\/es\/wp-json\/wp\/v2\/comments?post=315"}],"version-history":[{"count":5,"href":"https:\/\/ppgagronomiacpcs.ufms.br\/es\/wp-json\/wp\/v2\/pages\/315\/revisions"}],"predecessor-version":[{"id":934,"href":"https:\/\/ppgagronomiacpcs.ufms.br\/es\/wp-json\/wp\/v2\/pages\/315\/revisions\/934"}],"wp:attachment":[{"href":"https:\/\/ppgagronomiacpcs.ufms.br\/es\/wp-json\/wp\/v2\/media?parent=315"}],"wp:term":[{"taxonomy":"author","embeddable":true,"href":"https:\/\/ppgagronomiacpcs.ufms.br\/es\/wp-json\/wp\/v2\/coauthors?post=315"}],"curies":[{"name":"wp","href":"https:\/\/api.w.org\/{rel}","templated":true}]}}