{"id":317,"date":"2018-04-09T16:14:02","date_gmt":"2018-04-09T20:14:02","guid":{"rendered":"https:\/\/ppgagronomiacpcs.ufms.br\/?page_id=317"},"modified":"2019-08-06T09:31:18","modified_gmt":"2019-08-06T13:31:18","slug":"laboratorio-de-solos","status":"publish","type":"page","link":"https:\/\/ppgagronomiacpcs.ufms.br\/es\/laboratorio-de-solos\/","title":{"rendered":"Laboratorio de Suelos"},"content":{"rendered":"<p style=\"text-align: justify\">Con capacidad para 40 alumnos, \u00e1rea de 91,06 m<sup>2<\/sup>, 4 bancadas en alba\u00f1iler\u00eda, cuadro negro, 6 fregaderos, 40 banquetas de madera, sala integrada para almacenamiento de reactivos con \u00e1rea de 8,37 m<sup>2<\/sup> y los siguientes equipamientos:<\/p>\n<p style=\"text-align: justify\">&#8211; Invernadero incubadora BOD;<\/p>\n<p style=\"text-align: justify\">&#8211; Pie de Rey universal anal\u00f3gico;<\/p>\n<p style=\"text-align: justify\">&#8211; Socket cil\u00edndrico para suelos, PROCTOR;<\/p>\n<p style=\"text-align: justify\">&#8211; 2 dens\u00edmetros de sedimentaci\u00f3n de suelos;<\/p>\n<p style=\"text-align: justify\">&#8211; Dispersor el\u00e9ctrico de muestra de sedimentos;<\/p>\n<p style=\"text-align: justify\">&#8211; Espectr\u00f3metro digital micro procesado;<\/p>\n<p style=\"text-align: justify\">&#8211; Balanza de precisi\u00f3n semi-anal\u00f3gica;<\/p>\n<p style=\"text-align: justify\">&#8211; Cronometro digital;<\/p>\n<p style=\"text-align: justify\">&#8211; Chapa calefactora;<\/p>\n<p style=\"text-align: justify\">&#8211; Agitador magn\u00e9tico con calefacci\u00f3n;<\/p>\n<p style=\"text-align: justify\">&#8211; Centrifuga de banco, para 08 tubos de 15ml;<\/p>\n<p style=\"text-align: justify\">&#8211; Deionizador de agua;<\/p>\n<p style=\"text-align: justify\">&#8211; Ducha de emergencia;<\/p>\n<p style=\"text-align: justify\">&#8211; 03 penetrometros de suelos con anillo diametrico;<\/p>\n<p style=\"text-align: justify\">&#8211; Aparato casagrande;<\/p>\n<p style=\"text-align: justify\">&#8211; Permeametro de carga variable;<\/p>\n<p style=\"text-align: justify\">&#8211; Permeametro de carga constante;<\/p>\n<p style=\"text-align: justify\">&#8211; Lupa &#8211; marca SOLOTEST;<\/p>\n<p style=\"text-align: justify\">&#8211; 2 capelas de extracci\u00f3n de gases;<\/p>\n<p style=\"text-align: justify\">&#8211; Digestor en bloque de aluminio fundido;<\/p>\n<p style=\"text-align: justify\">&#8211; Molino de martillo m\u00f3vil para an\u00e1lisis de suelos;<\/p>\n<p style=\"text-align: justify\">&#8211; Agitador mec\u00e1nico y dispersor de suelo;<\/p>\n<p style=\"text-align: justify\">&#8211; Destilador de nitr\u00f3geno \/ an\u00e1lisis de prote\u00edna;<\/p>\n<p style=\"text-align: justify\">&#8211; 2 refrigeradores duplex frost free;<\/p>\n<p style=\"text-align: justify\">&#8211; Congelador horizontal;<\/p>\n<p style=\"text-align: justify\">&#8211; Balanza electr\u00f3nica de precisi\u00f3n sensibilidad 0,01g para capacidad de 500g y sensibilidad 0,1g para te 5000g;<\/p>\n<p style=\"text-align: justify\">&#8211; 2 destiladores de agua;<\/p>\n<p style=\"text-align: justify\">&#8211; Mesa agitadora para suelos;<\/p>\n<p style=\"text-align: justify\">&#8211; Horno mufla;<\/p>\n<p style=\"text-align: justify\">&#8211; 2 invernaderos agr\u00edcolas de esterilizaci\u00f3n y secado;<\/p>\n<p style=\"text-align: justify\">&#8211; 2 barrenas de suelo tipo holand\u00e9s;<\/p>\n<p style=\"text-align: justify\">&#8211; 4 equipamientos sonda percusi\u00f3n;<\/p>\n<p style=\"text-align: justify\">&#8211; Infiltrometro;<\/p>\n<p style=\"text-align: justify\">&#8211; Bomba de vac\u00edo y compresor a aire;<\/p>\n<p style=\"text-align: justify\">&#8211; Columna deionizadora;<\/p>\n<p style=\"text-align: justify\">&#8211; Micro pipeta mec\u00e1nica visor digital;<\/p>\n<p style=\"text-align: justify\">&#8211; Espectrofotometro de barrido;<\/p>\n<p style=\"text-align: justify\">&#8211; Espectrofot\u00f3metro digital;<\/p>\n<p style=\"text-align: justify\">&#8211; Fot\u00f3metro de llama;<\/p>\n<p style=\"text-align: justify\">&#8211; 5 agitadores magn\u00e9ticos con calefacci\u00f3n;<\/p>\n<p style=\"text-align: justify\">&#8211; Ba\u00f1o de mar\u00eda;<\/p>\n<p style=\"text-align: justify\">&#8211; 2 metros de pH y mv;<\/p>\n<p style=\"text-align: justify\">&#8211; Pipetador dispensador;<\/p>\n<p style=\"text-align: justify\">&#8211; Espectrofotometro de absorci\u00f3n PINAACLE;<\/p>\n<p style=\"text-align: justify\">&#8211; Bureta autom\u00e1tica digital.<\/p>","protected":false},"excerpt":{"rendered":"<p>Con capacidad para 40 alumnos, \u00e1rea de 91,06 m2, 4 bancadas en alba\u00f1iler\u00eda, cuadro negro, 6 fregaderos, 40 banquetas de madera, sala integrada para almacenamiento de reactivos con \u00e1rea de 8,37 m2 y los siguientes equipamientos: &#8211; Invernadero incubadora BOD; &#8211; Pie de Rey universal anal\u00f3gico; &#8211; Socket cil\u00edndrico para suelos, PROCTOR; &#8211; 2 dens\u00edmetros [&hellip;]<\/p>\n","protected":false},"author":7399,"featured_media":0,"parent":0,"menu_order":0,"comment_status":"closed","ping_status":"closed","template":"","meta":{"footnotes":""},"coauthors":[],"class_list":["post-317","page","type-page","status-publish","hentry"],"_links":{"self":[{"href":"https:\/\/ppgagronomiacpcs.ufms.br\/es\/wp-json\/wp\/v2\/pages\/317","targetHints":{"allow":["GET"]}}],"collection":[{"href":"https:\/\/ppgagronomiacpcs.ufms.br\/es\/wp-json\/wp\/v2\/pages"}],"about":[{"href":"https:\/\/ppgagronomiacpcs.ufms.br\/es\/wp-json\/wp\/v2\/types\/page"}],"author":[{"embeddable":true,"href":"https:\/\/ppgagronomiacpcs.ufms.br\/es\/wp-json\/wp\/v2\/users\/7399"}],"replies":[{"embeddable":true,"href":"https:\/\/ppgagronomiacpcs.ufms.br\/es\/wp-json\/wp\/v2\/comments?post=317"}],"version-history":[{"count":5,"href":"https:\/\/ppgagronomiacpcs.ufms.br\/es\/wp-json\/wp\/v2\/pages\/317\/revisions"}],"predecessor-version":[{"id":939,"href":"https:\/\/ppgagronomiacpcs.ufms.br\/es\/wp-json\/wp\/v2\/pages\/317\/revisions\/939"}],"wp:attachment":[{"href":"https:\/\/ppgagronomiacpcs.ufms.br\/es\/wp-json\/wp\/v2\/media?parent=317"}],"wp:term":[{"taxonomy":"author","embeddable":true,"href":"https:\/\/ppgagronomiacpcs.ufms.br\/es\/wp-json\/wp\/v2\/coauthors?post=317"}],"curies":[{"name":"wp","href":"https:\/\/api.w.org\/{rel}","templated":true}]}}