{"id":319,"date":"2018-04-09T16:15:45","date_gmt":"2018-04-09T20:15:45","guid":{"rendered":"https:\/\/ppgagronomiacpcs.ufms.br\/?page_id=319"},"modified":"2019-08-06T09:30:15","modified_gmt":"2019-08-06T13:30:15","slug":"laboratorio-de-multiuso-de-ciencias-agrarias","status":"publish","type":"page","link":"https:\/\/ppgagronomiacpcs.ufms.br\/es\/laboratorio-de-multiuso-de-ciencias-agrarias\/","title":{"rendered":"Laboratorio de Multiuso de Ciencias Agrarias"},"content":{"rendered":"Tiene los siguientes equipos:<\/p>\n<p>&#8211; Invernadero para esterilizaci\u00f3n y secado, lectura digital del proceso, capacidad 29 L;<\/p>\n<p>&#8211; Micro pipeta;<\/p>\n<p>&#8211; Bomba de vac\u00edo;<\/p>\n<p>&#8211; 2 Varillas telesc\u00f3picas;<\/p>\n<p>&#8211; Horno mufla el\u00e9ctrico;<\/p>\n<p>&#8211; Digestor en bloque;<\/p>\n<p>&#8211; Refract\u00f3metro;<\/p>\n<p>&#8211; Hips\u00f3metro;<\/p>\n<p>&#8211; Invernadero agr\u00edcola de esterilizaci\u00f3n y secado;<\/p>\n<p>&#8211; Destilador de nitr\u00f3geno;<\/p>\n<p>&#8211; 2 destiladores de laboratorio capacidad de 5 L \/ h;<\/p>\n<p>&#8211; Espectrofot\u00f3metro con salida rs232, longitud de onda de 325 a 1000nm;<\/p>\n<p>&#8211; 2 Balanzas semi-anal\u00edtica electr\u00f3nica;<\/p>\n<p>&#8211; Agitador magn\u00e9tico;<\/p>\n<p>&#8211; Molino de cuchillo, tipo WILLYE;<\/p>\n<p>&#8211; Sistema para determinaci\u00f3n de fibra &#8211; bruta;<\/p>\n<p>&#8211; 2 autoclaves verticales, capacidad 75 L;<\/p>\n<p>&#8211; 2 ba\u00f1os de mar\u00eda con circulaci\u00f3n interna;<\/p>\n<p>&#8211; Chapa calefactora;<\/p>\n<p>&#8211; Horno de microondas;<\/p>\n<p>&#8211; 2 Pie de Rey digitales;<\/p>\n<p>&#8211; 2 metros de espesor, modelo BARKTAX;<\/p>\n<p>&#8211; Cepillo el\u00e9ctrico;<\/p>\n<p>&#8211; 2 deshumidificadores;<\/p>\n<p>&#8211; Microscopio biol\u00f3gico binocular con capa protectora, 110 o 220 V;<\/p>\n<p>&#8211; 2 capelas de extracci\u00f3n de gases;<\/p>\n<p>&#8211; Medidor electr\u00f3nico de contenido y clorofila;<\/p>\n<p>&#8211; Ph metro de banco;<\/p>\n<p>&#8211; Agitador para tubos;<\/p>\n<p>&#8211; Agitador magn\u00e9tico, con calefacci\u00f3n;<\/p>\n<p>&#8211; Bloque digestor de nitr\u00f3geno;<\/p>\n<p>&#8211; Destilador de nitr\u00f3geno.","protected":false},"excerpt":{"rendered":"<p>Tiene los siguientes equipos: &#8211; Invernadero para esterilizaci\u00f3n y secado, lectura digital del proceso, capacidad 29 L; &#8211; Micro pipeta; &#8211; Bomba de vac\u00edo; &#8211; 2 Varillas telesc\u00f3picas; &#8211; Horno mufla el\u00e9ctrico; &#8211; Digestor en bloque; &#8211; Refract\u00f3metro; &#8211; Hips\u00f3metro; &#8211; Invernadero agr\u00edcola de esterilizaci\u00f3n y secado; &#8211; Destilador de nitr\u00f3geno; &#8211; 2 destiladores de [&hellip;]<\/p>\n","protected":false},"author":7399,"featured_media":0,"parent":0,"menu_order":0,"comment_status":"closed","ping_status":"closed","template":"","meta":{"footnotes":""},"coauthors":[],"class_list":["post-319","page","type-page","status-publish","hentry"],"_links":{"self":[{"href":"https:\/\/ppgagronomiacpcs.ufms.br\/es\/wp-json\/wp\/v2\/pages\/319","targetHints":{"allow":["GET"]}}],"collection":[{"href":"https:\/\/ppgagronomiacpcs.ufms.br\/es\/wp-json\/wp\/v2\/pages"}],"about":[{"href":"https:\/\/ppgagronomiacpcs.ufms.br\/es\/wp-json\/wp\/v2\/types\/page"}],"author":[{"embeddable":true,"href":"https:\/\/ppgagronomiacpcs.ufms.br\/es\/wp-json\/wp\/v2\/users\/7399"}],"replies":[{"embeddable":true,"href":"https:\/\/ppgagronomiacpcs.ufms.br\/es\/wp-json\/wp\/v2\/comments?post=319"}],"version-history":[{"count":5,"href":"https:\/\/ppgagronomiacpcs.ufms.br\/es\/wp-json\/wp\/v2\/pages\/319\/revisions"}],"predecessor-version":[{"id":937,"href":"https:\/\/ppgagronomiacpcs.ufms.br\/es\/wp-json\/wp\/v2\/pages\/319\/revisions\/937"}],"wp:attachment":[{"href":"https:\/\/ppgagronomiacpcs.ufms.br\/es\/wp-json\/wp\/v2\/media?parent=319"}],"wp:term":[{"taxonomy":"author","embeddable":true,"href":"https:\/\/ppgagronomiacpcs.ufms.br\/es\/wp-json\/wp\/v2\/coauthors?post=319"}],"curies":[{"name":"wp","href":"https:\/\/api.w.org\/{rel}","templated":true}]}}