{"id":333,"date":"2018-04-09T16:42:57","date_gmt":"2018-04-09T20:42:57","guid":{"rendered":"https:\/\/ppgagronomiacpcs.ufms.br\/?page_id=333"},"modified":"2026-03-20T16:46:15","modified_gmt":"2026-03-20T20:46:15","slug":"bolsas","status":"publish","type":"page","link":"https:\/\/ppgagronomiacpcs.ufms.br\/es\/bolsas\/","title":{"rendered":"Becas"},"content":{"rendered":"<p style=\"text-align: justify\">El Curso de Postgrado en Agronom\u00eda de la Fundaci\u00f3n Universidad Federal de Mato Grosso do Sul, Campus de Chapad\u00e3o do Sul, dispone actualmente de becas de maestr\u00eda CAPES \/ Demanda Social, pero es posible que los alumnos obt\u00e9n por de becas a trav\u00e9s de la Fundaci\u00f3n de apoyo al desarrollo de la ense\u00f1anza, ciencia y tecnolog\u00eda del estado de Mato Grosso del Sur &#8211; FUNDECT.<\/p>\n<p style=\"text-align: justify\">La selecci\u00f3n de candidatos a las becas de la CAPES \/ Demanda Social es realizada por el Colegio de Curso del Postgrado en Agronom\u00eda, a partir de criterios definidos por la Resoluci\u00f3n 94\/2014.<\/p>\n<p>Descargar archivos:<\/p>\n<ul>\n<li><a href=\"https:\/\/ppgagronomiacpcs.ufms.br\/files\/2018\/04\/Portaria-076-Regulamento.doc\">Portar\u00eda 076 Reglamento<\/a><\/li>\n<li><a href=\"https:\/\/ppgagronomiacpcs.ufms.br\/files\/2018\/04\/RESOLU%C3%87%C3%83O-N%C2%BA-94-DE-22-DE-SETEMBRO-DE-2014.pdf\">RESOLUCI\u00d2N N\u00ba 94, DE 22 DE SETIEMBRE DE 2014<\/a><\/li>\n<\/ul>","protected":false},"excerpt":{"rendered":"<p>El Curso de Postgrado en Agronom\u00eda de la Fundaci\u00f3n Universidad Federal de Mato Grosso do Sul, Campus de Chapad\u00e3o do Sul, dispone actualmente de becas de maestr\u00eda CAPES \/ Demanda Social, pero es posible que los alumnos obt\u00e9n por de becas a trav\u00e9s de la Fundaci\u00f3n de apoyo al desarrollo de la ense\u00f1anza, ciencia y [&hellip;]<\/p>\n","protected":false},"author":7399,"featured_media":0,"parent":0,"menu_order":0,"comment_status":"closed","ping_status":"closed","template":"","meta":{"footnotes":""},"coauthors":[9],"class_list":["post-333","page","type-page","status-publish","hentry"],"_links":{"self":[{"href":"https:\/\/ppgagronomiacpcs.ufms.br\/es\/wp-json\/wp\/v2\/pages\/333","targetHints":{"allow":["GET"]}}],"collection":[{"href":"https:\/\/ppgagronomiacpcs.ufms.br\/es\/wp-json\/wp\/v2\/pages"}],"about":[{"href":"https:\/\/ppgagronomiacpcs.ufms.br\/es\/wp-json\/wp\/v2\/types\/page"}],"author":[{"embeddable":true,"href":"https:\/\/ppgagronomiacpcs.ufms.br\/es\/wp-json\/wp\/v2\/users\/7399"}],"replies":[{"embeddable":true,"href":"https:\/\/ppgagronomiacpcs.ufms.br\/es\/wp-json\/wp\/v2\/comments?post=333"}],"version-history":[{"count":36,"href":"https:\/\/ppgagronomiacpcs.ufms.br\/es\/wp-json\/wp\/v2\/pages\/333\/revisions"}],"predecessor-version":[{"id":2936,"href":"https:\/\/ppgagronomiacpcs.ufms.br\/es\/wp-json\/wp\/v2\/pages\/333\/revisions\/2936"}],"wp:attachment":[{"href":"https:\/\/ppgagronomiacpcs.ufms.br\/es\/wp-json\/wp\/v2\/media?parent=333"}],"wp:term":[{"taxonomy":"author","embeddable":true,"href":"https:\/\/ppgagronomiacpcs.ufms.br\/es\/wp-json\/wp\/v2\/coauthors?post=333"}],"curies":[{"name":"wp","href":"https:\/\/api.w.org\/{rel}","templated":true}]}}