{"id":338,"date":"2018-04-09T16:45:44","date_gmt":"2018-04-09T20:45:44","guid":{"rendered":"https:\/\/ppgagronomiacpcs.ufms.br\/?page_id=338"},"modified":"2022-12-12T18:04:50","modified_gmt":"2022-12-12T22:04:50","slug":"calendario-academico","status":"publish","type":"page","link":"https:\/\/ppgagronomiacpcs.ufms.br\/es\/calendario-academico\/","title":{"rendered":"Calendario Acad\u00e9mico"},"content":{"rendered":"El calendario acad\u00e9mico para el a\u00f1o escolar de 2019 se puede consultar a continuaci\u00f3n:<\/p>\n<p><a href=\"https:\/\/prograd.ufms.br\/files\/2016\/02\/RESOLUCAO-COUN-n-105-de-20-09-2018.pdf\">RESOLUCI\u00d3N 105, 20 DE SEPTIEMBRE DE 2018<\/a>","protected":false},"excerpt":{"rendered":"<p>El calendario acad\u00e9mico para el a\u00f1o escolar de 2019 se puede consultar a continuaci\u00f3n: RESOLUCI\u00d3N 105, 20 DE SEPTIEMBRE DE 2018<\/p>\n","protected":false},"author":7399,"featured_media":0,"parent":0,"menu_order":0,"comment_status":"closed","ping_status":"closed","template":"","meta":{"footnotes":""},"coauthors":[],"class_list":["post-338","page","type-page","status-publish","hentry"],"_links":{"self":[{"href":"https:\/\/ppgagronomiacpcs.ufms.br\/es\/wp-json\/wp\/v2\/pages\/338","targetHints":{"allow":["GET"]}}],"collection":[{"href":"https:\/\/ppgagronomiacpcs.ufms.br\/es\/wp-json\/wp\/v2\/pages"}],"about":[{"href":"https:\/\/ppgagronomiacpcs.ufms.br\/es\/wp-json\/wp\/v2\/types\/page"}],"author":[{"embeddable":true,"href":"https:\/\/ppgagronomiacpcs.ufms.br\/es\/wp-json\/wp\/v2\/users\/7399"}],"replies":[{"embeddable":true,"href":"https:\/\/ppgagronomiacpcs.ufms.br\/es\/wp-json\/wp\/v2\/comments?post=338"}],"version-history":[{"count":16,"href":"https:\/\/ppgagronomiacpcs.ufms.br\/es\/wp-json\/wp\/v2\/pages\/338\/revisions"}],"predecessor-version":[{"id":2112,"href":"https:\/\/ppgagronomiacpcs.ufms.br\/es\/wp-json\/wp\/v2\/pages\/338\/revisions\/2112"}],"wp:attachment":[{"href":"https:\/\/ppgagronomiacpcs.ufms.br\/es\/wp-json\/wp\/v2\/media?parent=338"}],"wp:term":[{"taxonomy":"author","embeddable":true,"href":"https:\/\/ppgagronomiacpcs.ufms.br\/es\/wp-json\/wp\/v2\/coauthors?post=338"}],"curies":[{"name":"wp","href":"https:\/\/api.w.org\/{rel}","templated":true}]}}