{"id":352,"date":"2018-04-09T17:26:10","date_gmt":"2018-04-09T21:26:10","guid":{"rendered":"https:\/\/ppgagronomiacpcs.ufms.br\/?page_id=352"},"modified":"2019-07-17T09:21:29","modified_gmt":"2019-07-17T13:21:29","slug":"links-utes","status":"publish","type":"page","link":"https:\/\/ppgagronomiacpcs.ufms.br\/es\/links-utes\/","title":{"rendered":"Links \u00fatiles"},"content":{"rendered":"<ul>\n<li><a href=\"https:\/\/www.ufms.br\/\">UFMS<\/a>;<\/li>\n<li><a href=\"https:\/\/cpcs.ufms.br\/\">UFMS-CPCS<\/a><\/li>\n<li><a href=\"http:\/\/fundect.ledes.net\/\">FUNDECT<\/a>;<\/li>\n<li><a href=\"http:\/\/www.capes.gov.br\/\">CAPES<\/a>:<\/li>\n<li><a href=\"http:\/\/www-periodicos-capes-gov-br.ez51.periodicos.capes.gov.br\/index.php?option=com_phome&amp;Itemid=68&amp;\">Peri\u00f3dicos Capes<\/a>;<\/li>\n<li><a href=\"http:\/\/cnpq.br\/\">CNPq<\/a>;<\/li>\n<li><a href=\"http:\/\/lattes.cnpq.br\/\">Lattes<\/a>;<\/li>\n<li><a href=\"https:\/\/www.embrapa.br\/\">EMBRAPA<\/a>;<\/li>\n<li><a href=\"https:\/\/scholar.google.com.br\/\">Google Scholar<\/a>;<\/li>\n<li><a href=\"https:\/\/sucupira.capes.gov.br\/sucupira\/public\/consultas\/coleta\/veiculoPublicacaoQualis\/listaConsultaGeralPeriodicos.jsf\">Web Qualis<\/a><\/li>\n<li><a href=\"https:\/\/biblioteca.ufms.br\/\">Biblioteca Central<\/a><\/li>\n<li><a href=\"https:\/\/cpcs.ufms.br\/biblioteca-2\/\">Biblioteca Chapad\u00e3o do Sul<\/a><\/li>\n<li><a href=\"http:\/\/bdtd.ibict.br\/vufind\/\">Teses Disserta\u00e7\u00f5es: Biblioteca Digital Brasileira<\/a><\/li>\n<li><a href=\"http:\/\/repositorio.cbc.ufms.br:8080\/jspui\/handle\/123456789\/3061\/browse?type=dateissued&amp;sort_by=2&amp;order=ASC&amp;rpp=20&amp;etal=-1&amp;null=&amp;offset=0\">Teses e Disserta\u00e7\u00f5es: Mestrado em Agronomia<\/a><\/li>\n<li><a href=\"https:\/\/webmail.ufms.br\/\">Webmail UFMS<\/a><\/li>\n<li><a href=\"https:\/\/sigpos.ufms.br\/?redirect=%2Fofertas%2Fview%2F25997%2Findex\">SIGPOS<\/a><\/li>\n<\/ul>","protected":false},"excerpt":{"rendered":"<p>UFMS; UFMS-CPCS FUNDECT; CAPES: Peri\u00f3dicos Capes; CNPq; Lattes; EMBRAPA; Google Scholar; Web Qualis Biblioteca Central Biblioteca Chapad\u00e3o do Sul Teses Disserta\u00e7\u00f5es: Biblioteca Digital Brasileira Teses e Disserta\u00e7\u00f5es: Mestrado em Agronomia Webmail UFMS SIGPOS<\/p>\n","protected":false},"author":7399,"featured_media":0,"parent":0,"menu_order":0,"comment_status":"closed","ping_status":"closed","template":"","meta":{"footnotes":""},"coauthors":[],"class_list":["post-352","page","type-page","status-publish","hentry"],"_links":{"self":[{"href":"https:\/\/ppgagronomiacpcs.ufms.br\/es\/wp-json\/wp\/v2\/pages\/352","targetHints":{"allow":["GET"]}}],"collection":[{"href":"https:\/\/ppgagronomiacpcs.ufms.br\/es\/wp-json\/wp\/v2\/pages"}],"about":[{"href":"https:\/\/ppgagronomiacpcs.ufms.br\/es\/wp-json\/wp\/v2\/types\/page"}],"author":[{"embeddable":true,"href":"https:\/\/ppgagronomiacpcs.ufms.br\/es\/wp-json\/wp\/v2\/users\/7399"}],"replies":[{"embeddable":true,"href":"https:\/\/ppgagronomiacpcs.ufms.br\/es\/wp-json\/wp\/v2\/comments?post=352"}],"version-history":[{"count":7,"href":"https:\/\/ppgagronomiacpcs.ufms.br\/es\/wp-json\/wp\/v2\/pages\/352\/revisions"}],"predecessor-version":[{"id":914,"href":"https:\/\/ppgagronomiacpcs.ufms.br\/es\/wp-json\/wp\/v2\/pages\/352\/revisions\/914"}],"wp:attachment":[{"href":"https:\/\/ppgagronomiacpcs.ufms.br\/es\/wp-json\/wp\/v2\/media?parent=352"}],"wp:term":[{"taxonomy":"author","embeddable":true,"href":"https:\/\/ppgagronomiacpcs.ufms.br\/es\/wp-json\/wp\/v2\/coauthors?post=352"}],"curies":[{"name":"wp","href":"https:\/\/api.w.org\/{rel}","templated":true}]}}