{"id":47,"date":"2017-06-28T13:31:56","date_gmt":"2017-06-28T17:31:56","guid":{"rendered":"http:\/\/ppgbioanimal.draconis.ufms.br\/?page_id=47"},"modified":"2025-03-14T20:26:15","modified_gmt":"2025-03-15T00:26:15","slug":"historia","status":"publish","type":"page","link":"https:\/\/ppgagronomiacpcs.ufms.br\/es\/historia\/","title":{"rendered":"Historia del Programa"},"content":{"rendered":"<p style=\"text-align: justify\">La Universidad Federal de Mato Grosso do Sul (UFMS) tuvo su origen en 1962 con la creaci\u00f3n de la Facultad de Farmacia y Odontolog\u00eda de Campo Grande, en la ciudad de Campo Grande, que ser\u00eda el origen de la ense\u00f1anza superior p\u00fablica en el Sur del entonces Estado de Mato Grosso do Sul. En el marco del programa de Reestructuraci\u00f3n y Expansi\u00f3n de las Universidades Federales (REUNI), la instituci\u00f3n pas\u00f3 a contar con el Campus de Chapad\u00e3o do Sul (CPCS), ubicado en el estado de Mato Grosso do Sul, en el municipio de Chapad\u00e3o do Sul. El CPCS posee en su cuadro permanente, profesionales que contribuyen a la excelencia pedag\u00f3gica y cient\u00edfica, con alcance nacional e internacional.<\/p>\n<p style=\"text-align: justify\">La creaci\u00f3n del Programa de Postgrado en Agronom\u00eda, en el \u00c1rea de Concentraci\u00f3n en Producci\u00f3n Vegetal, ocurri\u00f3 por iniciativa de un grupo de profesores, en la gran mayor\u00eda reci\u00e9n doctores y reci\u00e9n contratados por la instituci\u00f3n. Esta discusi\u00f3n fue motivada por el hecho de que estos profesionales vinieron de grandes centros de formaci\u00f3n de recursos humanos, de varias instituciones del \u00e1rea de Ciencias Agrarias y el deseo de insertarse en el sistema de formaci\u00f3n de recursos humanos y desarrollo cient\u00edfico y tecnol\u00f3gico de la regi\u00f3n. El Curso de Maestr\u00eda inici\u00f3 sus actividades en 2012, orientado al fomento de culturas establecidas en el Cerrado sur de Mato Grosso, adem\u00e1s de aquellas que presentan potencial para establecerse en la regi\u00f3n.<\/p>\n<p style=\"text-align: justify\">La Regi\u00f3n Centro-Oeste de Brasil, donde se encuentra la mayor parte del Bioma Cerrado, ha pasado en los \u00faltimos 30 a\u00f1os, por grandes modificaciones econ\u00f3micas y sociales que propiciaron mejoras en el transporte e infraestructura, favoreciendo el desarrollo e implantaci\u00f3n de tecnolog\u00edas en las diferentes \u00e1reas del conocimiento, especialmente de las Ciencias Agrarias. A pesar del conocimiento generado en ese per\u00edodo, todav\u00eda hay carencia de informaciones sobre las alternativas de producci\u00f3n y diversificaci\u00f3n de cultivos que viabilicen la conservaci\u00f3n de la biodiversidad y promuevan el desarrollo econ\u00f3mico regional y nacional de forma sostenible. La regi\u00f3n tiene vocaci\u00f3n natural para el agronegocio, con destaque en la explotaci\u00f3n de grandes culturas (algod\u00f3n, ca\u00f1a de az\u00facar, ma\u00edz y soja).<\/p>\n<p style=\"text-align: justify\">El municipio de Chapad\u00e3o do Sul tiene su econom\u00eda influenciada por la agricultura empresarial, en grandes \u00e1reas y altamente tecnificada, destac\u00e1ndose como uno de los principales municipios productores de granos del Estado de Mato Grosso do Sul y del pa\u00eds. Utiliza de forma intensiva el suelo, siendo gran parte del \u00e1rea agr\u00edcola cultivada con soja en el verano (primera cosecha), y ma\u00edz y algod\u00f3n en la segunda cosecha. Por el hecho de haber elevada exigencia productiva es posible constatar que la regi\u00f3n enfrenta problemas ligados al uso intensivo de m\u00e1quinas, insumos agr\u00edcolas y recursos naturales, como suelo y agua, lo que ha generado pasivos que pueden comprometer la sostenibilidad de la producci\u00f3n agr\u00edcola en esta regi\u00f3n. Muchos de estos problemas son tambi\u00e9n comunes a otras regiones productoras del pa\u00eds, demandando la formaci\u00f3n de profesionales cada vez m\u00e1s capacitados y diferenciados en el \u00e1rea de producci\u00f3n vegetal.<\/p>\n<p style=\"text-align: justify\">Las actividades en Ciencias Agrarias requieren investigaciones continuas debido a los nuevos desaf\u00edos como amenazas de plagas y enfermedades secundarias, manejo y uso inadecuado del suelo, de cultivares y de pastoreo, as\u00ed como recuperaci\u00f3n de \u00e1reas degradadas, y m\u00e1s recientemente la implantaci\u00f3n de plantas de producci\u00f3n de az\u00facar y alcohol, lo que ha demandado nuevas tecnolog\u00edas apropiadas para la regi\u00f3n. As\u00ed, ante las diversas lagunas t\u00e9cnico-cient\u00edficas de la regi\u00f3n, ha surgido necesidad de investigaciones dirigidas y regionalizadas.<\/p>\n<p style=\"text-align: justify\">El curso de Maestr\u00eda en Agronom\u00eda (Producci\u00f3n Vegetal) re\u00fane dos l\u00edneas de investigaci\u00f3n: sistema de producci\u00f3n agr\u00edcola y manejo de suelos, caracteriz\u00e1ndolo como un programa multidisciplinario, el cual favorece ampliamente el \u00e1rea de Ciencias Agrarias, pues la formaci\u00f3n acad\u00e9mica diferenciada y, las investigaciones desarrolladas en nuestro programa han subsidiado mejoras en diversas sub-\u00e1reas de la Agronom\u00eda, como mecanizaci\u00f3n, irrigaci\u00f3n, manejo del suelo, fisiolog\u00eda vegetal, mejoramiento de plantas, fitopatolog\u00eda, entomolog\u00eda, plantas da\u00f1inas y tecnolog\u00eda de semillas.<\/p>\n<p style=\"text-align: justify\">El Programa de Postgrado en Agronom\u00eda, Curso de Maestr\u00eda, est\u00e1 regulado por las siguientes resoluciones y decretos:<\/p>\n<p style=\"text-align: justify\">&#8211; Resoluciones: 50\/2010-Copp, 30\/2010-CD, 40\/2010-Coun Parecer: CES\/CNE 409\/2011 Parecer Publicado en DOU 227 \u2013 Fecha del Parecer 28\/11\/2011;<\/p>\n<p style=\"text-align: justify\">&#8211; Portar\u00edas: 869\/2012 Portar\u00eda Publicada en DOU 129 \u2013 Fecha de la Portar\u00eda 05\/07\/2012 Recomendaci\u00f3n: OF\u00cdCIO N\u00ba 60-5\/2011\/CTC\/CAAI\/CGAA\/DAV\/CAPES \u2013 Concepto 3 (Curso nuevo 2012).<\/p>","protected":false},"excerpt":{"rendered":"<p>La Universidad Federal de Mato Grosso do Sul (UFMS) tuvo su origen en 1962 con la creaci\u00f3n de la Facultad de Farmacia y Odontolog\u00eda de Campo Grande, en la ciudad de Campo Grande, que ser\u00eda el origen de la ense\u00f1anza superior p\u00fablica en el Sur del entonces Estado de Mato Grosso do Sul. En el [&hellip;]<\/p>\n","protected":false},"author":2550,"featured_media":0,"parent":0,"menu_order":0,"comment_status":"closed","ping_status":"closed","template":"","meta":{"footnotes":""},"coauthors":[],"class_list":["post-47","page","type-page","status-publish","hentry"],"_links":{"self":[{"href":"https:\/\/ppgagronomiacpcs.ufms.br\/es\/wp-json\/wp\/v2\/pages\/47","targetHints":{"allow":["GET"]}}],"collection":[{"href":"https:\/\/ppgagronomiacpcs.ufms.br\/es\/wp-json\/wp\/v2\/pages"}],"about":[{"href":"https:\/\/ppgagronomiacpcs.ufms.br\/es\/wp-json\/wp\/v2\/types\/page"}],"author":[{"embeddable":true,"href":"https:\/\/ppgagronomiacpcs.ufms.br\/es\/wp-json\/wp\/v2\/users\/2550"}],"replies":[{"embeddable":true,"href":"https:\/\/ppgagronomiacpcs.ufms.br\/es\/wp-json\/wp\/v2\/comments?post=47"}],"version-history":[{"count":12,"href":"https:\/\/ppgagronomiacpcs.ufms.br\/es\/wp-json\/wp\/v2\/pages\/47\/revisions"}],"predecessor-version":[{"id":2517,"href":"https:\/\/ppgagronomiacpcs.ufms.br\/es\/wp-json\/wp\/v2\/pages\/47\/revisions\/2517"}],"wp:attachment":[{"href":"https:\/\/ppgagronomiacpcs.ufms.br\/es\/wp-json\/wp\/v2\/media?parent=47"}],"wp:term":[{"taxonomy":"author","embeddable":true,"href":"https:\/\/ppgagronomiacpcs.ufms.br\/es\/wp-json\/wp\/v2\/coauthors?post=47"}],"curies":[{"name":"wp","href":"https:\/\/api.w.org\/{rel}","templated":true}]}}