{"id":5,"date":"2017-06-30T16:47:27","date_gmt":"2017-06-30T19:47:27","guid":{"rendered":"http:\/\/ppgagronomiacpcs.draconis.ufms.br\/acessibilidade\/"},"modified":"2019-08-06T09:55:38","modified_gmt":"2019-08-06T13:55:38","slug":"acessibilidade","status":"publish","type":"page","link":"https:\/\/ppgagronomiacpcs.ufms.br\/es\/acessibilidade\/","title":{"rendered":"Accesibilidad"},"content":{"rendered":"Agronom\u00eda &#8211; CPCS sigue un nuevo modelo de identidad digital est\u00e1ndar del gobierno federal, que atiende a las principales recomendaciones de accesibilidad indicadas para web<\/p>\n<p>El t\u00e9rmino accesibilidad significa incluir a la persona con discapacidad en la participaci\u00f3n de actividades como el uso de productos, servicios e informaciones. Algunos ejemplos son los edificios con rampas de acceso para silla de ruedas y ba\u00f1os adaptados para minusv\u00e1lidos.<\/p>\n<p>En Internet, la accesibilidad se refiere principalmente a las recomendaciones del WCAG (World Content Accessibility Guide) del W3C y en el caso del Gobierno Brasile\u00f1o al e-MAG (Modelo de Accesibilidad en Gobierno Electr\u00f3nico). El e-MAG est\u00e1 en correspondencia con las recomendaciones internacionales, pero establece est\u00e1ndares de comportamiento accesibles para sitios gubernamentales.<\/p>\n<p>En la parte superior del Portal Brasil existe una barra de accesibilidad donde se encuentran caminos de navegaci\u00f3n estandarizados y la opci\u00f3n para cambiar el contraste. Estas herramientas est\u00e1n disponibles en todas las p\u00e1ginas del portal.<\/p>\n<p>Los patrones de atajos del gobierno federal son:<\/p>\n<p>Al pulsar Alt + 1 en cualquier p\u00e1gina del portal, se llega directamente al comienzo del contenido principal de la p\u00e1gina.<\/p>\n<p>Al pulsar Alt + 2 en cualquier p\u00e1gina del portal, se llega directamente al inicio del men\u00fa principal.<\/p>\n<p>Al pulsar Alt + 3 en cualquier p\u00e1gina del portal, se llega directamente a su b\u00fasqueda interna.<\/p>\n<p>En el caso de Firefox, en lugar de Alt + n\u00famero, pulse simult\u00e1neamente Alt + Shift + n\u00famero.<\/p>\n<p>Siendo Firefox en Mac OS, en lugar de Alt + Shift + n\u00famero, pulse simult\u00e1neamente Ctrl + Alt + n\u00famero.<\/p>\n<p>En Opera, las teclas son May\u00fas + Escape + n\u00famero. Al pulsar Shift + Escape, el usuario encontrar\u00e1 una ventana con todas las alternativas de ACCESSKEY de la p\u00e1gina.<\/p>\n<p>Al final de este texto, usted puede descargar algunos archivos que explican mejor el t\u00e9rmino accesibilidad y c\u00f3mo debe ser implementado en los sitios de Internet.<\/p>\n<p>Leyes y decretos sobre accesibilidad:<\/p>\n<p>&#8211; Decreto n\u00ba 5.296 de 02 de diciembre de 2004 (http:\/\/www.planalto.gov.br\/ccivil_03\/_Ato2004-2006\/2004\/Decreto\/D5296.htm).<\/p>\n<p>&#8211; Decreto n\u00ba 6.949, de 25 de agosto de 2009 &#8211; Promulga la Convenci\u00f3n Internacional sobre los Derechos de las Personas con discapacidad y su Protocolo Facultativo, firmados en Nueva York, el 30 de marzo de 2007 (http:\/\/www.planalto.gov.br \/ccivil_03\/_ato2007-2010\/2009\/decreto\/d6949.htm).<\/p>\n<p>De acuerdo con lo establecido en la Ley Org\u00e1nica del Poder Legislativo, en el marco de la Ley Org\u00e1nica 15\/1999).<\/p>\n<p>Modelo de Accesibilidad de Gobierno Electr\u00f3nico (http:\/\/www.governoeletronico.gov.br\/acoes-e-projetos\/e-MAG).<\/p>\n<p>Ordenanza No. 03 de 7 de mayo de 2007 &#8211; formato pdf (35,5Kb) &#8211; Establece Modelo Accesibilidad en Gobierno Electr\u00f3nico &#8211; e-MAG (<a href=\"http:\/\/www.governoeletronico.gov.br\/biblioteca\/arquivos\/portaria%20-in-03-de-07-05-2007\">http:\/\/www.governoeletronico.gov.br\/biblioteca\/arquivos\/portaria -in-03-de-07-05-2007<\/a>","protected":false},"excerpt":{"rendered":"<p>Agronom\u00eda &#8211; CPCS sigue un nuevo modelo de identidad digital est\u00e1ndar del gobierno federal, que atiende a las principales recomendaciones de accesibilidad indicadas para web El t\u00e9rmino accesibilidad significa incluir a la persona con discapacidad en la participaci\u00f3n de actividades como el uso de productos, servicios e informaciones. Algunos ejemplos son los edificios con rampas [&hellip;]<\/p>\n","protected":false},"author":1,"featured_media":0,"parent":0,"menu_order":0,"comment_status":"closed","ping_status":"closed","template":"","meta":{"footnotes":""},"coauthors":[],"class_list":["post-5","page","type-page","status-publish","hentry"],"_links":{"self":[{"href":"https:\/\/ppgagronomiacpcs.ufms.br\/es\/wp-json\/wp\/v2\/pages\/5","targetHints":{"allow":["GET"]}}],"collection":[{"href":"https:\/\/ppgagronomiacpcs.ufms.br\/es\/wp-json\/wp\/v2\/pages"}],"about":[{"href":"https:\/\/ppgagronomiacpcs.ufms.br\/es\/wp-json\/wp\/v2\/types\/page"}],"author":[{"embeddable":true,"href":"https:\/\/ppgagronomiacpcs.ufms.br\/es\/wp-json\/wp\/v2\/users\/1"}],"replies":[{"embeddable":true,"href":"https:\/\/ppgagronomiacpcs.ufms.br\/es\/wp-json\/wp\/v2\/comments?post=5"}],"version-history":[{"count":6,"href":"https:\/\/ppgagronomiacpcs.ufms.br\/es\/wp-json\/wp\/v2\/pages\/5\/revisions"}],"predecessor-version":[{"id":946,"href":"https:\/\/ppgagronomiacpcs.ufms.br\/es\/wp-json\/wp\/v2\/pages\/5\/revisions\/946"}],"wp:attachment":[{"href":"https:\/\/ppgagronomiacpcs.ufms.br\/es\/wp-json\/wp\/v2\/media?parent=5"}],"wp:term":[{"taxonomy":"author","embeddable":true,"href":"https:\/\/ppgagronomiacpcs.ufms.br\/es\/wp-json\/wp\/v2\/coauthors?post=5"}],"curies":[{"name":"wp","href":"https:\/\/api.w.org\/{rel}","templated":true}]}}