{"id":53,"date":"2017-06-28T13:33:16","date_gmt":"2017-06-28T17:33:16","guid":{"rendered":"http:\/\/ppgbioanimal.draconis.ufms.br\/?page_id=53"},"modified":"2025-07-02T09:36:41","modified_gmt":"2025-07-02T13:36:41","slug":"coordenacao","status":"publish","type":"page","link":"https:\/\/ppgagronomiacpcs.ufms.br\/es\/coordenacao\/","title":{"rendered":"Coordenaci\u00f3n"},"content":{"rendered":"<strong>COORDENACI\u00d2N DEL CURSO<\/strong><\/p>\n<ul>\n<li>Coordinadora: <a href=\"http:\/\/buscatextual.cnpq.br\/buscatextual\/visualizacv.do?id=K4327074U8\">Paulo Eduardo Teodoro<\/a><\/li>\n<li>E-mail: paulo.teodoro@ufms.br<\/li>\n<li>Tel\u00e9fono (67) 3562-6340<\/li>\n<\/ul>\n<p><strong>SECRETARIA DO CURSO<\/strong><\/p>\n<ul>\n<li>Secretario: Sinomar Moreira Andrade<\/li>\n<li>E-mail: ppga.cpcs@ufms.br<\/li>\n<li>Tel\u00e9fono: (67) 3562-6351<\/li>\n<li>Direcci\u00f3n: Rodovia MS 306, km 105 Caixa Postal 112 \u2013 79560-000, Chapad\u00e3o do Sul, Mato Grosso do Sul<\/li>\n<\/ul>","protected":false},"excerpt":{"rendered":"<p>COORDENACI\u00d2N DEL CURSO Coordinadora: Paulo Eduardo Teodoro E-mail: paulo.teodoro@ufms.br Tel\u00e9fono (67) 3562-6340 SECRETARIA DO CURSO Secretario: Sinomar Moreira Andrade E-mail: ppga.cpcs@ufms.br Tel\u00e9fono: (67) 3562-6351 Direcci\u00f3n: Rodovia MS 306, km 105 Caixa Postal 112 \u2013 79560-000, Chapad\u00e3o do Sul, Mato Grosso do Sul<\/p>\n","protected":false},"author":2550,"featured_media":0,"parent":0,"menu_order":0,"comment_status":"closed","ping_status":"closed","template":"","meta":{"footnotes":""},"coauthors":[7],"class_list":["post-53","page","type-page","status-publish","hentry"],"_links":{"self":[{"href":"https:\/\/ppgagronomiacpcs.ufms.br\/es\/wp-json\/wp\/v2\/pages\/53","targetHints":{"allow":["GET"]}}],"collection":[{"href":"https:\/\/ppgagronomiacpcs.ufms.br\/es\/wp-json\/wp\/v2\/pages"}],"about":[{"href":"https:\/\/ppgagronomiacpcs.ufms.br\/es\/wp-json\/wp\/v2\/types\/page"}],"author":[{"embeddable":true,"href":"https:\/\/ppgagronomiacpcs.ufms.br\/es\/wp-json\/wp\/v2\/users\/2550"}],"replies":[{"embeddable":true,"href":"https:\/\/ppgagronomiacpcs.ufms.br\/es\/wp-json\/wp\/v2\/comments?post=53"}],"version-history":[{"count":15,"href":"https:\/\/ppgagronomiacpcs.ufms.br\/es\/wp-json\/wp\/v2\/pages\/53\/revisions"}],"predecessor-version":[{"id":2786,"href":"https:\/\/ppgagronomiacpcs.ufms.br\/es\/wp-json\/wp\/v2\/pages\/53\/revisions\/2786"}],"wp:attachment":[{"href":"https:\/\/ppgagronomiacpcs.ufms.br\/es\/wp-json\/wp\/v2\/media?parent=53"}],"wp:term":[{"taxonomy":"author","embeddable":true,"href":"https:\/\/ppgagronomiacpcs.ufms.br\/es\/wp-json\/wp\/v2\/coauthors?post=53"}],"curies":[{"name":"wp","href":"https:\/\/api.w.org\/{rel}","templated":true}]}}